{"id":99,"date":"2016-11-29T18:53:37","date_gmt":"2016-11-29T17:53:37","guid":{"rendered":"http:\/\/www.lesnapolanaslawno.pl\/?page_id=99"},"modified":"2016-12-08T13:29:05","modified_gmt":"2016-12-08T12:29:05","slug":"rok-2013","status":"publish","type":"page","link":"http:\/\/www.lesnapolanaslawno.pl\/index.php\/galeria\/rok-2013\/","title":{"rendered":"Rok 2013"},"content":{"rendered":"<p>&gt;<span style=\"text-decoration: underline;\"><a href=\"https:\/\/goo.gl\/photos\/M6hux1yU3aWb2mE4A\" target=\"_blank\"> Polowanie zbiorowe 28-29 grudnia &#8211; obw\u00f3d 19s<\/a><\/span><\/p>\n<p>&gt; <span style=\"text-decoration: underline;\"><a href=\"https:\/\/goo.gl\/photos\/iUhLNbMwy5jgC4TD8\" target=\"_blank\">Polowanie wigilijne 2013<\/a><\/span><\/p>\n<p>&gt; <a href=\"https:\/\/goo.gl\/photos\/VPnFrDJF3yX4Msor7\" target=\"_blank\"><span style=\"text-decoration: underline;\">Polowanie zbiorowe 24 listopada<\/span><\/a><\/p>\n<p>&gt; <a href=\"https:\/\/goo.gl\/photos\/mmajZUZ47Laip4V67\" target=\"_blank\"><span style=\"text-decoration: underline;\">\u0141owisko Si\u0144czyca w obiektywie Zenona Uha<\/span><\/a><\/p>\n<p>&gt; <a href=\"https:\/\/goo.gl\/photos\/JfhHaz8bEGNhWcJk6\" target=\"_blank\"><span style=\"text-decoration: underline;\">Hubertus 2013<\/span><\/a><\/p>\n<p>&gt; <a href=\"https:\/\/goo.gl\/photos\/Xjw4k6nce9ErDRNS8\" target=\"_blank\"><span style=\"text-decoration: underline;\">Polowanie w \u0142owiskach obwodu 19s<\/span><\/a><\/p>\n<p>&gt; <a href=\"https:\/\/goo.gl\/photos\/NuDtJkGrbMehP8Jj7\" target=\"_blank\"><span style=\"text-decoration: underline;\">Wmurowanie Aktu Erekcyjnego &#8211; 23 sierpnia<\/span><\/a><\/p>\n<p>&gt; <a href=\"https:\/\/goo.gl\/photos\/BLoLCdi3gzBgPLbU7\" target=\"_blank\"><span style=\"text-decoration: underline;\">Okiem Roberta Ko\u0142odzieja<\/span><\/a><\/p>\n<p>&gt; <a href=\"https:\/\/goo.gl\/photos\/dn2kuo3yswT8utJB8\" target=\"_blank\"><span style=\"text-decoration: underline;\">Walne Zgromadzenie Cz\u0142onk\u00f3w Ko\u0142a &#8211; 2 czerwca<\/span><\/a><\/p>\n<p>&gt; <a href=\"https:\/\/goo.gl\/photos\/sk7YxphuW4LQWzfw5\" target=\"_blank\"><span style=\"text-decoration: underline;\">Przystrzelanie broni na strzelnicy w Miastku<\/span><\/a><\/p>\n<p>&gt; <a href=\"https:\/\/goo.gl\/photos\/yVZEBkEEXko76GZd8\" target=\"_blank\"><span style=\"text-decoration: underline;\">Mi\u0119dzynarodowy Dzie\u0144 Dokarmiania Zwierz\u0105t<\/span><\/a><\/p>\n<p>&gt; <a href=\"https:\/\/goo.gl\/photos\/a2KvfgtJ2HsAQ2aU6\" target=\"_blank\"><span style=\"text-decoration: underline;\">Bal my\u015bliwski<\/span><\/a><\/p>\n","protected":false},"excerpt":{"rendered":"<p>&gt; Polowanie zbiorowe 28-29 grudnia &#8211; obw\u00f3d 19s &gt; Polowanie wigilijne 2013 &gt; Polowanie zbiorowe 24 listopada &gt; \u0141owisko Si\u0144czyca w obiektywie Zenona Uha &gt; Hubertus 2013 &gt; Polowanie w \u0142owiskach obwodu 19s &gt; Wmurowanie Aktu Erekcyjnego &#8211; 23 sierpnia &gt; Okiem Roberta Ko\u0142odzieja &gt; Walne Zgromadzenie Cz\u0142onk\u00f3w Ko\u0142a &#8211; 2 czerwca &gt; Przystrzelanie broni [&hellip;]<\/p>\n","protected":false},"author":1,"featured_media":0,"parent":28,"menu_order":0,"comment_status":"closed","ping_status":"closed","template":"","meta":[],"yoast_head":"<!-- This site is optimized with the Yoast SEO plugin v17.1 - https:\/\/yoast.com\/wordpress\/plugins\/seo\/ -->\n<title>Rok 2013 - Ko\u0142o \u0141owieckie &quot;Le\u015bna Polana w S\u0142awnie&quot;<\/title>\n<meta name=\"robots\" content=\"index, follow, max-snippet:-1, max-image-preview:large, max-video-preview:-1\" \/>\n<link rel=\"canonical\" href=\"http:\/\/www.lesnapolanaslawno.pl\/index.php\/galeria\/rok-2013\/\" \/>\n<meta property=\"og:locale\" content=\"pl_PL\" \/>\n<meta property=\"og:type\" content=\"article\" \/>\n<meta property=\"og:title\" content=\"Rok 2013 - Ko\u0142o \u0141owieckie &quot;Le\u015bna Polana w S\u0142awnie&quot;\" \/>\n<meta property=\"og:description\" content=\"&gt; Polowanie zbiorowe 28-29 grudnia &#8211; obw\u00f3d 19s &gt; Polowanie wigilijne 2013 &gt; Polowanie zbiorowe 24 listopada &gt; \u0141owisko Si\u0144czyca w obiektywie Zenona Uha &gt; Hubertus 2013 &gt; Polowanie w \u0142owiskach obwodu 19s &gt; Wmurowanie Aktu Erekcyjnego &#8211; 23 sierpnia &gt; Okiem Roberta Ko\u0142odzieja &gt; Walne Zgromadzenie Cz\u0142onk\u00f3w Ko\u0142a &#8211; 2 czerwca &gt; Przystrzelanie broni [&hellip;]\" \/>\n<meta property=\"og:url\" content=\"http:\/\/www.lesnapolanaslawno.pl\/index.php\/galeria\/rok-2013\/\" \/>\n<meta property=\"og:site_name\" content=\"Ko\u0142o \u0141owieckie &quot;Le\u015bna Polana w S\u0142awnie&quot;\" \/>\n<meta property=\"article:modified_time\" content=\"2016-12-08T12:29:05+00:00\" \/>\n<meta property=\"og:image\" content=\"http:\/\/www.lesnapolanaslawno.pl\/wp-content\/uploads\/2016\/11\/cropped-18_3-krzy\u017c-\u015bw.-Huberta.jpg\" \/>\n\t<meta property=\"og:image:width\" content=\"512\" \/>\n\t<meta property=\"og:image:height\" content=\"512\" \/>\n<meta name=\"twitter:card\" content=\"summary\" \/>\n<script type=\"application\/ld+json\" class=\"yoast-schema-graph\">{\"@context\":\"https:\/\/schema.org\",\"@graph\":[{\"@type\":\"WebSite\",\"@id\":\"https:\/\/www.lesnapolanaslawno.pl\/#website\",\"url\":\"https:\/\/www.lesnapolanaslawno.pl\/\",\"name\":\"Ko\\u0142o \\u0141owieckie &quot;Le\\u015bna Polana w S\\u0142awnie&quot;\",\"description\":\"Przybli\\u017camy tematyk\\u0119 \\u0142owieck\\u0105, informujemy cz\\u0142onk\\u00f3w ko\\u0142a o bie\\u017c\\u0105cych wydarzeniach.\",\"potentialAction\":[{\"@type\":\"SearchAction\",\"target\":{\"@type\":\"EntryPoint\",\"urlTemplate\":\"https:\/\/www.lesnapolanaslawno.pl\/?s={search_term_string}\"},\"query-input\":\"required name=search_term_string\"}],\"inLanguage\":\"pl-PL\"},{\"@type\":\"WebPage\",\"@id\":\"http:\/\/www.lesnapolanaslawno.pl\/index.php\/galeria\/rok-2013\/#webpage\",\"url\":\"http:\/\/www.lesnapolanaslawno.pl\/index.php\/galeria\/rok-2013\/\",\"name\":\"Rok 2013 - Ko\\u0142o \\u0141owieckie &quot;Le\\u015bna Polana w S\\u0142awnie&quot;\",\"isPartOf\":{\"@id\":\"https:\/\/www.lesnapolanaslawno.pl\/#website\"},\"datePublished\":\"2016-11-29T17:53:37+00:00\",\"dateModified\":\"2016-12-08T12:29:05+00:00\",\"breadcrumb\":{\"@id\":\"http:\/\/www.lesnapolanaslawno.pl\/index.php\/galeria\/rok-2013\/#breadcrumb\"},\"inLanguage\":\"pl-PL\",\"potentialAction\":[{\"@type\":\"ReadAction\",\"target\":[\"http:\/\/www.lesnapolanaslawno.pl\/index.php\/galeria\/rok-2013\/\"]}]},{\"@type\":\"BreadcrumbList\",\"@id\":\"http:\/\/www.lesnapolanaslawno.pl\/index.php\/galeria\/rok-2013\/#breadcrumb\",\"itemListElement\":[{\"@type\":\"ListItem\",\"position\":1,\"name\":\"Strona g\\u0142\\u00f3wna\",\"item\":\"https:\/\/www.lesnapolanaslawno.pl\/\"},{\"@type\":\"ListItem\",\"position\":2,\"name\":\"Galeria\",\"item\":\"https:\/\/www.lesnapolanaslawno.pl\/index.php\/galeria\/\"},{\"@type\":\"ListItem\",\"position\":3,\"name\":\"Rok 2013\"}]}]}<\/script>\n<!-- \/ Yoast SEO plugin. -->","yoast_head_json":{"title":"Rok 2013 - Ko\u0142o \u0141owieckie &quot;Le\u015bna Polana w S\u0142awnie&quot;","robots":{"index":"index","follow":"follow","max-snippet":"max-snippet:-1","max-image-preview":"max-image-preview:large","max-video-preview":"max-video-preview:-1"},"canonical":"http:\/\/www.lesnapolanaslawno.pl\/index.php\/galeria\/rok-2013\/","og_locale":"pl_PL","og_type":"article","og_title":"Rok 2013 - Ko\u0142o \u0141owieckie &quot;Le\u015bna Polana w S\u0142awnie&quot;","og_description":"&gt; Polowanie zbiorowe 28-29 grudnia &#8211; obw\u00f3d 19s &gt; Polowanie wigilijne 2013 &gt; Polowanie zbiorowe 24 listopada &gt; \u0141owisko Si\u0144czyca w obiektywie Zenona Uha &gt; Hubertus 2013 &gt; Polowanie w \u0142owiskach obwodu 19s &gt; Wmurowanie Aktu Erekcyjnego &#8211; 23 sierpnia &gt; Okiem Roberta Ko\u0142odzieja &gt; Walne Zgromadzenie Cz\u0142onk\u00f3w Ko\u0142a &#8211; 2 czerwca &gt; Przystrzelanie broni [&hellip;]","og_url":"http:\/\/www.lesnapolanaslawno.pl\/index.php\/galeria\/rok-2013\/","og_site_name":"Ko\u0142o \u0141owieckie &quot;Le\u015bna Polana w S\u0142awnie&quot;","article_modified_time":"2016-12-08T12:29:05+00:00","og_image":[{"width":512,"height":512,"url":"http:\/\/www.lesnapolanaslawno.pl\/wp-content\/uploads\/2016\/11\/cropped-18_3-krzy\u017c-\u015bw.-Huberta.jpg","path":"\/home\/lesnapolkj\/www\/wp-content\/uploads\/2016\/11\/cropped-18_3-krzy\u017c-\u015bw.-Huberta.jpg","size":"full","id":13,"alt":"","pixels":262144,"type":"image\/jpeg"}],"twitter_card":"summary","schema":{"@context":"https:\/\/schema.org","@graph":[{"@type":"WebSite","@id":"https:\/\/www.lesnapolanaslawno.pl\/#website","url":"https:\/\/www.lesnapolanaslawno.pl\/","name":"Ko\u0142o \u0141owieckie &quot;Le\u015bna Polana w S\u0142awnie&quot;","description":"Przybli\u017camy tematyk\u0119 \u0142owieck\u0105, informujemy cz\u0142onk\u00f3w ko\u0142a o bie\u017c\u0105cych wydarzeniach.","potentialAction":[{"@type":"SearchAction","target":{"@type":"EntryPoint","urlTemplate":"https:\/\/www.lesnapolanaslawno.pl\/?s={search_term_string}"},"query-input":"required name=search_term_string"}],"inLanguage":"pl-PL"},{"@type":"WebPage","@id":"http:\/\/www.lesnapolanaslawno.pl\/index.php\/galeria\/rok-2013\/#webpage","url":"http:\/\/www.lesnapolanaslawno.pl\/index.php\/galeria\/rok-2013\/","name":"Rok 2013 - Ko\u0142o \u0141owieckie &quot;Le\u015bna Polana w S\u0142awnie&quot;","isPartOf":{"@id":"https:\/\/www.lesnapolanaslawno.pl\/#website"},"datePublished":"2016-11-29T17:53:37+00:00","dateModified":"2016-12-08T12:29:05+00:00","breadcrumb":{"@id":"http:\/\/www.lesnapolanaslawno.pl\/index.php\/galeria\/rok-2013\/#breadcrumb"},"inLanguage":"pl-PL","potentialAction":[{"@type":"ReadAction","target":["http:\/\/www.lesnapolanaslawno.pl\/index.php\/galeria\/rok-2013\/"]}]},{"@type":"BreadcrumbList","@id":"http:\/\/www.lesnapolanaslawno.pl\/index.php\/galeria\/rok-2013\/#breadcrumb","itemListElement":[{"@type":"ListItem","position":1,"name":"Strona g\u0142\u00f3wna","item":"https:\/\/www.lesnapolanaslawno.pl\/"},{"@type":"ListItem","position":2,"name":"Galeria","item":"https:\/\/www.lesnapolanaslawno.pl\/index.php\/galeria\/"},{"@type":"ListItem","position":3,"name":"Rok 2013"}]}]}},"_links":{"self":[{"href":"http:\/\/www.lesnapolanaslawno.pl\/index.php\/wp-json\/wp\/v2\/pages\/99"}],"collection":[{"href":"http:\/\/www.lesnapolanaslawno.pl\/index.php\/wp-json\/wp\/v2\/pages"}],"about":[{"href":"http:\/\/www.lesnapolanaslawno.pl\/index.php\/wp-json\/wp\/v2\/types\/page"}],"author":[{"embeddable":true,"href":"http:\/\/www.lesnapolanaslawno.pl\/index.php\/wp-json\/wp\/v2\/users\/1"}],"replies":[{"embeddable":true,"href":"http:\/\/www.lesnapolanaslawno.pl\/index.php\/wp-json\/wp\/v2\/comments?post=99"}],"version-history":[{"count":3,"href":"http:\/\/www.lesnapolanaslawno.pl\/index.php\/wp-json\/wp\/v2\/pages\/99\/revisions"}],"predecessor-version":[{"id":289,"href":"http:\/\/www.lesnapolanaslawno.pl\/index.php\/wp-json\/wp\/v2\/pages\/99\/revisions\/289"}],"up":[{"embeddable":true,"href":"http:\/\/www.lesnapolanaslawno.pl\/index.php\/wp-json\/wp\/v2\/pages\/28"}],"wp:attachment":[{"href":"http:\/\/www.lesnapolanaslawno.pl\/index.php\/wp-json\/wp\/v2\/media?parent=99"}],"curies":[{"name":"wp","href":"https:\/\/api.w.org\/{rel}","templated":true}]}}