{"id":898,"date":"2025-08-30T13:39:11","date_gmt":"2025-08-30T11:39:11","guid":{"rendered":"http:\/\/www.lesnapolanaslawno.pl\/?page_id=898"},"modified":"2025-11-17T19:21:25","modified_gmt":"2025-11-17T18:21:25","slug":"rok-2025","status":"publish","type":"page","link":"http:\/\/www.lesnapolanaslawno.pl\/index.php\/rok-2025\/","title":{"rendered":"Rok 2025"},"content":{"rendered":"\n<p id=\"block-46a0f8de-8746-4704-8953-6e385e139460\"><strong><a href=\"https:\/\/photos.app.goo.gl\/LjT3Mrrq3YDeZyv19\">Promocja \u0142owiectwa Dar\u0142owo 2025 07 14<\/a><\/strong><\/p>\n\n\n\n<p><strong><a href=\"https:\/\/photos.app.goo.gl\/VLLFQBsQeBBvkADS6\">Przystrzelanie broni 10 08 2025<\/a><\/strong><\/p>\n\n\n\n<p><strong><a href=\"https:\/\/photos.app.goo.gl\/AtHm4aUinNt1thaJ7\">Polowanie Hubertowskie 08 11 2025<\/a><\/strong><\/p>\n","protected":false},"excerpt":{"rendered":"<p>Promocja \u0142owiectwa Dar\u0142owo 2025 07 14 Przystrzelanie broni 10 08 2025 Polowanie Hubertowskie 08 11 2025<\/p>\n","protected":false},"author":1,"featured_media":908,"parent":0,"menu_order":0,"comment_status":"closed","ping_status":"closed","template":"","meta":[],"yoast_head":"<!-- This site is optimized with the Yoast SEO plugin v17.1 - https:\/\/yoast.com\/wordpress\/plugins\/seo\/ -->\n<title>Rok 2025 - Ko\u0142o \u0141owieckie &quot;Le\u015bna Polana w S\u0142awnie&quot;<\/title>\n<meta name=\"robots\" content=\"index, follow, max-snippet:-1, max-image-preview:large, max-video-preview:-1\" \/>\n<link rel=\"canonical\" href=\"http:\/\/www.lesnapolanaslawno.pl\/index.php\/rok-2025\/\" \/>\n<meta property=\"og:locale\" content=\"pl_PL\" \/>\n<meta property=\"og:type\" content=\"article\" \/>\n<meta property=\"og:title\" content=\"Rok 2025 - Ko\u0142o \u0141owieckie &quot;Le\u015bna Polana w S\u0142awnie&quot;\" \/>\n<meta property=\"og:description\" content=\"Promocja \u0142owiectwa Dar\u0142owo 2025 07 14 Przystrzelanie broni 10 08 2025 Polowanie Hubertowskie 08 11 2025\" \/>\n<meta property=\"og:url\" content=\"http:\/\/www.lesnapolanaslawno.pl\/index.php\/rok-2025\/\" \/>\n<meta property=\"og:site_name\" content=\"Ko\u0142o \u0141owieckie &quot;Le\u015bna Polana w S\u0142awnie&quot;\" \/>\n<meta property=\"article:modified_time\" content=\"2025-11-17T18:21:25+00:00\" \/>\n<meta property=\"og:image\" content=\"http:\/\/www.lesnapolanaslawno.pl\/wp-content\/uploads\/2025\/08\/Promocja-lowiectwa-Darlowo_2025-07-14-3-e1756553851526.jpg\" \/>\n\t<meta property=\"og:image:width\" content=\"2048\" \/>\n\t<meta property=\"og:image:height\" content=\"829\" \/>\n<meta name=\"twitter:card\" content=\"summary\" \/>\n<script type=\"application\/ld+json\" class=\"yoast-schema-graph\">{\"@context\":\"https:\/\/schema.org\",\"@graph\":[{\"@type\":\"WebSite\",\"@id\":\"https:\/\/www.lesnapolanaslawno.pl\/#website\",\"url\":\"https:\/\/www.lesnapolanaslawno.pl\/\",\"name\":\"Ko\\u0142o \\u0141owieckie &quot;Le\\u015bna Polana w S\\u0142awnie&quot;\",\"description\":\"Przybli\\u017camy tematyk\\u0119 \\u0142owieck\\u0105, informujemy cz\\u0142onk\\u00f3w ko\\u0142a o bie\\u017c\\u0105cych wydarzeniach.\",\"potentialAction\":[{\"@type\":\"SearchAction\",\"target\":{\"@type\":\"EntryPoint\",\"urlTemplate\":\"https:\/\/www.lesnapolanaslawno.pl\/?s={search_term_string}\"},\"query-input\":\"required name=search_term_string\"}],\"inLanguage\":\"pl-PL\"},{\"@type\":\"ImageObject\",\"@id\":\"http:\/\/www.lesnapolanaslawno.pl\/index.php\/rok-2025\/#primaryimage\",\"inLanguage\":\"pl-PL\",\"url\":\"http:\/\/www.lesnapolanaslawno.pl\/wp-content\/uploads\/2025\/08\/Promocja-lowiectwa-Darlowo_2025-07-14-3-e1756553851526.jpg\",\"contentUrl\":\"http:\/\/www.lesnapolanaslawno.pl\/wp-content\/uploads\/2025\/08\/Promocja-lowiectwa-Darlowo_2025-07-14-3-e1756553851526.jpg\",\"width\":2048,\"height\":829},{\"@type\":\"WebPage\",\"@id\":\"http:\/\/www.lesnapolanaslawno.pl\/index.php\/rok-2025\/#webpage\",\"url\":\"http:\/\/www.lesnapolanaslawno.pl\/index.php\/rok-2025\/\",\"name\":\"Rok 2025 - Ko\\u0142o \\u0141owieckie &quot;Le\\u015bna Polana w S\\u0142awnie&quot;\",\"isPartOf\":{\"@id\":\"https:\/\/www.lesnapolanaslawno.pl\/#website\"},\"primaryImageOfPage\":{\"@id\":\"http:\/\/www.lesnapolanaslawno.pl\/index.php\/rok-2025\/#primaryimage\"},\"datePublished\":\"2025-08-30T11:39:11+00:00\",\"dateModified\":\"2025-11-17T18:21:25+00:00\",\"breadcrumb\":{\"@id\":\"http:\/\/www.lesnapolanaslawno.pl\/index.php\/rok-2025\/#breadcrumb\"},\"inLanguage\":\"pl-PL\",\"potentialAction\":[{\"@type\":\"ReadAction\",\"target\":[\"http:\/\/www.lesnapolanaslawno.pl\/index.php\/rok-2025\/\"]}]},{\"@type\":\"BreadcrumbList\",\"@id\":\"http:\/\/www.lesnapolanaslawno.pl\/index.php\/rok-2025\/#breadcrumb\",\"itemListElement\":[{\"@type\":\"ListItem\",\"position\":1,\"name\":\"Strona g\\u0142\\u00f3wna\",\"item\":\"https:\/\/www.lesnapolanaslawno.pl\/\"},{\"@type\":\"ListItem\",\"position\":2,\"name\":\"Rok 2025\"}]}]}<\/script>\n<!-- \/ Yoast SEO plugin. -->","yoast_head_json":{"title":"Rok 2025 - Ko\u0142o \u0141owieckie &quot;Le\u015bna Polana w S\u0142awnie&quot;","robots":{"index":"index","follow":"follow","max-snippet":"max-snippet:-1","max-image-preview":"max-image-preview:large","max-video-preview":"max-video-preview:-1"},"canonical":"http:\/\/www.lesnapolanaslawno.pl\/index.php\/rok-2025\/","og_locale":"pl_PL","og_type":"article","og_title":"Rok 2025 - Ko\u0142o \u0141owieckie &quot;Le\u015bna Polana w S\u0142awnie&quot;","og_description":"Promocja \u0142owiectwa Dar\u0142owo 2025 07 14 Przystrzelanie broni 10 08 2025 Polowanie Hubertowskie 08 11 2025","og_url":"http:\/\/www.lesnapolanaslawno.pl\/index.php\/rok-2025\/","og_site_name":"Ko\u0142o \u0141owieckie &quot;Le\u015bna Polana w S\u0142awnie&quot;","article_modified_time":"2025-11-17T18:21:25+00:00","og_image":[{"width":2048,"height":829,"filesize":179617,"url":"http:\/\/www.lesnapolanaslawno.pl\/wp-content\/uploads\/2025\/08\/Promocja-lowiectwa-Darlowo_2025-07-14-3-e1756553851526.jpg","path":"\/home\/lesnapolkj\/www\/wp-content\/uploads\/2025\/08\/Promocja-lowiectwa-Darlowo_2025-07-14-3-e1756553851526.jpg","size":"full","id":908,"alt":"","pixels":1697792,"type":"image\/jpeg"}],"twitter_card":"summary","schema":{"@context":"https:\/\/schema.org","@graph":[{"@type":"WebSite","@id":"https:\/\/www.lesnapolanaslawno.pl\/#website","url":"https:\/\/www.lesnapolanaslawno.pl\/","name":"Ko\u0142o \u0141owieckie &quot;Le\u015bna Polana w S\u0142awnie&quot;","description":"Przybli\u017camy tematyk\u0119 \u0142owieck\u0105, informujemy cz\u0142onk\u00f3w ko\u0142a o bie\u017c\u0105cych wydarzeniach.","potentialAction":[{"@type":"SearchAction","target":{"@type":"EntryPoint","urlTemplate":"https:\/\/www.lesnapolanaslawno.pl\/?s={search_term_string}"},"query-input":"required name=search_term_string"}],"inLanguage":"pl-PL"},{"@type":"ImageObject","@id":"http:\/\/www.lesnapolanaslawno.pl\/index.php\/rok-2025\/#primaryimage","inLanguage":"pl-PL","url":"http:\/\/www.lesnapolanaslawno.pl\/wp-content\/uploads\/2025\/08\/Promocja-lowiectwa-Darlowo_2025-07-14-3-e1756553851526.jpg","contentUrl":"http:\/\/www.lesnapolanaslawno.pl\/wp-content\/uploads\/2025\/08\/Promocja-lowiectwa-Darlowo_2025-07-14-3-e1756553851526.jpg","width":2048,"height":829},{"@type":"WebPage","@id":"http:\/\/www.lesnapolanaslawno.pl\/index.php\/rok-2025\/#webpage","url":"http:\/\/www.lesnapolanaslawno.pl\/index.php\/rok-2025\/","name":"Rok 2025 - Ko\u0142o \u0141owieckie &quot;Le\u015bna Polana w S\u0142awnie&quot;","isPartOf":{"@id":"https:\/\/www.lesnapolanaslawno.pl\/#website"},"primaryImageOfPage":{"@id":"http:\/\/www.lesnapolanaslawno.pl\/index.php\/rok-2025\/#primaryimage"},"datePublished":"2025-08-30T11:39:11+00:00","dateModified":"2025-11-17T18:21:25+00:00","breadcrumb":{"@id":"http:\/\/www.lesnapolanaslawno.pl\/index.php\/rok-2025\/#breadcrumb"},"inLanguage":"pl-PL","potentialAction":[{"@type":"ReadAction","target":["http:\/\/www.lesnapolanaslawno.pl\/index.php\/rok-2025\/"]}]},{"@type":"BreadcrumbList","@id":"http:\/\/www.lesnapolanaslawno.pl\/index.php\/rok-2025\/#breadcrumb","itemListElement":[{"@type":"ListItem","position":1,"name":"Strona g\u0142\u00f3wna","item":"https:\/\/www.lesnapolanaslawno.pl\/"},{"@type":"ListItem","position":2,"name":"Rok 2025"}]}]}},"_links":{"self":[{"href":"http:\/\/www.lesnapolanaslawno.pl\/index.php\/wp-json\/wp\/v2\/pages\/898"}],"collection":[{"href":"http:\/\/www.lesnapolanaslawno.pl\/index.php\/wp-json\/wp\/v2\/pages"}],"about":[{"href":"http:\/\/www.lesnapolanaslawno.pl\/index.php\/wp-json\/wp\/v2\/types\/page"}],"author":[{"embeddable":true,"href":"http:\/\/www.lesnapolanaslawno.pl\/index.php\/wp-json\/wp\/v2\/users\/1"}],"replies":[{"embeddable":true,"href":"http:\/\/www.lesnapolanaslawno.pl\/index.php\/wp-json\/wp\/v2\/comments?post=898"}],"version-history":[{"count":4,"href":"http:\/\/www.lesnapolanaslawno.pl\/index.php\/wp-json\/wp\/v2\/pages\/898\/revisions"}],"predecessor-version":[{"id":917,"href":"http:\/\/www.lesnapolanaslawno.pl\/index.php\/wp-json\/wp\/v2\/pages\/898\/revisions\/917"}],"wp:featuredmedia":[{"embeddable":true,"href":"http:\/\/www.lesnapolanaslawno.pl\/index.php\/wp-json\/wp\/v2\/media\/908"}],"wp:attachment":[{"href":"http:\/\/www.lesnapolanaslawno.pl\/index.php\/wp-json\/wp\/v2\/media?parent=898"}],"curies":[{"name":"wp","href":"https:\/\/api.w.org\/{rel}","templated":true}]}}