{"id":834,"date":"2024-02-03T17:05:09","date_gmt":"2024-02-03T16:05:09","guid":{"rendered":"http:\/\/www.lesnapolanaslawno.pl\/?page_id=834"},"modified":"2025-08-30T14:33:13","modified_gmt":"2025-08-30T12:33:13","slug":"rok-2024","status":"publish","type":"page","link":"http:\/\/www.lesnapolanaslawno.pl\/index.php\/rok-2024\/","title":{"rendered":"Rok 2024"},"content":{"rendered":"\n<p><strong><span style=\"text-decoration: underline;\"><a href=\"https:\/\/photos.app.goo.gl\/Ms13MR2HTxUR2nsKA\">Polowanie zbiorowe 13 i 14 01 2024<\/a><\/span><\/strong><\/p>\n\n\n\n<p><strong><span style=\"text-decoration: underline;\"><a href=\"https:\/\/photos.app.goo.gl\/GKNYNujmkvWeaUjg8\">Sadzenie jab\u0142oni w \u0142owisku Tychowo <strong>13 01 2024<\/strong><\/a><\/span><\/strong><\/p>\n\n\n\n<p><strong><span style=\"text-decoration: underline;\"><a href=\"https:\/\/photos.app.goo.gl\/KQUdixQRafDsYpXT9\">Sprz\u0105tanie \u015bwiata Tychowo 2024<\/a><\/span><\/strong><\/p>\n\n\n\n<p><strong><span style=\"text-decoration: underline;\"><a href=\"https:\/\/photos.app.goo.gl\/TsMjs2Dn41sWCES3A\">Walne Zgromadzenie Cz\u0142onk\u00f3w Ko\u0142a 6 czerwca 2024<\/a><\/span><\/strong><\/p>\n\n\n\n<p><strong><span style=\"text-decoration: underline;\"><a href=\"https:\/\/photos.app.goo.gl\/Mqwxg7qgGgzKSinH6\">Przystrzelanie broni 27 07 2024<\/a><\/span><\/strong><\/p>\n\n\n\n<p><strong><span style=\"text-decoration: underline;\"><a href=\"https:\/\/photos.app.goo.gl\/3wsUNNZEZJR51UzTA\">70-lecie naszego Ko\u0142a 31 08 2024<\/a><\/span><\/strong><\/p>\n\n\n\n<p><strong><a href=\"https:\/\/photos.app.goo.gl\/AMJ1kGcN33uApT7z5\">Spotkanie edukacyjne z dzie\u0107mi 2024-06-08<\/a><\/strong><\/p>\n\n\n\n<p><strong><a href=\"https:\/\/photos.app.goo.gl\/Do5bc3oBT4kgH5cs8\">Polowanie Hubertowskie 3 listopada 2024<\/a><\/strong><\/p>\n\n\n\n<p><strong><a href=\"https:\/\/photos.app.goo.gl\/4ZvECeHzxJKnbc6u6\">Polowanie Wigilijne 21 grudnia 2024<\/a><\/strong><\/p>\n","protected":false},"excerpt":{"rendered":"<p>Polowanie zbiorowe 13 i 14 01 2024 Sadzenie jab\u0142oni w \u0142owisku Tychowo 13 01 2024 Sprz\u0105tanie \u015bwiata Tychowo 2024 Walne Zgromadzenie Cz\u0142onk\u00f3w Ko\u0142a 6 czerwca 2024 Przystrzelanie broni 27 07 2024 70-lecie naszego Ko\u0142a 31 08 2024 Spotkanie edukacyjne z dzie\u0107mi 2024-06-08 Polowanie Hubertowskie 3 listopada 2024 Polowanie Wigilijne 21 grudnia 2024<\/p>\n","protected":false},"author":1,"featured_media":837,"parent":0,"menu_order":0,"comment_status":"closed","ping_status":"closed","template":"","meta":[],"yoast_head":"<!-- This site is optimized with the Yoast SEO plugin v17.1 - https:\/\/yoast.com\/wordpress\/plugins\/seo\/ -->\n<title>Rok 2024 - Ko\u0142o \u0141owieckie &quot;Le\u015bna Polana w S\u0142awnie&quot;<\/title>\n<meta name=\"robots\" content=\"index, follow, max-snippet:-1, max-image-preview:large, max-video-preview:-1\" \/>\n<link rel=\"canonical\" href=\"http:\/\/www.lesnapolanaslawno.pl\/index.php\/rok-2024\/\" \/>\n<meta property=\"og:locale\" content=\"pl_PL\" \/>\n<meta property=\"og:type\" content=\"article\" \/>\n<meta property=\"og:title\" content=\"Rok 2024 - Ko\u0142o \u0141owieckie &quot;Le\u015bna Polana w S\u0142awnie&quot;\" \/>\n<meta property=\"og:description\" content=\"Polowanie zbiorowe 13 i 14 01 2024 Sadzenie jab\u0142oni w \u0142owisku Tychowo 13 01 2024 Sprz\u0105tanie \u015bwiata Tychowo 2024 Walne Zgromadzenie Cz\u0142onk\u00f3w Ko\u0142a 6 czerwca 2024 Przystrzelanie broni 27 07 2024 70-lecie naszego Ko\u0142a 31 08 2024 Spotkanie edukacyjne z dzie\u0107mi 2024-06-08 Polowanie Hubertowskie 3 listopada 2024 Polowanie Wigilijne 21 grudnia 2024\" \/>\n<meta property=\"og:url\" content=\"http:\/\/www.lesnapolanaslawno.pl\/index.php\/rok-2024\/\" \/>\n<meta property=\"og:site_name\" content=\"Ko\u0142o \u0141owieckie &quot;Le\u015bna Polana w S\u0142awnie&quot;\" \/>\n<meta property=\"article:modified_time\" content=\"2025-08-30T12:33:13+00:00\" \/>\n<meta property=\"og:image\" content=\"http:\/\/www.lesnapolanaslawno.pl\/wp-content\/uploads\/2024\/02\/Polowanie-13_14-01-2024-63-1-scaled.jpg\" \/>\n\t<meta property=\"og:image:width\" content=\"2560\" \/>\n\t<meta property=\"og:image:height\" content=\"1920\" \/>\n<meta name=\"twitter:card\" content=\"summary\" \/>\n<script type=\"application\/ld+json\" class=\"yoast-schema-graph\">{\"@context\":\"https:\/\/schema.org\",\"@graph\":[{\"@type\":\"WebSite\",\"@id\":\"http:\/\/www.lesnapolanaslawno.pl\/#website\",\"url\":\"http:\/\/www.lesnapolanaslawno.pl\/\",\"name\":\"Ko\\u0142o \\u0141owieckie &quot;Le\\u015bna Polana w S\\u0142awnie&quot;\",\"description\":\"Przybli\\u017camy tematyk\\u0119 \\u0142owieck\\u0105, informujemy cz\\u0142onk\\u00f3w ko\\u0142a o bie\\u017c\\u0105cych wydarzeniach.\",\"potentialAction\":[{\"@type\":\"SearchAction\",\"target\":{\"@type\":\"EntryPoint\",\"urlTemplate\":\"http:\/\/www.lesnapolanaslawno.pl\/?s={search_term_string}\"},\"query-input\":\"required name=search_term_string\"}],\"inLanguage\":\"pl-PL\"},{\"@type\":\"ImageObject\",\"@id\":\"http:\/\/www.lesnapolanaslawno.pl\/index.php\/rok-2024\/#primaryimage\",\"inLanguage\":\"pl-PL\",\"url\":\"http:\/\/www.lesnapolanaslawno.pl\/wp-content\/uploads\/2024\/02\/Polowanie-13_14-01-2024-63-1-scaled.jpg\",\"contentUrl\":\"http:\/\/www.lesnapolanaslawno.pl\/wp-content\/uploads\/2024\/02\/Polowanie-13_14-01-2024-63-1-scaled.jpg\",\"width\":2560,\"height\":1920},{\"@type\":\"WebPage\",\"@id\":\"http:\/\/www.lesnapolanaslawno.pl\/index.php\/rok-2024\/#webpage\",\"url\":\"http:\/\/www.lesnapolanaslawno.pl\/index.php\/rok-2024\/\",\"name\":\"Rok 2024 - Ko\\u0142o \\u0141owieckie &quot;Le\\u015bna Polana w S\\u0142awnie&quot;\",\"isPartOf\":{\"@id\":\"http:\/\/www.lesnapolanaslawno.pl\/#website\"},\"primaryImageOfPage\":{\"@id\":\"http:\/\/www.lesnapolanaslawno.pl\/index.php\/rok-2024\/#primaryimage\"},\"datePublished\":\"2024-02-03T16:05:09+00:00\",\"dateModified\":\"2025-08-30T12:33:13+00:00\",\"breadcrumb\":{\"@id\":\"http:\/\/www.lesnapolanaslawno.pl\/index.php\/rok-2024\/#breadcrumb\"},\"inLanguage\":\"pl-PL\",\"potentialAction\":[{\"@type\":\"ReadAction\",\"target\":[\"http:\/\/www.lesnapolanaslawno.pl\/index.php\/rok-2024\/\"]}]},{\"@type\":\"BreadcrumbList\",\"@id\":\"http:\/\/www.lesnapolanaslawno.pl\/index.php\/rok-2024\/#breadcrumb\",\"itemListElement\":[{\"@type\":\"ListItem\",\"position\":1,\"name\":\"Strona g\\u0142\\u00f3wna\",\"item\":\"http:\/\/www.lesnapolanaslawno.pl\/\"},{\"@type\":\"ListItem\",\"position\":2,\"name\":\"Rok 2024\"}]}]}<\/script>\n<!-- \/ Yoast SEO plugin. -->","yoast_head_json":{"title":"Rok 2024 - Ko\u0142o \u0141owieckie &quot;Le\u015bna Polana w S\u0142awnie&quot;","robots":{"index":"index","follow":"follow","max-snippet":"max-snippet:-1","max-image-preview":"max-image-preview:large","max-video-preview":"max-video-preview:-1"},"canonical":"http:\/\/www.lesnapolanaslawno.pl\/index.php\/rok-2024\/","og_locale":"pl_PL","og_type":"article","og_title":"Rok 2024 - Ko\u0142o \u0141owieckie &quot;Le\u015bna Polana w S\u0142awnie&quot;","og_description":"Polowanie zbiorowe 13 i 14 01 2024 Sadzenie jab\u0142oni w \u0142owisku Tychowo 13 01 2024 Sprz\u0105tanie \u015bwiata Tychowo 2024 Walne Zgromadzenie Cz\u0142onk\u00f3w Ko\u0142a 6 czerwca 2024 Przystrzelanie broni 27 07 2024 70-lecie naszego Ko\u0142a 31 08 2024 Spotkanie edukacyjne z dzie\u0107mi 2024-06-08 Polowanie Hubertowskie 3 listopada 2024 Polowanie Wigilijne 21 grudnia 2024","og_url":"http:\/\/www.lesnapolanaslawno.pl\/index.php\/rok-2024\/","og_site_name":"Ko\u0142o \u0141owieckie &quot;Le\u015bna Polana w S\u0142awnie&quot;","article_modified_time":"2025-08-30T12:33:13+00:00","og_image":[{"width":2560,"height":1920,"filesize":822975,"url":"http:\/\/www.lesnapolanaslawno.pl\/wp-content\/uploads\/2024\/02\/Polowanie-13_14-01-2024-63-1-scaled.jpg","path":"\/home\/lesnapolkj\/www\/wp-content\/uploads\/2024\/02\/Polowanie-13_14-01-2024-63-1-scaled.jpg","size":"full","id":837,"alt":"","pixels":4915200,"type":"image\/jpeg"}],"twitter_card":"summary","schema":{"@context":"https:\/\/schema.org","@graph":[{"@type":"WebSite","@id":"http:\/\/www.lesnapolanaslawno.pl\/#website","url":"http:\/\/www.lesnapolanaslawno.pl\/","name":"Ko\u0142o \u0141owieckie &quot;Le\u015bna Polana w S\u0142awnie&quot;","description":"Przybli\u017camy tematyk\u0119 \u0142owieck\u0105, informujemy cz\u0142onk\u00f3w ko\u0142a o bie\u017c\u0105cych wydarzeniach.","potentialAction":[{"@type":"SearchAction","target":{"@type":"EntryPoint","urlTemplate":"http:\/\/www.lesnapolanaslawno.pl\/?s={search_term_string}"},"query-input":"required name=search_term_string"}],"inLanguage":"pl-PL"},{"@type":"ImageObject","@id":"http:\/\/www.lesnapolanaslawno.pl\/index.php\/rok-2024\/#primaryimage","inLanguage":"pl-PL","url":"http:\/\/www.lesnapolanaslawno.pl\/wp-content\/uploads\/2024\/02\/Polowanie-13_14-01-2024-63-1-scaled.jpg","contentUrl":"http:\/\/www.lesnapolanaslawno.pl\/wp-content\/uploads\/2024\/02\/Polowanie-13_14-01-2024-63-1-scaled.jpg","width":2560,"height":1920},{"@type":"WebPage","@id":"http:\/\/www.lesnapolanaslawno.pl\/index.php\/rok-2024\/#webpage","url":"http:\/\/www.lesnapolanaslawno.pl\/index.php\/rok-2024\/","name":"Rok 2024 - Ko\u0142o \u0141owieckie &quot;Le\u015bna Polana w S\u0142awnie&quot;","isPartOf":{"@id":"http:\/\/www.lesnapolanaslawno.pl\/#website"},"primaryImageOfPage":{"@id":"http:\/\/www.lesnapolanaslawno.pl\/index.php\/rok-2024\/#primaryimage"},"datePublished":"2024-02-03T16:05:09+00:00","dateModified":"2025-08-30T12:33:13+00:00","breadcrumb":{"@id":"http:\/\/www.lesnapolanaslawno.pl\/index.php\/rok-2024\/#breadcrumb"},"inLanguage":"pl-PL","potentialAction":[{"@type":"ReadAction","target":["http:\/\/www.lesnapolanaslawno.pl\/index.php\/rok-2024\/"]}]},{"@type":"BreadcrumbList","@id":"http:\/\/www.lesnapolanaslawno.pl\/index.php\/rok-2024\/#breadcrumb","itemListElement":[{"@type":"ListItem","position":1,"name":"Strona g\u0142\u00f3wna","item":"http:\/\/www.lesnapolanaslawno.pl\/"},{"@type":"ListItem","position":2,"name":"Rok 2024"}]}]}},"_links":{"self":[{"href":"http:\/\/www.lesnapolanaslawno.pl\/index.php\/wp-json\/wp\/v2\/pages\/834"}],"collection":[{"href":"http:\/\/www.lesnapolanaslawno.pl\/index.php\/wp-json\/wp\/v2\/pages"}],"about":[{"href":"http:\/\/www.lesnapolanaslawno.pl\/index.php\/wp-json\/wp\/v2\/types\/page"}],"author":[{"embeddable":true,"href":"http:\/\/www.lesnapolanaslawno.pl\/index.php\/wp-json\/wp\/v2\/users\/1"}],"replies":[{"embeddable":true,"href":"http:\/\/www.lesnapolanaslawno.pl\/index.php\/wp-json\/wp\/v2\/comments?post=834"}],"version-history":[{"count":11,"href":"http:\/\/www.lesnapolanaslawno.pl\/index.php\/wp-json\/wp\/v2\/pages\/834\/revisions"}],"predecessor-version":[{"id":914,"href":"http:\/\/www.lesnapolanaslawno.pl\/index.php\/wp-json\/wp\/v2\/pages\/834\/revisions\/914"}],"wp:featuredmedia":[{"embeddable":true,"href":"http:\/\/www.lesnapolanaslawno.pl\/index.php\/wp-json\/wp\/v2\/media\/837"}],"wp:attachment":[{"href":"http:\/\/www.lesnapolanaslawno.pl\/index.php\/wp-json\/wp\/v2\/media?parent=834"}],"curies":[{"name":"wp","href":"https:\/\/api.w.org\/{rel}","templated":true}]}}