{"id":809,"date":"2023-12-03T14:01:31","date_gmt":"2023-12-03T13:01:31","guid":{"rendered":"http:\/\/www.lesnapolanaslawno.pl\/?page_id=809"},"modified":"2026-03-14T13:14:20","modified_gmt":"2026-03-14T12:14:20","slug":"dokumenty-dla-mysliwego","status":"publish","type":"page","link":"http:\/\/www.lesnapolanaslawno.pl\/index.php\/dokumenty-dla-mysliwego\/","title":{"rendered":"Dokumenty dla my\u015bliwego"},"content":{"rendered":"\n<p><a href=\"https:\/\/slupsk.pzlow.pl\/dla-mysliwych\/pliki-do-pobrania\/\">Zbi\u00f3r wszystkich bie\u017c\u0105cych dokument\u00f3w przydatnych my\u015bliwemu<\/a><\/p>\n\n\n\n<p><a href=\"https:\/\/koszalin.pzlow.pl\/przepisy-prawne\/\">Przepisy prawne zwi\u0105zane z \u0142owiectwem<\/a><\/p>\n\n\n\n<p><a href=\"https:\/\/piw.slupsk.pl\/31\/109\/dokumentacja-odstrzal-sanitarny-i-roczny-plan-lowiecki.html\">Dokumentacja \u2013 odstrza\u0142 sanitarny i roczny plan \u0142owiecki<\/a><\/p>\n\n\n\n<p><strong><a href=\"https:\/\/drive.google.com\/file\/d\/1d28pdySxz2-i7TxaRGAklssERrZ_H3io\/view?usp=sharing\">Instrukcja w strefie niebieskiej<\/a><\/strong><\/p>\n","protected":false},"excerpt":{"rendered":"<p>Zbi\u00f3r wszystkich bie\u017c\u0105cych dokument\u00f3w przydatnych my\u015bliwemu Przepisy prawne zwi\u0105zane z \u0142owiectwem Dokumentacja \u2013 odstrza\u0142 sanitarny i roczny plan \u0142owiecki Instrukcja w strefie niebieskiej<\/p>\n","protected":false},"author":1,"featured_media":0,"parent":0,"menu_order":0,"comment_status":"closed","ping_status":"closed","template":"","meta":[],"yoast_head":"<!-- This site is optimized with the Yoast SEO plugin v17.1 - https:\/\/yoast.com\/wordpress\/plugins\/seo\/ -->\n<title>Dokumenty dla my\u015bliwego - Ko\u0142o \u0141owieckie &quot;Le\u015bna Polana w S\u0142awnie&quot;<\/title>\n<meta name=\"robots\" content=\"index, follow, max-snippet:-1, max-image-preview:large, max-video-preview:-1\" \/>\n<link rel=\"canonical\" href=\"http:\/\/www.lesnapolanaslawno.pl\/index.php\/dokumenty-dla-mysliwego\/\" \/>\n<meta property=\"og:locale\" content=\"pl_PL\" \/>\n<meta property=\"og:type\" content=\"article\" \/>\n<meta property=\"og:title\" content=\"Dokumenty dla my\u015bliwego - Ko\u0142o \u0141owieckie &quot;Le\u015bna Polana w S\u0142awnie&quot;\" \/>\n<meta property=\"og:description\" content=\"Zbi\u00f3r wszystkich bie\u017c\u0105cych dokument\u00f3w przydatnych my\u015bliwemu Przepisy prawne zwi\u0105zane z \u0142owiectwem Dokumentacja \u2013 odstrza\u0142 sanitarny i roczny plan \u0142owiecki Instrukcja w strefie niebieskiej\" \/>\n<meta property=\"og:url\" content=\"http:\/\/www.lesnapolanaslawno.pl\/index.php\/dokumenty-dla-mysliwego\/\" \/>\n<meta property=\"og:site_name\" content=\"Ko\u0142o \u0141owieckie &quot;Le\u015bna Polana w S\u0142awnie&quot;\" \/>\n<meta property=\"article:modified_time\" content=\"2026-03-14T12:14:20+00:00\" \/>\n<meta property=\"og:image\" content=\"http:\/\/www.lesnapolanaslawno.pl\/wp-content\/uploads\/2016\/11\/cropped-18_3-krzy\u017c-\u015bw.-Huberta.jpg\" \/>\n\t<meta property=\"og:image:width\" content=\"512\" \/>\n\t<meta property=\"og:image:height\" content=\"512\" \/>\n<meta name=\"twitter:card\" content=\"summary\" \/>\n<script type=\"application\/ld+json\" class=\"yoast-schema-graph\">{\"@context\":\"https:\/\/schema.org\",\"@graph\":[{\"@type\":\"WebSite\",\"@id\":\"http:\/\/www.lesnapolanaslawno.pl\/#website\",\"url\":\"http:\/\/www.lesnapolanaslawno.pl\/\",\"name\":\"Ko\\u0142o \\u0141owieckie &quot;Le\\u015bna Polana w S\\u0142awnie&quot;\",\"description\":\"Przybli\\u017camy tematyk\\u0119 \\u0142owieck\\u0105, informujemy cz\\u0142onk\\u00f3w ko\\u0142a o bie\\u017c\\u0105cych wydarzeniach.\",\"potentialAction\":[{\"@type\":\"SearchAction\",\"target\":{\"@type\":\"EntryPoint\",\"urlTemplate\":\"http:\/\/www.lesnapolanaslawno.pl\/?s={search_term_string}\"},\"query-input\":\"required name=search_term_string\"}],\"inLanguage\":\"pl-PL\"},{\"@type\":\"WebPage\",\"@id\":\"http:\/\/www.lesnapolanaslawno.pl\/index.php\/dokumenty-dla-mysliwego\/#webpage\",\"url\":\"http:\/\/www.lesnapolanaslawno.pl\/index.php\/dokumenty-dla-mysliwego\/\",\"name\":\"Dokumenty dla my\\u015bliwego - Ko\\u0142o \\u0141owieckie &quot;Le\\u015bna Polana w S\\u0142awnie&quot;\",\"isPartOf\":{\"@id\":\"http:\/\/www.lesnapolanaslawno.pl\/#website\"},\"datePublished\":\"2023-12-03T13:01:31+00:00\",\"dateModified\":\"2026-03-14T12:14:20+00:00\",\"breadcrumb\":{\"@id\":\"http:\/\/www.lesnapolanaslawno.pl\/index.php\/dokumenty-dla-mysliwego\/#breadcrumb\"},\"inLanguage\":\"pl-PL\",\"potentialAction\":[{\"@type\":\"ReadAction\",\"target\":[\"http:\/\/www.lesnapolanaslawno.pl\/index.php\/dokumenty-dla-mysliwego\/\"]}]},{\"@type\":\"BreadcrumbList\",\"@id\":\"http:\/\/www.lesnapolanaslawno.pl\/index.php\/dokumenty-dla-mysliwego\/#breadcrumb\",\"itemListElement\":[{\"@type\":\"ListItem\",\"position\":1,\"name\":\"Strona g\\u0142\\u00f3wna\",\"item\":\"http:\/\/www.lesnapolanaslawno.pl\/\"},{\"@type\":\"ListItem\",\"position\":2,\"name\":\"Dokumenty dla my\\u015bliwego\"}]}]}<\/script>\n<!-- \/ Yoast SEO plugin. -->","yoast_head_json":{"title":"Dokumenty dla my\u015bliwego - Ko\u0142o \u0141owieckie &quot;Le\u015bna Polana w S\u0142awnie&quot;","robots":{"index":"index","follow":"follow","max-snippet":"max-snippet:-1","max-image-preview":"max-image-preview:large","max-video-preview":"max-video-preview:-1"},"canonical":"http:\/\/www.lesnapolanaslawno.pl\/index.php\/dokumenty-dla-mysliwego\/","og_locale":"pl_PL","og_type":"article","og_title":"Dokumenty dla my\u015bliwego - Ko\u0142o \u0141owieckie &quot;Le\u015bna Polana w S\u0142awnie&quot;","og_description":"Zbi\u00f3r wszystkich bie\u017c\u0105cych dokument\u00f3w przydatnych my\u015bliwemu Przepisy prawne zwi\u0105zane z \u0142owiectwem Dokumentacja \u2013 odstrza\u0142 sanitarny i roczny plan \u0142owiecki Instrukcja w strefie niebieskiej","og_url":"http:\/\/www.lesnapolanaslawno.pl\/index.php\/dokumenty-dla-mysliwego\/","og_site_name":"Ko\u0142o \u0141owieckie &quot;Le\u015bna Polana w S\u0142awnie&quot;","article_modified_time":"2026-03-14T12:14:20+00:00","og_image":[{"width":512,"height":512,"url":"http:\/\/www.lesnapolanaslawno.pl\/wp-content\/uploads\/2016\/11\/cropped-18_3-krzy\u017c-\u015bw.-Huberta.jpg","path":"\/home\/lesnapolkj\/www\/wp-content\/uploads\/2016\/11\/cropped-18_3-krzy\u017c-\u015bw.-Huberta.jpg","size":"full","id":13,"alt":"","pixels":262144,"type":"image\/jpeg"}],"twitter_card":"summary","schema":{"@context":"https:\/\/schema.org","@graph":[{"@type":"WebSite","@id":"http:\/\/www.lesnapolanaslawno.pl\/#website","url":"http:\/\/www.lesnapolanaslawno.pl\/","name":"Ko\u0142o \u0141owieckie &quot;Le\u015bna Polana w S\u0142awnie&quot;","description":"Przybli\u017camy tematyk\u0119 \u0142owieck\u0105, informujemy cz\u0142onk\u00f3w ko\u0142a o bie\u017c\u0105cych wydarzeniach.","potentialAction":[{"@type":"SearchAction","target":{"@type":"EntryPoint","urlTemplate":"http:\/\/www.lesnapolanaslawno.pl\/?s={search_term_string}"},"query-input":"required name=search_term_string"}],"inLanguage":"pl-PL"},{"@type":"WebPage","@id":"http:\/\/www.lesnapolanaslawno.pl\/index.php\/dokumenty-dla-mysliwego\/#webpage","url":"http:\/\/www.lesnapolanaslawno.pl\/index.php\/dokumenty-dla-mysliwego\/","name":"Dokumenty dla my\u015bliwego - Ko\u0142o \u0141owieckie &quot;Le\u015bna Polana w S\u0142awnie&quot;","isPartOf":{"@id":"http:\/\/www.lesnapolanaslawno.pl\/#website"},"datePublished":"2023-12-03T13:01:31+00:00","dateModified":"2026-03-14T12:14:20+00:00","breadcrumb":{"@id":"http:\/\/www.lesnapolanaslawno.pl\/index.php\/dokumenty-dla-mysliwego\/#breadcrumb"},"inLanguage":"pl-PL","potentialAction":[{"@type":"ReadAction","target":["http:\/\/www.lesnapolanaslawno.pl\/index.php\/dokumenty-dla-mysliwego\/"]}]},{"@type":"BreadcrumbList","@id":"http:\/\/www.lesnapolanaslawno.pl\/index.php\/dokumenty-dla-mysliwego\/#breadcrumb","itemListElement":[{"@type":"ListItem","position":1,"name":"Strona g\u0142\u00f3wna","item":"http:\/\/www.lesnapolanaslawno.pl\/"},{"@type":"ListItem","position":2,"name":"Dokumenty dla my\u015bliwego"}]}]}},"_links":{"self":[{"href":"http:\/\/www.lesnapolanaslawno.pl\/index.php\/wp-json\/wp\/v2\/pages\/809"}],"collection":[{"href":"http:\/\/www.lesnapolanaslawno.pl\/index.php\/wp-json\/wp\/v2\/pages"}],"about":[{"href":"http:\/\/www.lesnapolanaslawno.pl\/index.php\/wp-json\/wp\/v2\/types\/page"}],"author":[{"embeddable":true,"href":"http:\/\/www.lesnapolanaslawno.pl\/index.php\/wp-json\/wp\/v2\/users\/1"}],"replies":[{"embeddable":true,"href":"http:\/\/www.lesnapolanaslawno.pl\/index.php\/wp-json\/wp\/v2\/comments?post=809"}],"version-history":[{"count":4,"href":"http:\/\/www.lesnapolanaslawno.pl\/index.php\/wp-json\/wp\/v2\/pages\/809\/revisions"}],"predecessor-version":[{"id":933,"href":"http:\/\/www.lesnapolanaslawno.pl\/index.php\/wp-json\/wp\/v2\/pages\/809\/revisions\/933"}],"wp:attachment":[{"href":"http:\/\/www.lesnapolanaslawno.pl\/index.php\/wp-json\/wp\/v2\/media?parent=809"}],"curies":[{"name":"wp","href":"https:\/\/api.w.org\/{rel}","templated":true}]}}