{"id":796,"date":"2023-12-03T13:36:01","date_gmt":"2023-12-03T12:36:01","guid":{"rendered":"http:\/\/www.lesnapolanaslawno.pl\/?page_id=796"},"modified":"2023-12-03T14:03:43","modified_gmt":"2023-12-03T13:03:43","slug":"kancelaria","status":"publish","type":"page","link":"http:\/\/www.lesnapolanaslawno.pl\/index.php\/kancelaria\/","title":{"rendered":"Kancelaria"},"content":{"rendered":"\n<p>Dokumenty i przepisy prawne przydatne my\u015bliwemu. Wybierz w\u0142a\u015bciw\u0105 podstron\u0119 i kliknij w dany link, by zobaczy\u0107 lub pobra\u0107 potrzebny dokument.<\/p>\n\n\n\n<p><a href=\"https:\/\/www.pzlow.pl\/szkolenia\/\">Szkolenia dla my\u015bliwych<\/a><\/p>\n","protected":false},"excerpt":{"rendered":"<p>Dokumenty i przepisy prawne przydatne my\u015bliwemu. Wybierz w\u0142a\u015bciw\u0105 podstron\u0119 i kliknij w dany link, by zobaczy\u0107 lub pobra\u0107 potrzebny dokument. Szkolenia dla my\u015bliwych<\/p>\n","protected":false},"author":1,"featured_media":797,"parent":0,"menu_order":0,"comment_status":"closed","ping_status":"closed","template":"","meta":[],"yoast_head":"<!-- This site is optimized with the Yoast SEO plugin v17.1 - https:\/\/yoast.com\/wordpress\/plugins\/seo\/ -->\n<title>Kancelaria - Ko\u0142o \u0141owieckie &quot;Le\u015bna Polana w S\u0142awnie&quot;<\/title>\n<meta name=\"robots\" content=\"index, follow, max-snippet:-1, max-image-preview:large, max-video-preview:-1\" \/>\n<link rel=\"canonical\" href=\"http:\/\/www.lesnapolanaslawno.pl\/index.php\/kancelaria\/\" \/>\n<meta property=\"og:locale\" content=\"pl_PL\" \/>\n<meta property=\"og:type\" content=\"article\" \/>\n<meta property=\"og:title\" content=\"Kancelaria - Ko\u0142o \u0141owieckie &quot;Le\u015bna Polana w S\u0142awnie&quot;\" \/>\n<meta property=\"og:description\" content=\"Dokumenty i przepisy prawne przydatne my\u015bliwemu. Wybierz w\u0142a\u015bciw\u0105 podstron\u0119 i kliknij w dany link, by zobaczy\u0107 lub pobra\u0107 potrzebny dokument. Szkolenia dla my\u015bliwych\" \/>\n<meta property=\"og:url\" content=\"http:\/\/www.lesnapolanaslawno.pl\/index.php\/kancelaria\/\" \/>\n<meta property=\"og:site_name\" content=\"Ko\u0142o \u0141owieckie &quot;Le\u015bna Polana w S\u0142awnie&quot;\" \/>\n<meta property=\"article:modified_time\" content=\"2023-12-03T13:03:43+00:00\" \/>\n<meta property=\"og:image\" content=\"http:\/\/www.lesnapolanaslawno.pl\/wp-content\/uploads\/2023\/12\/mr-cup-fabien-barral-o6GEPQXnqMY-unsplash-scaled.jpg\" \/>\n\t<meta property=\"og:image:width\" content=\"2560\" \/>\n\t<meta property=\"og:image:height\" content=\"1700\" \/>\n<meta name=\"twitter:card\" content=\"summary\" \/>\n<script type=\"application\/ld+json\" class=\"yoast-schema-graph\">{\"@context\":\"https:\/\/schema.org\",\"@graph\":[{\"@type\":\"WebSite\",\"@id\":\"https:\/\/www.lesnapolanaslawno.pl\/#website\",\"url\":\"https:\/\/www.lesnapolanaslawno.pl\/\",\"name\":\"Ko\\u0142o \\u0141owieckie &quot;Le\\u015bna Polana w S\\u0142awnie&quot;\",\"description\":\"Przybli\\u017camy tematyk\\u0119 \\u0142owieck\\u0105, informujemy cz\\u0142onk\\u00f3w ko\\u0142a o bie\\u017c\\u0105cych wydarzeniach.\",\"potentialAction\":[{\"@type\":\"SearchAction\",\"target\":{\"@type\":\"EntryPoint\",\"urlTemplate\":\"https:\/\/www.lesnapolanaslawno.pl\/?s={search_term_string}\"},\"query-input\":\"required name=search_term_string\"}],\"inLanguage\":\"pl-PL\"},{\"@type\":\"ImageObject\",\"@id\":\"http:\/\/www.lesnapolanaslawno.pl\/index.php\/kancelaria\/#primaryimage\",\"inLanguage\":\"pl-PL\",\"url\":\"http:\/\/www.lesnapolanaslawno.pl\/wp-content\/uploads\/2023\/12\/mr-cup-fabien-barral-o6GEPQXnqMY-unsplash-scaled.jpg\",\"contentUrl\":\"http:\/\/www.lesnapolanaslawno.pl\/wp-content\/uploads\/2023\/12\/mr-cup-fabien-barral-o6GEPQXnqMY-unsplash-scaled.jpg\",\"width\":2560,\"height\":1700},{\"@type\":\"WebPage\",\"@id\":\"http:\/\/www.lesnapolanaslawno.pl\/index.php\/kancelaria\/#webpage\",\"url\":\"http:\/\/www.lesnapolanaslawno.pl\/index.php\/kancelaria\/\",\"name\":\"Kancelaria - Ko\\u0142o \\u0141owieckie &quot;Le\\u015bna Polana w S\\u0142awnie&quot;\",\"isPartOf\":{\"@id\":\"https:\/\/www.lesnapolanaslawno.pl\/#website\"},\"primaryImageOfPage\":{\"@id\":\"http:\/\/www.lesnapolanaslawno.pl\/index.php\/kancelaria\/#primaryimage\"},\"datePublished\":\"2023-12-03T12:36:01+00:00\",\"dateModified\":\"2023-12-03T13:03:43+00:00\",\"breadcrumb\":{\"@id\":\"http:\/\/www.lesnapolanaslawno.pl\/index.php\/kancelaria\/#breadcrumb\"},\"inLanguage\":\"pl-PL\",\"potentialAction\":[{\"@type\":\"ReadAction\",\"target\":[\"http:\/\/www.lesnapolanaslawno.pl\/index.php\/kancelaria\/\"]}]},{\"@type\":\"BreadcrumbList\",\"@id\":\"http:\/\/www.lesnapolanaslawno.pl\/index.php\/kancelaria\/#breadcrumb\",\"itemListElement\":[{\"@type\":\"ListItem\",\"position\":1,\"name\":\"Strona g\\u0142\\u00f3wna\",\"item\":\"https:\/\/www.lesnapolanaslawno.pl\/\"},{\"@type\":\"ListItem\",\"position\":2,\"name\":\"Kancelaria\"}]}]}<\/script>\n<!-- \/ Yoast SEO plugin. -->","yoast_head_json":{"title":"Kancelaria - Ko\u0142o \u0141owieckie &quot;Le\u015bna Polana w S\u0142awnie&quot;","robots":{"index":"index","follow":"follow","max-snippet":"max-snippet:-1","max-image-preview":"max-image-preview:large","max-video-preview":"max-video-preview:-1"},"canonical":"http:\/\/www.lesnapolanaslawno.pl\/index.php\/kancelaria\/","og_locale":"pl_PL","og_type":"article","og_title":"Kancelaria - Ko\u0142o \u0141owieckie &quot;Le\u015bna Polana w S\u0142awnie&quot;","og_description":"Dokumenty i przepisy prawne przydatne my\u015bliwemu. Wybierz w\u0142a\u015bciw\u0105 podstron\u0119 i kliknij w dany link, by zobaczy\u0107 lub pobra\u0107 potrzebny dokument. Szkolenia dla my\u015bliwych","og_url":"http:\/\/www.lesnapolanaslawno.pl\/index.php\/kancelaria\/","og_site_name":"Ko\u0142o \u0141owieckie &quot;Le\u015bna Polana w S\u0142awnie&quot;","article_modified_time":"2023-12-03T13:03:43+00:00","og_image":[{"width":2560,"height":1700,"filesize":464913,"url":"http:\/\/www.lesnapolanaslawno.pl\/wp-content\/uploads\/2023\/12\/mr-cup-fabien-barral-o6GEPQXnqMY-unsplash-scaled.jpg","path":"\/home\/lesnapolkj\/www\/wp-content\/uploads\/2023\/12\/mr-cup-fabien-barral-o6GEPQXnqMY-unsplash-scaled.jpg","size":"full","id":797,"alt":"","pixels":4352000,"type":"image\/jpeg"}],"twitter_card":"summary","schema":{"@context":"https:\/\/schema.org","@graph":[{"@type":"WebSite","@id":"https:\/\/www.lesnapolanaslawno.pl\/#website","url":"https:\/\/www.lesnapolanaslawno.pl\/","name":"Ko\u0142o \u0141owieckie &quot;Le\u015bna Polana w S\u0142awnie&quot;","description":"Przybli\u017camy tematyk\u0119 \u0142owieck\u0105, informujemy cz\u0142onk\u00f3w ko\u0142a o bie\u017c\u0105cych wydarzeniach.","potentialAction":[{"@type":"SearchAction","target":{"@type":"EntryPoint","urlTemplate":"https:\/\/www.lesnapolanaslawno.pl\/?s={search_term_string}"},"query-input":"required name=search_term_string"}],"inLanguage":"pl-PL"},{"@type":"ImageObject","@id":"http:\/\/www.lesnapolanaslawno.pl\/index.php\/kancelaria\/#primaryimage","inLanguage":"pl-PL","url":"http:\/\/www.lesnapolanaslawno.pl\/wp-content\/uploads\/2023\/12\/mr-cup-fabien-barral-o6GEPQXnqMY-unsplash-scaled.jpg","contentUrl":"http:\/\/www.lesnapolanaslawno.pl\/wp-content\/uploads\/2023\/12\/mr-cup-fabien-barral-o6GEPQXnqMY-unsplash-scaled.jpg","width":2560,"height":1700},{"@type":"WebPage","@id":"http:\/\/www.lesnapolanaslawno.pl\/index.php\/kancelaria\/#webpage","url":"http:\/\/www.lesnapolanaslawno.pl\/index.php\/kancelaria\/","name":"Kancelaria - Ko\u0142o \u0141owieckie &quot;Le\u015bna Polana w S\u0142awnie&quot;","isPartOf":{"@id":"https:\/\/www.lesnapolanaslawno.pl\/#website"},"primaryImageOfPage":{"@id":"http:\/\/www.lesnapolanaslawno.pl\/index.php\/kancelaria\/#primaryimage"},"datePublished":"2023-12-03T12:36:01+00:00","dateModified":"2023-12-03T13:03:43+00:00","breadcrumb":{"@id":"http:\/\/www.lesnapolanaslawno.pl\/index.php\/kancelaria\/#breadcrumb"},"inLanguage":"pl-PL","potentialAction":[{"@type":"ReadAction","target":["http:\/\/www.lesnapolanaslawno.pl\/index.php\/kancelaria\/"]}]},{"@type":"BreadcrumbList","@id":"http:\/\/www.lesnapolanaslawno.pl\/index.php\/kancelaria\/#breadcrumb","itemListElement":[{"@type":"ListItem","position":1,"name":"Strona g\u0142\u00f3wna","item":"https:\/\/www.lesnapolanaslawno.pl\/"},{"@type":"ListItem","position":2,"name":"Kancelaria"}]}]}},"_links":{"self":[{"href":"http:\/\/www.lesnapolanaslawno.pl\/index.php\/wp-json\/wp\/v2\/pages\/796"}],"collection":[{"href":"http:\/\/www.lesnapolanaslawno.pl\/index.php\/wp-json\/wp\/v2\/pages"}],"about":[{"href":"http:\/\/www.lesnapolanaslawno.pl\/index.php\/wp-json\/wp\/v2\/types\/page"}],"author":[{"embeddable":true,"href":"http:\/\/www.lesnapolanaslawno.pl\/index.php\/wp-json\/wp\/v2\/users\/1"}],"replies":[{"embeddable":true,"href":"http:\/\/www.lesnapolanaslawno.pl\/index.php\/wp-json\/wp\/v2\/comments?post=796"}],"version-history":[{"count":3,"href":"http:\/\/www.lesnapolanaslawno.pl\/index.php\/wp-json\/wp\/v2\/pages\/796\/revisions"}],"predecessor-version":[{"id":812,"href":"http:\/\/www.lesnapolanaslawno.pl\/index.php\/wp-json\/wp\/v2\/pages\/796\/revisions\/812"}],"wp:featuredmedia":[{"embeddable":true,"href":"http:\/\/www.lesnapolanaslawno.pl\/index.php\/wp-json\/wp\/v2\/media\/797"}],"wp:attachment":[{"href":"http:\/\/www.lesnapolanaslawno.pl\/index.php\/wp-json\/wp\/v2\/media?parent=796"}],"curies":[{"name":"wp","href":"https:\/\/api.w.org\/{rel}","templated":true}]}}