{"id":67,"date":"2016-11-29T17:45:03","date_gmt":"2016-11-29T16:45:03","guid":{"rendered":"http:\/\/www.lesnapolanaslawno.pl\/?page_id=67"},"modified":"2019-10-31T10:30:34","modified_gmt":"2019-10-31T09:30:34","slug":"kraina-wiecznych-lowow","status":"publish","type":"page","link":"http:\/\/www.lesnapolanaslawno.pl\/index.php\/kolo-lowieckie\/kraina-wiecznych-lowow\/","title":{"rendered":"Kraina Wiecznych \u0141ow\u00f3w"},"content":{"rendered":"<p><span style=\"color: #242222;\"><span style=\"font-family: Liberation Sans,sans-serif;\"><span style=\"font-size: large;\"><b>Do &#8222;Krainy Wiecznych \u0141ow\u00f3w&#8221; odeszli nasi Koledzy:<\/b><\/span><\/span><\/span><\/p>\n<p><span style=\"color: #242222;\"><span style=\"font-family: Liberation Sans,sans-serif;\"><span style=\"font-size: large;\">Jan Korzeniewski \u00a0 \u00a0 \u00a0 \u00a0 \u00a0 \u00a0 + 1972 r. <\/span><\/span><\/span><\/p>\n<p><span style=\"color: #242222;\"><span style=\"font-family: Liberation Sans,sans-serif;\"><span style=\"font-size: large;\">Leonard Wiklicki \u00a0 \u00a0 \u00a0 \u00a0 \u00a0 \u00a0\u00a0 + 14 maja 1984 r.<\/span><\/span><\/span><\/p>\n<p><span style=\"color: #242222;\"><span style=\"font-family: Liberation Sans,sans-serif;\"><span style=\"font-size: large;\">Alojzy Brewka \u00a0 \u00a0 \u00a0 \u00a0 \u00a0 \u00a0 \u00a0 \u00a0 + 1985 r.<\/span><\/span><\/span><\/p>\n<p align=\"left\"><span style=\"color: #242222;\"><span style=\"font-family: Liberation Sans,sans-serif;\"><span style=\"font-size: large;\">Roman Krzaczkowski \u00a0 \u00a0\u00a0 + 23 wrze\u015bnia 1986 r.<\/span><\/span><\/span><\/p>\n<p><span style=\"color: #242222;\"><span style=\"font-family: Liberation Sans,sans-serif;\"><span style=\"font-size: large;\">Antoni Grabiec\u00a0\u00a0\u00a0\u00a0\u00a0\u00a0\u00a0\u00a0\u00a0\u00a0\u00a0\u00a0\u00a0\u00a0\u00a0 + 20 lutego 1987 r.<br \/><\/span><\/span><\/span><\/p>\n<p><span style=\"color: #242222;\"><span style=\"font-family: Liberation Sans,sans-serif;\"><span style=\"font-size: large;\">Witold Zieli\u0144ski \u00a0 \u00a0 \u00a0 \u00a0 \u00a0 \u00a0 \u00a0\u00a0 + 4 sierpnia 1987 r.<\/span><\/span><\/span><\/p>\n<p><span style=\"color: #242222;\"><span style=\"font-family: Liberation Sans,sans-serif;\"><span style=\"font-size: large;\">Jan Kos \u00a0 \u00a0 \u00a0 \u00a0 \u00a0 \u00a0 \u00a0 \u00a0 \u00a0 \u00a0 \u00a0 \u00a0 \u00a0 + 4 pa\u017adziernika 1988 r.<\/span><\/span><\/span><\/p>\n<p><span style=\"color: #242222;\"><span style=\"font-family: Liberation Sans,sans-serif;\"><span style=\"font-size: large;\">Andrzej Pszcz\u00f3\u0142kowski \u00a0\u00a0 + 10 pa\u017adziernika 1990 r.<\/span><\/span><\/span><\/p>\n<p><span style=\"color: #242222;\"><span style=\"font-family: Liberation Sans,sans-serif;\"><span style=\"font-size: large;\">Marian G\u0142uszek \u00a0 \u00a0 \u00a0 \u00a0 \u00a0 \u00a0 \u00a0 + 23 marca 1994 r.<\/span><\/span><\/span><\/p>\n<p><span style=\"color: #242222;\"><span style=\"font-family: Liberation Sans,sans-serif;\"><span style=\"font-size: large;\">Miros\u0142aw Bie\u017cu\u0144ski \u00a0 \u00a0 \u00a0 \u00a0 + 5 wrze\u015bnia 1995 r.<\/span><\/span><\/span><\/p>\n<p><span style=\"color: #242222;\"><span style=\"font-family: Liberation Sans,sans-serif;\"><span style=\"font-size: large;\">Ryszard B\u0142aszczyk \u00a0 \u00a0 \u00a0 \u00a0 \u00a0 + 1 lipca 1996 r.<\/span><\/span><\/span><\/p>\n<p><span style=\"color: #242222;\"><span style=\"font-family: Liberation Sans,sans-serif;\"><span style=\"font-size: large;\">W\u0142adys\u0142aw Kurzynoga \u00a0 \u00a0 + 17 lutego 2001 r.<\/span><\/span><\/span><\/p>\n<p><span style=\"color: #242222;\"><span style=\"font-family: Liberation Sans,sans-serif;\"><span style=\"font-size: large;\">J\u00f3zef Domaros \u00a0 \u00a0 \u00a0 \u00a0 \u00a0 \u00a0 \u00a0\u00a0 + 18 listopada 2000 r.<\/span><\/span><\/span><\/p>\n<p><span style=\"color: #242222;\"><span style=\"font-family: Liberation Sans,sans-serif;\"><span style=\"font-size: large;\">Jerzy Henicz \u00a0 \u00a0 \u00a0 \u00a0 \u00a0 \u00a0 \u00a0 \u00a0 \u00a0\u00a0 + 23 grudnia 2001 r.<\/span><\/span><\/span><\/p>\n<p><span style=\"color: #242222;\"><span style=\"font-family: Liberation Sans,sans-serif;\"><span style=\"font-size: large;\">Jan Cicho\u0144ski \u00a0 \u00a0 \u00a0 \u00a0 \u00a0 \u00a0 \u00a0 \u00a0\u00a0 + 23 pa\u017adziernika 2002 r.<\/span><\/span><\/span><\/p>\n<p><span style=\"color: #242222;\"><span style=\"font-family: Liberation Sans,sans-serif;\"><span style=\"font-size: large;\">Jerzy Caban \u00a0 \u00a0 \u00a0 \u00a0 \u00a0 \u00a0 \u00a0 \u00a0 \u00a0\u00a0 + 24 listopada 2004 r.<\/span><\/span><\/span><\/p>\n<p><span style=\"color: #242222;\"><span style=\"font-family: Liberation Sans,sans-serif;\"><span style=\"font-size: large;\">Lech Borowiec \u00a0 \u00a0 \u00a0 \u00a0 \u00a0 \u00a0 \u00a0\u00a0 + 6 stycznia 2008 r.<\/span><\/span><\/span><\/p>\n<p><span style=\"color: #242222;\"><span style=\"font-family: Liberation Sans,sans-serif;\"><span style=\"font-size: large;\">Stanis\u0142aw Gaj \u00a0 \u00a0 \u00a0 \u00a0 \u00a0 \u00a0 \u00a0 \u00a0\u00a0 + 27 grudnia 2009 r.<\/span><\/span><\/span><\/p>\n<p><span style=\"color: #242222;\"><span style=\"font-family: Liberation Sans,sans-serif;\"><span style=\"font-size: large;\">Ryszard G\u0142uszek \u00a0 \u00a0 \u00a0 \u00a0 \u00a0 \u00a0\u00a0 + 25 listopada 2010 r.<\/span><\/span><\/span><\/p>\n<p><span style=\"color: #242222;\"><span style=\"font-family: Liberation Sans,sans-serif;\"><span style=\"font-size: large;\">Stanis\u0142aw Kotowicz \u00a0 \u00a0 \u00a0 \u00a0 +<\/span><\/span><\/span><\/p>\n<p><span style=\"color: #242222;\"><span style=\"font-family: Liberation Sans,sans-serif;\"><span style=\"font-size: large;\">Stefan Bojanowski\u00a0\u00a0\u00a0\u00a0\u00a0\u00a0\u00a0 \u00a0\u00a0 +<\/span><\/span><\/span><\/p>\n<p><span style=\"color: #242222;\"><span style=\"font-family: Liberation Sans,sans-serif;\"><span style=\"font-size: large;\">W\u0142adys\u0142aw Pi\u0105tkowski \u00a0\u00a0 +<\/span><\/span><\/span><\/p>\n<p><span style=\"color: #242222;\"><span style=\"font-family: Liberation Sans,sans-serif;\"><span style=\"font-size: large;\">Stanis\u0142aw \u017bukowski \u00a0 \u00a0 \u00a0\u00a0 + 19 maja 2013 r.<\/span><\/span><\/span><\/p>\n<p><span style=\"color: #242222;\"><span style=\"font-family: Liberation Sans,sans-serif;\"><span style=\"font-size: large;\">Andrzej R\u00f3\u017cycki \u00a0 \u00a0 \u00a0 \u00a0 \u00a0 \u00a0 + 13 stycznia 2014 r.<\/span><\/span><\/span><\/p>\n<p><span style=\"color: #242222;\"><span style=\"font-family: Liberation Sans,sans-serif;\"><span style=\"font-size: large;\">Boles\u0142aw Szymanek\u00a0\u00a0\u00a0\u00a0\u00a0\u00a0\u00a0 + 28 czerwca 2014 r.<\/span><\/span><\/span><\/p>\n<p><span style=\"color: #242222;\"><span style=\"font-family: Liberation Sans,sans-serif;\"><span style=\"font-size: large;\">Stefan Wolski \u00a0 \u00a0 \u00a0 \u00a0 \u00a0 \u00a0 \u00a0 \u00a0 + 26 sierpnia 2014 r.<\/span><\/span><\/span><\/p>\n<p><span style=\"color: #242222;\"><span style=\"font-family: Liberation Sans,sans-serif;\"><span style=\"font-size: large;\">J\u00f3zef G\u0142uszek \u00a0 \u00a0 \u00a0 \u00a0 \u00a0 \u00a0 \u00a0 \u00a0 + 17 wrze\u015bnia 2014 r.<\/span><\/span><\/span><\/p>\n<p><span style=\"color: #242222;\"><span style=\"font-family: Liberation Sans,sans-serif;\"><span style=\"font-size: large;\">Ryszard Jakubas \u00a0 \u00a0 \u00a0 \u00a0 \u00a0\u00a0 + 23 maja 2016 r.<\/span><\/span><\/span><\/p>\n<p><span style=\"color: #242222;\"><span style=\"font-family: Liberation Sans,sans-serif;\"><span style=\"font-size: large;\">Edward \u015aled\u017a\u00a0\u00a0\u00a0\u00a0\u00a0\u00a0\u00a0\u00a0\u00a0\u00a0\u00a0\u00a0\u00a0\u00a0\u00a0\u00a0 + 27 stycznia 2018 r.<\/span><\/span><\/span><\/p>\n<p><span style=\"color: #242222;\"><span style=\"font-family: Liberation Sans,sans-serif;\"><span style=\"font-size: large;\">Zygmunt Ko\u0142odziej\u00a0\u00a0\u00a0\u00a0\u00a0\u00a0\u00a0\u00a0\u00a0 + 23 lutego 2018 r.<\/span><\/span><\/span><\/p>\n<p><span style=\"color: #242222;\"><span style=\"font-family: Liberation Sans,sans-serif;\"><span style=\"font-size: large;\">Piotr Gawin \u00a0 \u00a0 \u00a0 \u00a0 \u00a0 \u00a0 \u00a0 \u00a0 \u00a0 \u00a0 + 30 pa\u017adziernika 2019 r.<\/span><\/span><\/span><\/p>\n<p><span style=\"color: #242222;\"><span style=\"font-family: Liberation Sans,sans-serif;\"><span style=\"font-size: large;\"><b>Pami\u0119\u0107 o Nich na zawsze pozostanie w\u015br\u00f3d nas, a knieja niech wiecznie szumi nad Ich mogi\u0142ami.<\/b><\/span><\/span><\/span><\/p>\n<p align=\"center\"><span style=\"color: #242222;\"><span style=\"font-family: Liberation Sans,sans-serif;\"><span style=\"font-size: large;\"><b>CZE\u015a\u0106 ICH PAMI\u0118CI!<\/b><\/span><\/span><\/span><\/p>\n\n\n<p><\/p>\n","protected":false},"excerpt":{"rendered":"<p>Do &#8222;Krainy Wiecznych \u0141ow\u00f3w&#8221; odeszli nasi Koledzy: Jan Korzeniewski \u00a0 \u00a0 \u00a0 \u00a0 \u00a0 \u00a0 + 1972 r. Leonard Wiklicki \u00a0 \u00a0 \u00a0 \u00a0 \u00a0 \u00a0\u00a0 + 14 maja 1984 r. Alojzy Brewka \u00a0 \u00a0 \u00a0 \u00a0 \u00a0 \u00a0 \u00a0 \u00a0 + 1985 r. Roman Krzaczkowski \u00a0 \u00a0\u00a0 + 23 wrze\u015bnia 1986 r. Antoni Grabiec\u00a0\u00a0\u00a0\u00a0\u00a0\u00a0\u00a0\u00a0\u00a0\u00a0\u00a0\u00a0\u00a0\u00a0\u00a0 [&hellip;]<\/p>\n","protected":false},"author":1,"featured_media":0,"parent":19,"menu_order":0,"comment_status":"closed","ping_status":"closed","template":"","meta":[],"yoast_head":"<!-- This site is optimized with the Yoast SEO plugin v17.1 - https:\/\/yoast.com\/wordpress\/plugins\/seo\/ -->\n<title>Kraina Wiecznych \u0141ow\u00f3w - Ko\u0142o \u0141owieckie &quot;Le\u015bna Polana w S\u0142awnie&quot;<\/title>\n<meta name=\"robots\" content=\"index, follow, max-snippet:-1, max-image-preview:large, max-video-preview:-1\" \/>\n<link rel=\"canonical\" href=\"https:\/\/www.lesnapolanaslawno.pl\/index.php\/kolo-lowieckie\/kraina-wiecznych-lowow\/\" \/>\n<meta property=\"og:locale\" content=\"pl_PL\" \/>\n<meta property=\"og:type\" content=\"article\" \/>\n<meta property=\"og:title\" content=\"Kraina Wiecznych \u0141ow\u00f3w - Ko\u0142o \u0141owieckie &quot;Le\u015bna Polana w S\u0142awnie&quot;\" \/>\n<meta property=\"og:description\" content=\"Do &#8222;Krainy Wiecznych \u0141ow\u00f3w&#8221; odeszli nasi Koledzy: Jan Korzeniewski \u00a0 \u00a0 \u00a0 \u00a0 \u00a0 \u00a0 + 1972 r. Leonard Wiklicki \u00a0 \u00a0 \u00a0 \u00a0 \u00a0 \u00a0\u00a0 + 14 maja 1984 r. Alojzy Brewka \u00a0 \u00a0 \u00a0 \u00a0 \u00a0 \u00a0 \u00a0 \u00a0 + 1985 r. Roman Krzaczkowski \u00a0 \u00a0\u00a0 + 23 wrze\u015bnia 1986 r. Antoni Grabiec\u00a0\u00a0\u00a0\u00a0\u00a0\u00a0\u00a0\u00a0\u00a0\u00a0\u00a0\u00a0\u00a0\u00a0\u00a0 [&hellip;]\" \/>\n<meta property=\"og:url\" content=\"https:\/\/www.lesnapolanaslawno.pl\/index.php\/kolo-lowieckie\/kraina-wiecznych-lowow\/\" \/>\n<meta property=\"og:site_name\" content=\"Ko\u0142o \u0141owieckie &quot;Le\u015bna Polana w S\u0142awnie&quot;\" \/>\n<meta property=\"article:modified_time\" content=\"2019-10-31T09:30:34+00:00\" \/>\n<meta property=\"og:image\" content=\"http:\/\/www.lesnapolanaslawno.pl\/wp-content\/uploads\/2016\/11\/cropped-18_3-krzy\u017c-\u015bw.-Huberta.jpg\" \/>\n\t<meta property=\"og:image:width\" content=\"512\" \/>\n\t<meta property=\"og:image:height\" content=\"512\" \/>\n<meta name=\"twitter:card\" content=\"summary\" \/>\n<meta name=\"twitter:label1\" content=\"Szacowany czas czytania\" \/>\n\t<meta name=\"twitter:data1\" content=\"1 minuta\" \/>\n<script type=\"application\/ld+json\" class=\"yoast-schema-graph\">{\"@context\":\"https:\/\/schema.org\",\"@graph\":[{\"@type\":\"WebSite\",\"@id\":\"https:\/\/www.lesnapolanaslawno.pl\/#website\",\"url\":\"https:\/\/www.lesnapolanaslawno.pl\/\",\"name\":\"Ko\\u0142o \\u0141owieckie &quot;Le\\u015bna Polana w S\\u0142awnie&quot;\",\"description\":\"Przybli\\u017camy tematyk\\u0119 \\u0142owieck\\u0105, informujemy cz\\u0142onk\\u00f3w ko\\u0142a o bie\\u017c\\u0105cych wydarzeniach.\",\"potentialAction\":[{\"@type\":\"SearchAction\",\"target\":{\"@type\":\"EntryPoint\",\"urlTemplate\":\"https:\/\/www.lesnapolanaslawno.pl\/?s={search_term_string}\"},\"query-input\":\"required name=search_term_string\"}],\"inLanguage\":\"pl-PL\"},{\"@type\":\"WebPage\",\"@id\":\"https:\/\/www.lesnapolanaslawno.pl\/index.php\/kolo-lowieckie\/kraina-wiecznych-lowow\/#webpage\",\"url\":\"https:\/\/www.lesnapolanaslawno.pl\/index.php\/kolo-lowieckie\/kraina-wiecznych-lowow\/\",\"name\":\"Kraina Wiecznych \\u0141ow\\u00f3w - Ko\\u0142o \\u0141owieckie &quot;Le\\u015bna Polana w S\\u0142awnie&quot;\",\"isPartOf\":{\"@id\":\"https:\/\/www.lesnapolanaslawno.pl\/#website\"},\"datePublished\":\"2016-11-29T16:45:03+00:00\",\"dateModified\":\"2019-10-31T09:30:34+00:00\",\"breadcrumb\":{\"@id\":\"https:\/\/www.lesnapolanaslawno.pl\/index.php\/kolo-lowieckie\/kraina-wiecznych-lowow\/#breadcrumb\"},\"inLanguage\":\"pl-PL\",\"potentialAction\":[{\"@type\":\"ReadAction\",\"target\":[\"https:\/\/www.lesnapolanaslawno.pl\/index.php\/kolo-lowieckie\/kraina-wiecznych-lowow\/\"]}]},{\"@type\":\"BreadcrumbList\",\"@id\":\"https:\/\/www.lesnapolanaslawno.pl\/index.php\/kolo-lowieckie\/kraina-wiecznych-lowow\/#breadcrumb\",\"itemListElement\":[{\"@type\":\"ListItem\",\"position\":1,\"name\":\"Strona g\\u0142\\u00f3wna\",\"item\":\"https:\/\/www.lesnapolanaslawno.pl\/\"},{\"@type\":\"ListItem\",\"position\":2,\"name\":\"Ko\\u0142o \\u0141owieckie\",\"item\":\"https:\/\/www.lesnapolanaslawno.pl\/index.php\/kolo-lowieckie\/\"},{\"@type\":\"ListItem\",\"position\":3,\"name\":\"Kraina Wiecznych \\u0141ow\\u00f3w\"}]}]}<\/script>\n<!-- \/ Yoast SEO plugin. -->","yoast_head_json":{"title":"Kraina Wiecznych \u0141ow\u00f3w - Ko\u0142o \u0141owieckie &quot;Le\u015bna Polana w S\u0142awnie&quot;","robots":{"index":"index","follow":"follow","max-snippet":"max-snippet:-1","max-image-preview":"max-image-preview:large","max-video-preview":"max-video-preview:-1"},"canonical":"https:\/\/www.lesnapolanaslawno.pl\/index.php\/kolo-lowieckie\/kraina-wiecznych-lowow\/","og_locale":"pl_PL","og_type":"article","og_title":"Kraina Wiecznych \u0141ow\u00f3w - Ko\u0142o \u0141owieckie &quot;Le\u015bna Polana w S\u0142awnie&quot;","og_description":"Do &#8222;Krainy Wiecznych \u0141ow\u00f3w&#8221; odeszli nasi Koledzy: Jan Korzeniewski \u00a0 \u00a0 \u00a0 \u00a0 \u00a0 \u00a0 + 1972 r. Leonard Wiklicki \u00a0 \u00a0 \u00a0 \u00a0 \u00a0 \u00a0\u00a0 + 14 maja 1984 r. Alojzy Brewka \u00a0 \u00a0 \u00a0 \u00a0 \u00a0 \u00a0 \u00a0 \u00a0 + 1985 r. Roman Krzaczkowski \u00a0 \u00a0\u00a0 + 23 wrze\u015bnia 1986 r. Antoni Grabiec\u00a0\u00a0\u00a0\u00a0\u00a0\u00a0\u00a0\u00a0\u00a0\u00a0\u00a0\u00a0\u00a0\u00a0\u00a0 [&hellip;]","og_url":"https:\/\/www.lesnapolanaslawno.pl\/index.php\/kolo-lowieckie\/kraina-wiecznych-lowow\/","og_site_name":"Ko\u0142o \u0141owieckie &quot;Le\u015bna Polana w S\u0142awnie&quot;","article_modified_time":"2019-10-31T09:30:34+00:00","og_image":[{"width":512,"height":512,"url":"http:\/\/www.lesnapolanaslawno.pl\/wp-content\/uploads\/2016\/11\/cropped-18_3-krzy\u017c-\u015bw.-Huberta.jpg","path":"\/home\/lesnapolkj\/www\/wp-content\/uploads\/2016\/11\/cropped-18_3-krzy\u017c-\u015bw.-Huberta.jpg","size":"full","id":13,"alt":"","pixels":262144,"type":"image\/jpeg"}],"twitter_card":"summary","twitter_misc":{"Szacowany czas czytania":"1 minuta"},"schema":{"@context":"https:\/\/schema.org","@graph":[{"@type":"WebSite","@id":"https:\/\/www.lesnapolanaslawno.pl\/#website","url":"https:\/\/www.lesnapolanaslawno.pl\/","name":"Ko\u0142o \u0141owieckie &quot;Le\u015bna Polana w S\u0142awnie&quot;","description":"Przybli\u017camy tematyk\u0119 \u0142owieck\u0105, informujemy cz\u0142onk\u00f3w ko\u0142a o bie\u017c\u0105cych wydarzeniach.","potentialAction":[{"@type":"SearchAction","target":{"@type":"EntryPoint","urlTemplate":"https:\/\/www.lesnapolanaslawno.pl\/?s={search_term_string}"},"query-input":"required name=search_term_string"}],"inLanguage":"pl-PL"},{"@type":"WebPage","@id":"https:\/\/www.lesnapolanaslawno.pl\/index.php\/kolo-lowieckie\/kraina-wiecznych-lowow\/#webpage","url":"https:\/\/www.lesnapolanaslawno.pl\/index.php\/kolo-lowieckie\/kraina-wiecznych-lowow\/","name":"Kraina Wiecznych \u0141ow\u00f3w - Ko\u0142o \u0141owieckie &quot;Le\u015bna Polana w S\u0142awnie&quot;","isPartOf":{"@id":"https:\/\/www.lesnapolanaslawno.pl\/#website"},"datePublished":"2016-11-29T16:45:03+00:00","dateModified":"2019-10-31T09:30:34+00:00","breadcrumb":{"@id":"https:\/\/www.lesnapolanaslawno.pl\/index.php\/kolo-lowieckie\/kraina-wiecznych-lowow\/#breadcrumb"},"inLanguage":"pl-PL","potentialAction":[{"@type":"ReadAction","target":["https:\/\/www.lesnapolanaslawno.pl\/index.php\/kolo-lowieckie\/kraina-wiecznych-lowow\/"]}]},{"@type":"BreadcrumbList","@id":"https:\/\/www.lesnapolanaslawno.pl\/index.php\/kolo-lowieckie\/kraina-wiecznych-lowow\/#breadcrumb","itemListElement":[{"@type":"ListItem","position":1,"name":"Strona g\u0142\u00f3wna","item":"https:\/\/www.lesnapolanaslawno.pl\/"},{"@type":"ListItem","position":2,"name":"Ko\u0142o \u0141owieckie","item":"https:\/\/www.lesnapolanaslawno.pl\/index.php\/kolo-lowieckie\/"},{"@type":"ListItem","position":3,"name":"Kraina Wiecznych \u0141ow\u00f3w"}]}]}},"_links":{"self":[{"href":"http:\/\/www.lesnapolanaslawno.pl\/index.php\/wp-json\/wp\/v2\/pages\/67"}],"collection":[{"href":"http:\/\/www.lesnapolanaslawno.pl\/index.php\/wp-json\/wp\/v2\/pages"}],"about":[{"href":"http:\/\/www.lesnapolanaslawno.pl\/index.php\/wp-json\/wp\/v2\/types\/page"}],"author":[{"embeddable":true,"href":"http:\/\/www.lesnapolanaslawno.pl\/index.php\/wp-json\/wp\/v2\/users\/1"}],"replies":[{"embeddable":true,"href":"http:\/\/www.lesnapolanaslawno.pl\/index.php\/wp-json\/wp\/v2\/comments?post=67"}],"version-history":[{"count":13,"href":"http:\/\/www.lesnapolanaslawno.pl\/index.php\/wp-json\/wp\/v2\/pages\/67\/revisions"}],"predecessor-version":[{"id":689,"href":"http:\/\/www.lesnapolanaslawno.pl\/index.php\/wp-json\/wp\/v2\/pages\/67\/revisions\/689"}],"up":[{"embeddable":true,"href":"http:\/\/www.lesnapolanaslawno.pl\/index.php\/wp-json\/wp\/v2\/pages\/19"}],"wp:attachment":[{"href":"http:\/\/www.lesnapolanaslawno.pl\/index.php\/wp-json\/wp\/v2\/media?parent=67"}],"curies":[{"name":"wp","href":"https:\/\/api.w.org\/{rel}","templated":true}]}}