{"id":560,"date":"2018-09-20T09:29:37","date_gmt":"2018-09-20T07:29:37","guid":{"rendered":"http:\/\/www.lesnapolanaslawno.pl\/?page_id=560"},"modified":"2018-09-30T16:17:50","modified_gmt":"2018-09-30T14:17:50","slug":"przyroda-w-obiektywie","status":"publish","type":"page","link":"http:\/\/www.lesnapolanaslawno.pl\/index.php\/przyroda-w-obiektywie\/","title":{"rendered":"Przyroda w obiektywie"},"content":{"rendered":"<p><a href=\"https:\/\/photos.app.goo.gl\/dXQWuTdJurw8U2WY7\" target=\"_blank\" rel=\"noopener\"><span style=\"text-decoration: underline;\">Czatownie &#8211; A. G\u0142uszek i R. Tadajewski<\/span><\/a><\/p>\n<p><a href=\"https:\/\/photos.app.goo.gl\/tCv4zade9DVWd69L6\" target=\"_blank\" rel=\"noopener\"><span style=\"text-decoration: underline;\">Ptaki &#8211; R. Tadajewski<\/span><\/a><\/p>\n","protected":false},"excerpt":{"rendered":"<p>Czatownie &#8211; A. G\u0142uszek i R. Tadajewski Ptaki &#8211; R. Tadajewski<\/p>\n","protected":false},"author":1,"featured_media":259,"parent":0,"menu_order":0,"comment_status":"closed","ping_status":"closed","template":"","meta":[],"yoast_head":"<!-- This site is optimized with the Yoast SEO plugin v17.1 - https:\/\/yoast.com\/wordpress\/plugins\/seo\/ -->\n<title>Przyroda w obiektywie - Ko\u0142o \u0141owieckie &quot;Le\u015bna Polana w S\u0142awnie&quot;<\/title>\n<meta name=\"robots\" content=\"index, follow, max-snippet:-1, max-image-preview:large, max-video-preview:-1\" \/>\n<link rel=\"canonical\" href=\"http:\/\/www.lesnapolanaslawno.pl\/index.php\/przyroda-w-obiektywie\/\" \/>\n<meta property=\"og:locale\" content=\"pl_PL\" \/>\n<meta property=\"og:type\" content=\"article\" \/>\n<meta property=\"og:title\" content=\"Przyroda w obiektywie - Ko\u0142o \u0141owieckie &quot;Le\u015bna Polana w S\u0142awnie&quot;\" \/>\n<meta property=\"og:description\" content=\"Czatownie &#8211; A. G\u0142uszek i R. Tadajewski Ptaki &#8211; R. Tadajewski\" \/>\n<meta property=\"og:url\" content=\"http:\/\/www.lesnapolanaslawno.pl\/index.php\/przyroda-w-obiektywie\/\" \/>\n<meta property=\"og:site_name\" content=\"Ko\u0142o \u0141owieckie &quot;Le\u015bna Polana w S\u0142awnie&quot;\" \/>\n<meta property=\"article:modified_time\" content=\"2018-09-30T14:17:50+00:00\" \/>\n<meta property=\"og:image\" content=\"http:\/\/www.lesnapolanaslawno.pl\/wp-content\/uploads\/2016\/12\/rykowisko.jpg\" \/>\n\t<meta property=\"og:image:width\" content=\"850\" \/>\n\t<meta property=\"og:image:height\" content=\"680\" \/>\n<meta name=\"twitter:card\" content=\"summary\" \/>\n<script type=\"application\/ld+json\" class=\"yoast-schema-graph\">{\"@context\":\"https:\/\/schema.org\",\"@graph\":[{\"@type\":\"WebSite\",\"@id\":\"https:\/\/www.lesnapolanaslawno.pl\/#website\",\"url\":\"https:\/\/www.lesnapolanaslawno.pl\/\",\"name\":\"Ko\\u0142o \\u0141owieckie &quot;Le\\u015bna Polana w S\\u0142awnie&quot;\",\"description\":\"Przybli\\u017camy tematyk\\u0119 \\u0142owieck\\u0105, informujemy cz\\u0142onk\\u00f3w ko\\u0142a o bie\\u017c\\u0105cych wydarzeniach.\",\"potentialAction\":[{\"@type\":\"SearchAction\",\"target\":{\"@type\":\"EntryPoint\",\"urlTemplate\":\"https:\/\/www.lesnapolanaslawno.pl\/?s={search_term_string}\"},\"query-input\":\"required name=search_term_string\"}],\"inLanguage\":\"pl-PL\"},{\"@type\":\"ImageObject\",\"@id\":\"http:\/\/www.lesnapolanaslawno.pl\/index.php\/przyroda-w-obiektywie\/#primaryimage\",\"inLanguage\":\"pl-PL\",\"url\":\"http:\/\/www.lesnapolanaslawno.pl\/wp-content\/uploads\/2016\/12\/rykowisko.jpg\",\"contentUrl\":\"http:\/\/www.lesnapolanaslawno.pl\/wp-content\/uploads\/2016\/12\/rykowisko.jpg\",\"width\":850,\"height\":680},{\"@type\":\"WebPage\",\"@id\":\"http:\/\/www.lesnapolanaslawno.pl\/index.php\/przyroda-w-obiektywie\/#webpage\",\"url\":\"http:\/\/www.lesnapolanaslawno.pl\/index.php\/przyroda-w-obiektywie\/\",\"name\":\"Przyroda w obiektywie - Ko\\u0142o \\u0141owieckie &quot;Le\\u015bna Polana w S\\u0142awnie&quot;\",\"isPartOf\":{\"@id\":\"https:\/\/www.lesnapolanaslawno.pl\/#website\"},\"primaryImageOfPage\":{\"@id\":\"http:\/\/www.lesnapolanaslawno.pl\/index.php\/przyroda-w-obiektywie\/#primaryimage\"},\"datePublished\":\"2018-09-20T07:29:37+00:00\",\"dateModified\":\"2018-09-30T14:17:50+00:00\",\"breadcrumb\":{\"@id\":\"http:\/\/www.lesnapolanaslawno.pl\/index.php\/przyroda-w-obiektywie\/#breadcrumb\"},\"inLanguage\":\"pl-PL\",\"potentialAction\":[{\"@type\":\"ReadAction\",\"target\":[\"http:\/\/www.lesnapolanaslawno.pl\/index.php\/przyroda-w-obiektywie\/\"]}]},{\"@type\":\"BreadcrumbList\",\"@id\":\"http:\/\/www.lesnapolanaslawno.pl\/index.php\/przyroda-w-obiektywie\/#breadcrumb\",\"itemListElement\":[{\"@type\":\"ListItem\",\"position\":1,\"name\":\"Strona g\\u0142\\u00f3wna\",\"item\":\"https:\/\/www.lesnapolanaslawno.pl\/\"},{\"@type\":\"ListItem\",\"position\":2,\"name\":\"Przyroda w obiektywie\"}]}]}<\/script>\n<!-- \/ Yoast SEO plugin. -->","yoast_head_json":{"title":"Przyroda w obiektywie - Ko\u0142o \u0141owieckie &quot;Le\u015bna Polana w S\u0142awnie&quot;","robots":{"index":"index","follow":"follow","max-snippet":"max-snippet:-1","max-image-preview":"max-image-preview:large","max-video-preview":"max-video-preview:-1"},"canonical":"http:\/\/www.lesnapolanaslawno.pl\/index.php\/przyroda-w-obiektywie\/","og_locale":"pl_PL","og_type":"article","og_title":"Przyroda w obiektywie - Ko\u0142o \u0141owieckie &quot;Le\u015bna Polana w S\u0142awnie&quot;","og_description":"Czatownie &#8211; A. G\u0142uszek i R. Tadajewski Ptaki &#8211; R. Tadajewski","og_url":"http:\/\/www.lesnapolanaslawno.pl\/index.php\/przyroda-w-obiektywie\/","og_site_name":"Ko\u0142o \u0141owieckie &quot;Le\u015bna Polana w S\u0142awnie&quot;","article_modified_time":"2018-09-30T14:17:50+00:00","og_image":[{"width":850,"height":680,"url":"http:\/\/www.lesnapolanaslawno.pl\/wp-content\/uploads\/2016\/12\/rykowisko.jpg","path":"\/home\/lesnapolkj\/www\/wp-content\/uploads\/2016\/12\/rykowisko.jpg","size":"full","id":259,"alt":"","pixels":578000,"type":"image\/jpeg"}],"twitter_card":"summary","schema":{"@context":"https:\/\/schema.org","@graph":[{"@type":"WebSite","@id":"https:\/\/www.lesnapolanaslawno.pl\/#website","url":"https:\/\/www.lesnapolanaslawno.pl\/","name":"Ko\u0142o \u0141owieckie &quot;Le\u015bna Polana w S\u0142awnie&quot;","description":"Przybli\u017camy tematyk\u0119 \u0142owieck\u0105, informujemy cz\u0142onk\u00f3w ko\u0142a o bie\u017c\u0105cych wydarzeniach.","potentialAction":[{"@type":"SearchAction","target":{"@type":"EntryPoint","urlTemplate":"https:\/\/www.lesnapolanaslawno.pl\/?s={search_term_string}"},"query-input":"required name=search_term_string"}],"inLanguage":"pl-PL"},{"@type":"ImageObject","@id":"http:\/\/www.lesnapolanaslawno.pl\/index.php\/przyroda-w-obiektywie\/#primaryimage","inLanguage":"pl-PL","url":"http:\/\/www.lesnapolanaslawno.pl\/wp-content\/uploads\/2016\/12\/rykowisko.jpg","contentUrl":"http:\/\/www.lesnapolanaslawno.pl\/wp-content\/uploads\/2016\/12\/rykowisko.jpg","width":850,"height":680},{"@type":"WebPage","@id":"http:\/\/www.lesnapolanaslawno.pl\/index.php\/przyroda-w-obiektywie\/#webpage","url":"http:\/\/www.lesnapolanaslawno.pl\/index.php\/przyroda-w-obiektywie\/","name":"Przyroda w obiektywie - Ko\u0142o \u0141owieckie &quot;Le\u015bna Polana w S\u0142awnie&quot;","isPartOf":{"@id":"https:\/\/www.lesnapolanaslawno.pl\/#website"},"primaryImageOfPage":{"@id":"http:\/\/www.lesnapolanaslawno.pl\/index.php\/przyroda-w-obiektywie\/#primaryimage"},"datePublished":"2018-09-20T07:29:37+00:00","dateModified":"2018-09-30T14:17:50+00:00","breadcrumb":{"@id":"http:\/\/www.lesnapolanaslawno.pl\/index.php\/przyroda-w-obiektywie\/#breadcrumb"},"inLanguage":"pl-PL","potentialAction":[{"@type":"ReadAction","target":["http:\/\/www.lesnapolanaslawno.pl\/index.php\/przyroda-w-obiektywie\/"]}]},{"@type":"BreadcrumbList","@id":"http:\/\/www.lesnapolanaslawno.pl\/index.php\/przyroda-w-obiektywie\/#breadcrumb","itemListElement":[{"@type":"ListItem","position":1,"name":"Strona g\u0142\u00f3wna","item":"https:\/\/www.lesnapolanaslawno.pl\/"},{"@type":"ListItem","position":2,"name":"Przyroda w obiektywie"}]}]}},"_links":{"self":[{"href":"http:\/\/www.lesnapolanaslawno.pl\/index.php\/wp-json\/wp\/v2\/pages\/560"}],"collection":[{"href":"http:\/\/www.lesnapolanaslawno.pl\/index.php\/wp-json\/wp\/v2\/pages"}],"about":[{"href":"http:\/\/www.lesnapolanaslawno.pl\/index.php\/wp-json\/wp\/v2\/types\/page"}],"author":[{"embeddable":true,"href":"http:\/\/www.lesnapolanaslawno.pl\/index.php\/wp-json\/wp\/v2\/users\/1"}],"replies":[{"embeddable":true,"href":"http:\/\/www.lesnapolanaslawno.pl\/index.php\/wp-json\/wp\/v2\/comments?post=560"}],"version-history":[{"count":3,"href":"http:\/\/www.lesnapolanaslawno.pl\/index.php\/wp-json\/wp\/v2\/pages\/560\/revisions"}],"predecessor-version":[{"id":566,"href":"http:\/\/www.lesnapolanaslawno.pl\/index.php\/wp-json\/wp\/v2\/pages\/560\/revisions\/566"}],"wp:featuredmedia":[{"embeddable":true,"href":"http:\/\/www.lesnapolanaslawno.pl\/index.php\/wp-json\/wp\/v2\/media\/259"}],"wp:attachment":[{"href":"http:\/\/www.lesnapolanaslawno.pl\/index.php\/wp-json\/wp\/v2\/media?parent=560"}],"curies":[{"name":"wp","href":"https:\/\/api.w.org\/{rel}","templated":true}]}}