{"id":53,"date":"2016-11-29T17:33:22","date_gmt":"2016-11-29T16:33:22","guid":{"rendered":"http:\/\/www.lesnapolanaslawno.pl\/?page_id=53"},"modified":"2023-05-21T10:20:12","modified_gmt":"2023-05-21T08:20:12","slug":"struktura-i-czlonkowie-kola","status":"publish","type":"page","link":"http:\/\/www.lesnapolanaslawno.pl\/index.php\/kolo-lowieckie\/struktura-i-czlonkowie-kola\/","title":{"rendered":"Struktura i Cz\u0142onkowie Ko\u0142a"},"content":{"rendered":"<p><span style=\"color: #242222;\"><span style=\"font-family: Raleway;\"><span style=\"font-size: medium;\">Nasze Ko\u0142o liczy 66 cz\u0142onk\u00f3w macierzystych i 2 cz\u0142onk\u00f3w niemacierzystych. Obecnie sta\u017c odbywa 2 sta\u017cyst\u00f3w.<\/span><\/span><\/span><\/p>\n<p><strong><span style=\"color: #242222;\"><span style=\"font-family: Raleway;\"><span style=\"font-size: medium;\"><b>Zarz\u0105d Ko\u0142a \u0141owieckiego &#8222;Le\u015bna Polana&#8221;:<\/b><\/span><\/span><\/span><\/strong><\/p>\n<p><span style=\"color: #242222;\"><span style=\"font-family: Raleway;\"><span style=\"font-size: medium;\">Bogus\u0142aw G\u0142uszek &#8211; prezes,<\/span><\/span><\/span><\/p>\n<p><span style=\"color: #242222;\"><span style=\"font-family: Raleway;\"><span style=\"font-size: medium;\">Tadeusz G\u0142uszek &#8211; \u0142owczy,<\/span><\/span><\/span><\/p>\n<p><span style=\"color: #242222;\"><span style=\"font-family: Raleway;\"><span style=\"font-size: medium;\">Daniel Fraszko &#8211; z-ca \u0142owczego,<\/span><\/span><\/span><\/p>\n<p><span style=\"color: #242222;\"><span style=\"font-family: Raleway;\"><span style=\"font-size: medium;\">Tomasz Horodiuk &#8211; skarbnik,<\/span><\/span><\/span><\/p>\n<p><span style=\"color: #242222;\"><span style=\"font-family: Raleway;\"><span style=\"font-size: medium;\">Piotr Placha &#8211; sekretarz.<\/span><\/span><\/span><\/p>\n<p><span style=\"color: #242222;\"><span style=\"font-family: Raleway;\"><span style=\"font-size: medium;\"><b>Komisja Rewizyjna:<\/b><\/span><\/span><\/span><\/p>\n<p><span style=\"color: #242222;\"><span style=\"font-family: Raleway;\"><span style=\"font-size: medium;\">Tomasz Nowak &#8211; przewodnicz\u0105cy,<\/span><\/span><\/span><\/p>\n<p><span style=\"color: #242222;\"><span style=\"font-family: Raleway;\"><span style=\"font-size: medium;\">Andrzej Andrzejewski &#8211; cz\u0142onek,<\/span><\/span><\/span><\/p>\n<p><span style=\"color: #242222;\"><span style=\"font-family: Raleway;\"><span style=\"font-size: medium;\">\u0141ukasz Paduch &#8211; cz\u0142onek.<\/span><\/span><\/span><\/p>\n<p><span style=\"color: #242222;\"><span style=\"font-family: Raleway;\"><span style=\"font-size: medium;\"><b>Cz\u0142onkowie Okr\u0119gowej Komisji Ochrony \u015arodowiska i Architektury Krajobrazu w S\u0142upsku:<\/b><\/span><\/span><\/span><\/p>\n<p><span style=\"color: #242222;\"><span style=\"font-family: Raleway;\"><span style=\"font-size: medium;\">Stanis\u0142aw Szyszko &#8211; Przewodnicz\u0105cy.<\/span><\/span><\/span><\/p>\n<p align=\"left\"><span style=\"color: #242222;\"><span style=\"font-family: Raleway;\"><span style=\"font-size: medium;\">G\u0142uszek Wies\u0142aw. <\/span><\/span><\/span><\/p>\n<p align=\"left\"><span style=\"color: #242222;\"><span style=\"font-family: Raleway;\"><span style=\"font-size: medium;\">Dere\u0144 Sebastian.<\/span><\/span><\/span><\/p>\n<p><span style=\"color: #242222;\"><span style=\"font-family: Raleway;\"><span style=\"font-size: medium;\"><b>Cz\u0142onek Okr\u0119gowej Komisji Rewizyjnej w S\u0142upsku:<\/b><\/span><\/span><\/span><\/p>\n<p><span style=\"color: #242222;\"><span style=\"font-family: Raleway;\"><span style=\"font-size: medium;\">Koz\u0142owski J\u00f3zef.<\/span><\/span><\/span><\/p>\n<p><span style=\"color: #242222;\"><span style=\"font-family: Raleway;\"><span style=\"font-size: medium;\"><b>Cz\u0142onek Okr\u0119gowej Komisji <\/b><\/span><\/span><\/span><strong><span style=\"color: #242222;\"><span style=\"font-family: Raleway;\"><span style=\"font-size: medium;\"><b>Promocji, Etyki i Tradycji \u0141owieckich<\/b><\/span><\/span><\/span><\/strong> <span style=\"color: #242222;\"><span style=\"font-family: Raleway;\"><span style=\"font-size: medium;\"><b>w S\u0142upsku:<\/b><\/span><\/span><\/span><\/p>\n<p><span style=\"color: #242222;\"><span style=\"font-family: Raleway;\"><span style=\"font-size: medium;\">Dere\u0144 Sebastian.<\/span><\/span><\/span><\/p>\n<p><span style=\"color: #242222;\"><span style=\"font-family: Raleway;\"><span style=\"font-size: medium;\"><b>Cz\u0142onek Okr\u0119gowej Komisji <\/b><\/span><\/span><\/span><strong><span style=\"color: #242222;\"><span style=\"font-family: Raleway;\"><span style=\"font-size: medium;\"><b>Oceny Trofe\u00f3w \u0141owieckich<\/b><\/span><\/span><\/span><\/strong> <span style=\"color: #242222;\"><span style=\"font-family: Raleway;\"><span style=\"font-size: medium;\"><b>w S\u0142upsku:<\/b><\/span><\/span><\/span><\/p>\n<p><span style=\"color: #242222;\"><span style=\"font-family: Raleway;\"><span style=\"font-size: medium;\">G\u0142uszek Tadeusz.<\/span><\/span><\/span><\/p>\n<p><span style=\"color: #242222;\"><span style=\"font-family: Raleway;\"><span style=\"font-size: medium;\"><b>Cz\u0142onek Okr\u0119gowej Komisji Hodowlanej w S\u0142upsku:<\/b><\/span><\/span><\/span><\/p>\n<p><span style=\"color: #242222;\"><span style=\"font-family: Raleway;\"><span style=\"font-size: medium;\">Ko\u0142odziej Robert.<\/span><\/span><\/span><\/p>\n<p><span style=\"color: #242222;\"><span style=\"font-family: Raleway;\"><span style=\"font-size: medium;\"><b>Spo\u0142eczni Stra\u017cnicy \u0141owieccy:<\/b><\/span><\/span><\/span><\/p>\n<p><span style=\"color: #242222;\"><span style=\"font-family: Raleway;\"><span style=\"font-size: medium;\">Wies\u0142aw G\u0142uszek &#8211; obw. nr 19s,<\/span><\/span><\/span><\/p>\n<p><span style=\"color: #242222;\"><span style=\"font-family: Raleway;\"><span style=\"font-size: medium;\">Andrzej G\u0142uszek s. Ryszarda &#8211; obw. nr 19s,<\/span><\/span><\/span><\/p>\n<p><span style=\"color: #242222;\"><span style=\"font-family: Raleway;\"><span style=\"font-size: medium;\">Robert Ko\u0142odziej &#8211; obw. nr 95,<\/span><\/span><\/span><\/p>\n<p><span style=\"color: #242222;\"><span style=\"font-family: Raleway;\"><span style=\"font-size: medium;\">Roman Bekalski &#8211; obw. nr 95,<\/span><\/span><\/span><\/p>\n<p><span style=\"color: #242222;\"><span style=\"font-family: Raleway;\"><span style=\"font-size: medium;\">Pawe\u0142 Placha &#8211; obw. nr 95,<\/span><\/span><\/span><\/p>\n<p><span style=\"color: #242222;\"><span style=\"font-family: Raleway;\"><span style=\"font-size: medium;\">Jerzy Kmie\u0107 &#8211; obw. nr 95.<\/span><\/span><\/span><\/p>\n<p><strong><a href=\"https:\/\/drive.google.com\/open?id=0B1id1gwJmgeCUVpZaGV3MkZ2bDg\" target=\"_blank\" rel=\"noopener\"><span style=\"text-decoration: underline;\">Tableau z 1999 r. &#8211; z okazji 45 lat istnienia Ko\u0142a<\/span><\/a><\/strong><\/p>\n","protected":false},"excerpt":{"rendered":"<p>Nasze Ko\u0142o liczy 66 cz\u0142onk\u00f3w macierzystych i 2 cz\u0142onk\u00f3w niemacierzystych. Obecnie sta\u017c odbywa 2 sta\u017cyst\u00f3w. Zarz\u0105d Ko\u0142a \u0141owieckiego &#8222;Le\u015bna Polana&#8221;: Bogus\u0142aw G\u0142uszek &#8211; prezes, Tadeusz G\u0142uszek &#8211; \u0142owczy, Daniel Fraszko &#8211; z-ca \u0142owczego, Tomasz Horodiuk &#8211; skarbnik, Piotr Placha &#8211; sekretarz. Komisja Rewizyjna: Tomasz Nowak &#8211; przewodnicz\u0105cy, Andrzej Andrzejewski &#8211; cz\u0142onek, \u0141ukasz Paduch &#8211; cz\u0142onek. [&hellip;]<\/p>\n","protected":false},"author":1,"featured_media":295,"parent":19,"menu_order":1,"comment_status":"closed","ping_status":"closed","template":"","meta":[],"yoast_head":"<!-- This site is optimized with the Yoast SEO plugin v17.1 - https:\/\/yoast.com\/wordpress\/plugins\/seo\/ -->\n<title>Struktura i Cz\u0142onkowie Ko\u0142a - Ko\u0142o \u0141owieckie &quot;Le\u015bna Polana w S\u0142awnie&quot;<\/title>\n<meta name=\"robots\" content=\"index, follow, max-snippet:-1, max-image-preview:large, max-video-preview:-1\" \/>\n<link rel=\"canonical\" href=\"https:\/\/www.lesnapolanaslawno.pl\/index.php\/kolo-lowieckie\/struktura-i-czlonkowie-kola\/\" \/>\n<meta property=\"og:locale\" content=\"pl_PL\" \/>\n<meta property=\"og:type\" content=\"article\" \/>\n<meta property=\"og:title\" content=\"Struktura i Cz\u0142onkowie Ko\u0142a - Ko\u0142o \u0141owieckie &quot;Le\u015bna Polana w S\u0142awnie&quot;\" \/>\n<meta property=\"og:description\" content=\"Nasze Ko\u0142o liczy 66 cz\u0142onk\u00f3w macierzystych i 2 cz\u0142onk\u00f3w niemacierzystych. Obecnie sta\u017c odbywa 2 sta\u017cyst\u00f3w. Zarz\u0105d Ko\u0142a \u0141owieckiego &#8222;Le\u015bna Polana&#8221;: Bogus\u0142aw G\u0142uszek &#8211; prezes, Tadeusz G\u0142uszek &#8211; \u0142owczy, Daniel Fraszko &#8211; z-ca \u0142owczego, Tomasz Horodiuk &#8211; skarbnik, Piotr Placha &#8211; sekretarz. Komisja Rewizyjna: Tomasz Nowak &#8211; przewodnicz\u0105cy, Andrzej Andrzejewski &#8211; cz\u0142onek, \u0141ukasz Paduch &#8211; cz\u0142onek. [&hellip;]\" \/>\n<meta property=\"og:url\" content=\"https:\/\/www.lesnapolanaslawno.pl\/index.php\/kolo-lowieckie\/struktura-i-czlonkowie-kola\/\" \/>\n<meta property=\"og:site_name\" content=\"Ko\u0142o \u0141owieckie &quot;Le\u015bna Polana w S\u0142awnie&quot;\" \/>\n<meta property=\"article:modified_time\" content=\"2023-05-21T08:20:12+00:00\" \/>\n<meta property=\"og:image\" content=\"http:\/\/www.lesnapolanaslawno.pl\/wp-content\/uploads\/2016\/11\/60cioLecieKo\u0142a-217-1024x685.jpg\" \/>\n\t<meta property=\"og:image:width\" content=\"1024\" \/>\n\t<meta property=\"og:image:height\" content=\"685\" \/>\n<meta name=\"twitter:card\" content=\"summary\" \/>\n<meta name=\"twitter:label1\" content=\"Szacowany czas czytania\" \/>\n\t<meta name=\"twitter:data1\" content=\"1 minuta\" \/>\n<script type=\"application\/ld+json\" class=\"yoast-schema-graph\">{\"@context\":\"https:\/\/schema.org\",\"@graph\":[{\"@type\":\"WebSite\",\"@id\":\"http:\/\/www.lesnapolanaslawno.pl\/#website\",\"url\":\"http:\/\/www.lesnapolanaslawno.pl\/\",\"name\":\"Ko\\u0142o \\u0141owieckie &quot;Le\\u015bna Polana w S\\u0142awnie&quot;\",\"description\":\"Przybli\\u017camy tematyk\\u0119 \\u0142owieck\\u0105, informujemy cz\\u0142onk\\u00f3w ko\\u0142a o bie\\u017c\\u0105cych wydarzeniach.\",\"potentialAction\":[{\"@type\":\"SearchAction\",\"target\":{\"@type\":\"EntryPoint\",\"urlTemplate\":\"http:\/\/www.lesnapolanaslawno.pl\/?s={search_term_string}\"},\"query-input\":\"required name=search_term_string\"}],\"inLanguage\":\"pl-PL\"},{\"@type\":\"ImageObject\",\"@id\":\"https:\/\/www.lesnapolanaslawno.pl\/index.php\/kolo-lowieckie\/struktura-i-czlonkowie-kola\/#primaryimage\",\"inLanguage\":\"pl-PL\",\"url\":\"http:\/\/www.lesnapolanaslawno.pl\/wp-content\/uploads\/2016\/11\/60cioLecieKo\\u0142a-217.jpg\",\"contentUrl\":\"http:\/\/www.lesnapolanaslawno.pl\/wp-content\/uploads\/2016\/11\/60cioLecieKo\\u0142a-217.jpg\",\"width\":3872,\"height\":2592,\"caption\":\"SONY DSC\"},{\"@type\":\"WebPage\",\"@id\":\"https:\/\/www.lesnapolanaslawno.pl\/index.php\/kolo-lowieckie\/struktura-i-czlonkowie-kola\/#webpage\",\"url\":\"https:\/\/www.lesnapolanaslawno.pl\/index.php\/kolo-lowieckie\/struktura-i-czlonkowie-kola\/\",\"name\":\"Struktura i Cz\\u0142onkowie Ko\\u0142a - Ko\\u0142o \\u0141owieckie &quot;Le\\u015bna Polana w S\\u0142awnie&quot;\",\"isPartOf\":{\"@id\":\"http:\/\/www.lesnapolanaslawno.pl\/#website\"},\"primaryImageOfPage\":{\"@id\":\"https:\/\/www.lesnapolanaslawno.pl\/index.php\/kolo-lowieckie\/struktura-i-czlonkowie-kola\/#primaryimage\"},\"datePublished\":\"2016-11-29T16:33:22+00:00\",\"dateModified\":\"2023-05-21T08:20:12+00:00\",\"breadcrumb\":{\"@id\":\"https:\/\/www.lesnapolanaslawno.pl\/index.php\/kolo-lowieckie\/struktura-i-czlonkowie-kola\/#breadcrumb\"},\"inLanguage\":\"pl-PL\",\"potentialAction\":[{\"@type\":\"ReadAction\",\"target\":[\"https:\/\/www.lesnapolanaslawno.pl\/index.php\/kolo-lowieckie\/struktura-i-czlonkowie-kola\/\"]}]},{\"@type\":\"BreadcrumbList\",\"@id\":\"https:\/\/www.lesnapolanaslawno.pl\/index.php\/kolo-lowieckie\/struktura-i-czlonkowie-kola\/#breadcrumb\",\"itemListElement\":[{\"@type\":\"ListItem\",\"position\":1,\"name\":\"Strona g\\u0142\\u00f3wna\",\"item\":\"http:\/\/www.lesnapolanaslawno.pl\/\"},{\"@type\":\"ListItem\",\"position\":2,\"name\":\"Ko\\u0142o \\u0141owieckie\",\"item\":\"http:\/\/www.lesnapolanaslawno.pl\/index.php\/kolo-lowieckie\/\"},{\"@type\":\"ListItem\",\"position\":3,\"name\":\"Struktura i Cz\\u0142onkowie Ko\\u0142a\"}]}]}<\/script>\n<!-- \/ Yoast SEO plugin. -->","yoast_head_json":{"title":"Struktura i Cz\u0142onkowie Ko\u0142a - Ko\u0142o \u0141owieckie &quot;Le\u015bna Polana w S\u0142awnie&quot;","robots":{"index":"index","follow":"follow","max-snippet":"max-snippet:-1","max-image-preview":"max-image-preview:large","max-video-preview":"max-video-preview:-1"},"canonical":"https:\/\/www.lesnapolanaslawno.pl\/index.php\/kolo-lowieckie\/struktura-i-czlonkowie-kola\/","og_locale":"pl_PL","og_type":"article","og_title":"Struktura i Cz\u0142onkowie Ko\u0142a - Ko\u0142o \u0141owieckie &quot;Le\u015bna Polana w S\u0142awnie&quot;","og_description":"Nasze Ko\u0142o liczy 66 cz\u0142onk\u00f3w macierzystych i 2 cz\u0142onk\u00f3w niemacierzystych. Obecnie sta\u017c odbywa 2 sta\u017cyst\u00f3w. Zarz\u0105d Ko\u0142a \u0141owieckiego &#8222;Le\u015bna Polana&#8221;: Bogus\u0142aw G\u0142uszek &#8211; prezes, Tadeusz G\u0142uszek &#8211; \u0142owczy, Daniel Fraszko &#8211; z-ca \u0142owczego, Tomasz Horodiuk &#8211; skarbnik, Piotr Placha &#8211; sekretarz. Komisja Rewizyjna: Tomasz Nowak &#8211; przewodnicz\u0105cy, Andrzej Andrzejewski &#8211; cz\u0142onek, \u0141ukasz Paduch &#8211; cz\u0142onek. [&hellip;]","og_url":"https:\/\/www.lesnapolanaslawno.pl\/index.php\/kolo-lowieckie\/struktura-i-czlonkowie-kola\/","og_site_name":"Ko\u0142o \u0141owieckie &quot;Le\u015bna Polana w S\u0142awnie&quot;","article_modified_time":"2023-05-21T08:20:12+00:00","og_image":[{"width":1024,"height":685,"path":"2016\/11\/60cioLecieKo\u0142a-217-1024x685.jpg","url":"http:\/\/www.lesnapolanaslawno.pl\/wp-content\/uploads\/2016\/11\/60cioLecieKo\u0142a-217-1024x685.jpg","size":"large","id":295,"alt":"","pixels":701440,"type":"image\/jpeg"}],"twitter_card":"summary","twitter_misc":{"Szacowany czas czytania":"1 minuta"},"schema":{"@context":"https:\/\/schema.org","@graph":[{"@type":"WebSite","@id":"http:\/\/www.lesnapolanaslawno.pl\/#website","url":"http:\/\/www.lesnapolanaslawno.pl\/","name":"Ko\u0142o \u0141owieckie &quot;Le\u015bna Polana w S\u0142awnie&quot;","description":"Przybli\u017camy tematyk\u0119 \u0142owieck\u0105, informujemy cz\u0142onk\u00f3w ko\u0142a o bie\u017c\u0105cych wydarzeniach.","potentialAction":[{"@type":"SearchAction","target":{"@type":"EntryPoint","urlTemplate":"http:\/\/www.lesnapolanaslawno.pl\/?s={search_term_string}"},"query-input":"required name=search_term_string"}],"inLanguage":"pl-PL"},{"@type":"ImageObject","@id":"https:\/\/www.lesnapolanaslawno.pl\/index.php\/kolo-lowieckie\/struktura-i-czlonkowie-kola\/#primaryimage","inLanguage":"pl-PL","url":"http:\/\/www.lesnapolanaslawno.pl\/wp-content\/uploads\/2016\/11\/60cioLecieKo\u0142a-217.jpg","contentUrl":"http:\/\/www.lesnapolanaslawno.pl\/wp-content\/uploads\/2016\/11\/60cioLecieKo\u0142a-217.jpg","width":3872,"height":2592,"caption":"SONY DSC"},{"@type":"WebPage","@id":"https:\/\/www.lesnapolanaslawno.pl\/index.php\/kolo-lowieckie\/struktura-i-czlonkowie-kola\/#webpage","url":"https:\/\/www.lesnapolanaslawno.pl\/index.php\/kolo-lowieckie\/struktura-i-czlonkowie-kola\/","name":"Struktura i Cz\u0142onkowie Ko\u0142a - Ko\u0142o \u0141owieckie &quot;Le\u015bna Polana w S\u0142awnie&quot;","isPartOf":{"@id":"http:\/\/www.lesnapolanaslawno.pl\/#website"},"primaryImageOfPage":{"@id":"https:\/\/www.lesnapolanaslawno.pl\/index.php\/kolo-lowieckie\/struktura-i-czlonkowie-kola\/#primaryimage"},"datePublished":"2016-11-29T16:33:22+00:00","dateModified":"2023-05-21T08:20:12+00:00","breadcrumb":{"@id":"https:\/\/www.lesnapolanaslawno.pl\/index.php\/kolo-lowieckie\/struktura-i-czlonkowie-kola\/#breadcrumb"},"inLanguage":"pl-PL","potentialAction":[{"@type":"ReadAction","target":["https:\/\/www.lesnapolanaslawno.pl\/index.php\/kolo-lowieckie\/struktura-i-czlonkowie-kola\/"]}]},{"@type":"BreadcrumbList","@id":"https:\/\/www.lesnapolanaslawno.pl\/index.php\/kolo-lowieckie\/struktura-i-czlonkowie-kola\/#breadcrumb","itemListElement":[{"@type":"ListItem","position":1,"name":"Strona g\u0142\u00f3wna","item":"http:\/\/www.lesnapolanaslawno.pl\/"},{"@type":"ListItem","position":2,"name":"Ko\u0142o \u0141owieckie","item":"http:\/\/www.lesnapolanaslawno.pl\/index.php\/kolo-lowieckie\/"},{"@type":"ListItem","position":3,"name":"Struktura i Cz\u0142onkowie Ko\u0142a"}]}]}},"_links":{"self":[{"href":"http:\/\/www.lesnapolanaslawno.pl\/index.php\/wp-json\/wp\/v2\/pages\/53"}],"collection":[{"href":"http:\/\/www.lesnapolanaslawno.pl\/index.php\/wp-json\/wp\/v2\/pages"}],"about":[{"href":"http:\/\/www.lesnapolanaslawno.pl\/index.php\/wp-json\/wp\/v2\/types\/page"}],"author":[{"embeddable":true,"href":"http:\/\/www.lesnapolanaslawno.pl\/index.php\/wp-json\/wp\/v2\/users\/1"}],"replies":[{"embeddable":true,"href":"http:\/\/www.lesnapolanaslawno.pl\/index.php\/wp-json\/wp\/v2\/comments?post=53"}],"version-history":[{"count":13,"href":"http:\/\/www.lesnapolanaslawno.pl\/index.php\/wp-json\/wp\/v2\/pages\/53\/revisions"}],"predecessor-version":[{"id":773,"href":"http:\/\/www.lesnapolanaslawno.pl\/index.php\/wp-json\/wp\/v2\/pages\/53\/revisions\/773"}],"up":[{"embeddable":true,"href":"http:\/\/www.lesnapolanaslawno.pl\/index.php\/wp-json\/wp\/v2\/pages\/19"}],"wp:featuredmedia":[{"embeddable":true,"href":"http:\/\/www.lesnapolanaslawno.pl\/index.php\/wp-json\/wp\/v2\/media\/295"}],"wp:attachment":[{"href":"http:\/\/www.lesnapolanaslawno.pl\/index.php\/wp-json\/wp\/v2\/media?parent=53"}],"curies":[{"name":"wp","href":"https:\/\/api.w.org\/{rel}","templated":true}]}}