{"id":500,"date":"2018-01-21T20:32:51","date_gmt":"2018-01-21T19:32:51","guid":{"rendered":"http:\/\/www.lesnapolanaslawno.pl\/?page_id=500"},"modified":"2019-01-03T17:27:05","modified_gmt":"2019-01-03T16:27:05","slug":"rok-2018","status":"publish","type":"page","link":"http:\/\/www.lesnapolanaslawno.pl\/index.php\/rok-2018\/","title":{"rendered":"Rok 2018"},"content":{"rendered":"<p><a href=\"https:\/\/photos.app.goo.gl\/wZrBWxLGCWSkPz2o8\"><span style=\"text-decoration: underline; color: #339966;\">Polowanie Wigilijne 22 12 2018 zdj\u0119cia<\/span><\/a><\/p>\n<p><a href=\"https:\/\/photos.app.goo.gl\/m1R2bncnD12WXutW7\" target=\"_blank\" rel=\"noopener\"><span style=\"text-decoration: underline;\">Polowanie hubertowskie 03 11 2018 zdj\u0119cia<\/span><\/a><\/p>\n<p><span style=\"text-decoration: underline;\"><a href=\"https:\/\/photos.app.goo.gl\/kkxvnibFJVh9fjWP7\" target=\"_blank\" rel=\"noopener\">Walne Zgromadzenie Cz\u0142onk\u00f3w Ko\u0142a 17 06 2018<\/a><\/span><\/p>\n<p><a href=\"https:\/\/photos.app.goo.gl\/NchH338YdRV8z2ga2\" target=\"_blank\" rel=\"noopener\"><span style=\"text-decoration: underline;\">Zbiorowe 14 01 2018<\/span><\/a><\/p>\n<p><a href=\"https:\/\/photos.app.goo.gl\/UrCwsDWkENjKqyvA2\" target=\"_blank\" rel=\"noopener\"><span style=\"text-decoration: underline;\">Zbiorowe 13 01 2018<\/span><\/a><\/p>\n<p><a href=\"https:\/\/www.youtube.com\/playlist?list=PLrO78KIsnxGzYkVeIj0bUPSqHJyoDVICA\" target=\"_blank\" rel=\"noopener\"><span style=\"text-decoration: underline;\">Zbiorowe 13 01 2018 filmy<\/span><\/a><\/p>\n","protected":false},"excerpt":{"rendered":"<p>Polowanie Wigilijne 22 12 2018 zdj\u0119cia Polowanie hubertowskie 03 11 2018 zdj\u0119cia Walne Zgromadzenie Cz\u0142onk\u00f3w Ko\u0142a 17 06 2018 Zbiorowe 14 01 2018 Zbiorowe 13 01 2018 Zbiorowe 13 01 2018 filmy<\/p>\n","protected":false},"author":1,"featured_media":505,"parent":0,"menu_order":0,"comment_status":"closed","ping_status":"closed","template":"","meta":[],"yoast_head":"<!-- This site is optimized with the Yoast SEO plugin v17.1 - https:\/\/yoast.com\/wordpress\/plugins\/seo\/ -->\n<title>Rok 2018 - Ko\u0142o \u0141owieckie &quot;Le\u015bna Polana w S\u0142awnie&quot;<\/title>\n<meta name=\"robots\" content=\"index, follow, max-snippet:-1, max-image-preview:large, max-video-preview:-1\" \/>\n<link rel=\"canonical\" href=\"http:\/\/www.lesnapolanaslawno.pl\/index.php\/rok-2018\/\" \/>\n<meta property=\"og:locale\" content=\"pl_PL\" \/>\n<meta property=\"og:type\" content=\"article\" \/>\n<meta property=\"og:title\" content=\"Rok 2018 - Ko\u0142o \u0141owieckie &quot;Le\u015bna Polana w S\u0142awnie&quot;\" \/>\n<meta property=\"og:description\" content=\"Polowanie Wigilijne 22 12 2018 zdj\u0119cia Polowanie hubertowskie 03 11 2018 zdj\u0119cia Walne Zgromadzenie Cz\u0142onk\u00f3w Ko\u0142a 17 06 2018 Zbiorowe 14 01 2018 Zbiorowe 13 01 2018 Zbiorowe 13 01 2018 filmy\" \/>\n<meta property=\"og:url\" content=\"http:\/\/www.lesnapolanaslawno.pl\/index.php\/rok-2018\/\" \/>\n<meta property=\"og:site_name\" content=\"Ko\u0142o \u0141owieckie &quot;Le\u015bna Polana w S\u0142awnie&quot;\" \/>\n<meta property=\"article:modified_time\" content=\"2019-01-03T16:27:05+00:00\" \/>\n<meta property=\"og:image\" content=\"http:\/\/www.lesnapolanaslawno.pl\/wp-content\/uploads\/2018\/01\/Zbiorowe-201801-14-26-1024x613.jpg\" \/>\n\t<meta property=\"og:image:width\" content=\"1024\" \/>\n\t<meta property=\"og:image:height\" content=\"613\" \/>\n<meta name=\"twitter:card\" content=\"summary\" \/>\n<script type=\"application\/ld+json\" class=\"yoast-schema-graph\">{\"@context\":\"https:\/\/schema.org\",\"@graph\":[{\"@type\":\"WebSite\",\"@id\":\"https:\/\/www.lesnapolanaslawno.pl\/#website\",\"url\":\"https:\/\/www.lesnapolanaslawno.pl\/\",\"name\":\"Ko\\u0142o \\u0141owieckie &quot;Le\\u015bna Polana w S\\u0142awnie&quot;\",\"description\":\"Przybli\\u017camy tematyk\\u0119 \\u0142owieck\\u0105, informujemy cz\\u0142onk\\u00f3w ko\\u0142a o bie\\u017c\\u0105cych wydarzeniach.\",\"potentialAction\":[{\"@type\":\"SearchAction\",\"target\":{\"@type\":\"EntryPoint\",\"urlTemplate\":\"https:\/\/www.lesnapolanaslawno.pl\/?s={search_term_string}\"},\"query-input\":\"required name=search_term_string\"}],\"inLanguage\":\"pl-PL\"},{\"@type\":\"ImageObject\",\"@id\":\"http:\/\/www.lesnapolanaslawno.pl\/index.php\/rok-2018\/#primaryimage\",\"inLanguage\":\"pl-PL\",\"url\":\"http:\/\/www.lesnapolanaslawno.pl\/wp-content\/uploads\/2018\/01\/Zbiorowe-201801-14-26.jpg\",\"contentUrl\":\"http:\/\/www.lesnapolanaslawno.pl\/wp-content\/uploads\/2018\/01\/Zbiorowe-201801-14-26.jpg\",\"width\":5654,\"height\":3384},{\"@type\":\"WebPage\",\"@id\":\"http:\/\/www.lesnapolanaslawno.pl\/index.php\/rok-2018\/#webpage\",\"url\":\"http:\/\/www.lesnapolanaslawno.pl\/index.php\/rok-2018\/\",\"name\":\"Rok 2018 - Ko\\u0142o \\u0141owieckie &quot;Le\\u015bna Polana w S\\u0142awnie&quot;\",\"isPartOf\":{\"@id\":\"https:\/\/www.lesnapolanaslawno.pl\/#website\"},\"primaryImageOfPage\":{\"@id\":\"http:\/\/www.lesnapolanaslawno.pl\/index.php\/rok-2018\/#primaryimage\"},\"datePublished\":\"2018-01-21T19:32:51+00:00\",\"dateModified\":\"2019-01-03T16:27:05+00:00\",\"breadcrumb\":{\"@id\":\"http:\/\/www.lesnapolanaslawno.pl\/index.php\/rok-2018\/#breadcrumb\"},\"inLanguage\":\"pl-PL\",\"potentialAction\":[{\"@type\":\"ReadAction\",\"target\":[\"http:\/\/www.lesnapolanaslawno.pl\/index.php\/rok-2018\/\"]}]},{\"@type\":\"BreadcrumbList\",\"@id\":\"http:\/\/www.lesnapolanaslawno.pl\/index.php\/rok-2018\/#breadcrumb\",\"itemListElement\":[{\"@type\":\"ListItem\",\"position\":1,\"name\":\"Strona g\\u0142\\u00f3wna\",\"item\":\"https:\/\/www.lesnapolanaslawno.pl\/\"},{\"@type\":\"ListItem\",\"position\":2,\"name\":\"Rok 2018\"}]}]}<\/script>\n<!-- \/ Yoast SEO plugin. -->","yoast_head_json":{"title":"Rok 2018 - Ko\u0142o \u0141owieckie &quot;Le\u015bna Polana w S\u0142awnie&quot;","robots":{"index":"index","follow":"follow","max-snippet":"max-snippet:-1","max-image-preview":"max-image-preview:large","max-video-preview":"max-video-preview:-1"},"canonical":"http:\/\/www.lesnapolanaslawno.pl\/index.php\/rok-2018\/","og_locale":"pl_PL","og_type":"article","og_title":"Rok 2018 - Ko\u0142o \u0141owieckie &quot;Le\u015bna Polana w S\u0142awnie&quot;","og_description":"Polowanie Wigilijne 22 12 2018 zdj\u0119cia Polowanie hubertowskie 03 11 2018 zdj\u0119cia Walne Zgromadzenie Cz\u0142onk\u00f3w Ko\u0142a 17 06 2018 Zbiorowe 14 01 2018 Zbiorowe 13 01 2018 Zbiorowe 13 01 2018 filmy","og_url":"http:\/\/www.lesnapolanaslawno.pl\/index.php\/rok-2018\/","og_site_name":"Ko\u0142o \u0141owieckie &quot;Le\u015bna Polana w S\u0142awnie&quot;","article_modified_time":"2019-01-03T16:27:05+00:00","og_image":[{"width":1024,"height":613,"path":"2018\/01\/Zbiorowe-201801-14-26-1024x613.jpg","url":"http:\/\/www.lesnapolanaslawno.pl\/wp-content\/uploads\/2018\/01\/Zbiorowe-201801-14-26-1024x613.jpg","size":"large","id":505,"alt":"","pixels":627712,"type":"image\/jpeg"}],"twitter_card":"summary","schema":{"@context":"https:\/\/schema.org","@graph":[{"@type":"WebSite","@id":"https:\/\/www.lesnapolanaslawno.pl\/#website","url":"https:\/\/www.lesnapolanaslawno.pl\/","name":"Ko\u0142o \u0141owieckie &quot;Le\u015bna Polana w S\u0142awnie&quot;","description":"Przybli\u017camy tematyk\u0119 \u0142owieck\u0105, informujemy cz\u0142onk\u00f3w ko\u0142a o bie\u017c\u0105cych wydarzeniach.","potentialAction":[{"@type":"SearchAction","target":{"@type":"EntryPoint","urlTemplate":"https:\/\/www.lesnapolanaslawno.pl\/?s={search_term_string}"},"query-input":"required name=search_term_string"}],"inLanguage":"pl-PL"},{"@type":"ImageObject","@id":"http:\/\/www.lesnapolanaslawno.pl\/index.php\/rok-2018\/#primaryimage","inLanguage":"pl-PL","url":"http:\/\/www.lesnapolanaslawno.pl\/wp-content\/uploads\/2018\/01\/Zbiorowe-201801-14-26.jpg","contentUrl":"http:\/\/www.lesnapolanaslawno.pl\/wp-content\/uploads\/2018\/01\/Zbiorowe-201801-14-26.jpg","width":5654,"height":3384},{"@type":"WebPage","@id":"http:\/\/www.lesnapolanaslawno.pl\/index.php\/rok-2018\/#webpage","url":"http:\/\/www.lesnapolanaslawno.pl\/index.php\/rok-2018\/","name":"Rok 2018 - Ko\u0142o \u0141owieckie &quot;Le\u015bna Polana w S\u0142awnie&quot;","isPartOf":{"@id":"https:\/\/www.lesnapolanaslawno.pl\/#website"},"primaryImageOfPage":{"@id":"http:\/\/www.lesnapolanaslawno.pl\/index.php\/rok-2018\/#primaryimage"},"datePublished":"2018-01-21T19:32:51+00:00","dateModified":"2019-01-03T16:27:05+00:00","breadcrumb":{"@id":"http:\/\/www.lesnapolanaslawno.pl\/index.php\/rok-2018\/#breadcrumb"},"inLanguage":"pl-PL","potentialAction":[{"@type":"ReadAction","target":["http:\/\/www.lesnapolanaslawno.pl\/index.php\/rok-2018\/"]}]},{"@type":"BreadcrumbList","@id":"http:\/\/www.lesnapolanaslawno.pl\/index.php\/rok-2018\/#breadcrumb","itemListElement":[{"@type":"ListItem","position":1,"name":"Strona g\u0142\u00f3wna","item":"https:\/\/www.lesnapolanaslawno.pl\/"},{"@type":"ListItem","position":2,"name":"Rok 2018"}]}]}},"_links":{"self":[{"href":"http:\/\/www.lesnapolanaslawno.pl\/index.php\/wp-json\/wp\/v2\/pages\/500"}],"collection":[{"href":"http:\/\/www.lesnapolanaslawno.pl\/index.php\/wp-json\/wp\/v2\/pages"}],"about":[{"href":"http:\/\/www.lesnapolanaslawno.pl\/index.php\/wp-json\/wp\/v2\/types\/page"}],"author":[{"embeddable":true,"href":"http:\/\/www.lesnapolanaslawno.pl\/index.php\/wp-json\/wp\/v2\/users\/1"}],"replies":[{"embeddable":true,"href":"http:\/\/www.lesnapolanaslawno.pl\/index.php\/wp-json\/wp\/v2\/comments?post=500"}],"version-history":[{"count":7,"href":"http:\/\/www.lesnapolanaslawno.pl\/index.php\/wp-json\/wp\/v2\/pages\/500\/revisions"}],"predecessor-version":[{"id":595,"href":"http:\/\/www.lesnapolanaslawno.pl\/index.php\/wp-json\/wp\/v2\/pages\/500\/revisions\/595"}],"wp:featuredmedia":[{"embeddable":true,"href":"http:\/\/www.lesnapolanaslawno.pl\/index.php\/wp-json\/wp\/v2\/media\/505"}],"wp:attachment":[{"href":"http:\/\/www.lesnapolanaslawno.pl\/index.php\/wp-json\/wp\/v2\/media?parent=500"}],"curies":[{"name":"wp","href":"https:\/\/api.w.org\/{rel}","templated":true}]}}