{"id":324,"date":"2016-12-29T14:08:20","date_gmt":"2016-12-29T13:08:20","guid":{"rendered":"http:\/\/www.lesnapolanaslawno.pl\/?page_id=324"},"modified":"2019-03-14T10:18:57","modified_gmt":"2019-03-14T09:18:57","slug":"poradnik-selekcjonera","status":"publish","type":"page","link":"http:\/\/www.lesnapolanaslawno.pl\/index.php\/kolo-lowieckie\/poradnik-selekcjonera\/","title":{"rendered":"Poradnik Selekcjonera"},"content":{"rendered":"<p><span style=\"color: #242222;\">Poni\u017csze linki zawieraj\u0105 informacje przydatne my\u015bliwym w realizowaniu ich hobby:<\/span><\/p>\n<p><a href=\"https:\/\/drive.google.com\/open?id=1QwPEx5wCrKJYujArZFv1th8LSXXpaQJb\"><span style=\"text-decoration: underline;\"><strong>Statut Polskiego Zwi\u0105zku \u0141owieckiego<\/strong><\/span><\/a><\/p>\n<p><span style=\"color: #273621;\"><a style=\"color: #273621;\" href=\"https:\/\/drive.google.com\/open?id=0B1id1gwJmgeCWWFaQlVuM2FrQUE\" target=\"_blank\" rel=\"noopener\"><span style=\"text-decoration: underline;\">Zasady selekcji osobniczej 22.02.2005<\/span><\/a><\/span><\/p>\n<p><span style=\"color: #242222;\">SARNA:<\/span><\/p>\n<p><span style=\"text-decoration: underline; color: #e78e05;\">Okre\u015blanie wieku sarny-zu\u017cycie z\u0119b\u00f3w<\/span><\/p>\n<p><span style=\"text-decoration: underline; color: #e78e05;\"><a style=\"color: #e78e05; text-decoration: underline;\" href=\"https:\/\/drive.google.com\/open?id=0B1id1gwJmgeCMXI0UnZrOXRvamM\" target=\"_blank\" rel=\"noopener\">Sarna &#8211; zmiany uz\u0119bienia \u017cuchwy<\/a><\/span><\/p>\n<p><span style=\"text-decoration: underline; color: #e78e05;\"><a style=\"color: #e78e05; text-decoration: underline;\" href=\"https:\/\/drive.google.com\/open?id=0B1id1gwJmgeCa0VOY1l1SU9kZ0xkcWxLUXR6ajNUMjItbWJn\" target=\"_blank\" rel=\"noopener\">Sarna &#8211; ocena_wieku_uz\u0119bienie<\/a><\/span><\/p>\n<p><span style=\"color: #e78e05;\"><a style=\"color: #e78e05;\" href=\"https:\/\/drive.google.com\/open?id=0B1id1gwJmgeCSkJQSmN1Y1o5dzg\" target=\"_blank\" rel=\"noopener\"><span style=\"text-decoration: underline;\">Preparowanie parostk\u00f3w<\/span><\/a><\/span><\/p>\n<p><span style=\"color: #242222;\">JELE\u0143 SZLACHETNY:<\/span><\/p>\n<p><span style=\"color: #e78e05;\"><a style=\"color: #e78e05;\" href=\"https:\/\/drive.google.com\/open?id=0B1id1gwJmgeCQ3prQzlsbzB0amM\" target=\"_blank\" rel=\"noopener\"><span style=\"text-decoration: underline;\">Szacowanie wieku jeleni<\/span><\/a><\/span><\/p>\n<p><span style=\"color: #e78e05;\"><a style=\"color: #e78e05;\" href=\"https:\/\/drive.google.com\/open?id=0B1id1gwJmgeCYWh4UHdXZDJPMDNrSDB6OUNzZUNyMlRVTjV3\" target=\"_blank\" rel=\"noopener\"><span style=\"text-decoration: underline;\">Jele\u0144 &#8211; ocena_wieku_uz\u0119bienie<\/span><\/a><\/span><\/p>\n","protected":false},"excerpt":{"rendered":"<p>Poni\u017csze linki zawieraj\u0105 informacje przydatne my\u015bliwym w realizowaniu ich hobby: Statut Polskiego Zwi\u0105zku \u0141owieckiego Zasady selekcji osobniczej 22.02.2005 SARNA: Okre\u015blanie wieku sarny-zu\u017cycie z\u0119b\u00f3w Sarna &#8211; zmiany uz\u0119bienia \u017cuchwy Sarna &#8211; ocena_wieku_uz\u0119bienie Preparowanie parostk\u00f3w JELE\u0143 SZLACHETNY: Szacowanie wieku jeleni Jele\u0144 &#8211; ocena_wieku_uz\u0119bienie<\/p>\n","protected":false},"author":1,"featured_media":252,"parent":19,"menu_order":2,"comment_status":"closed","ping_status":"closed","template":"","meta":[],"yoast_head":"<!-- This site is optimized with the Yoast SEO plugin v17.1 - https:\/\/yoast.com\/wordpress\/plugins\/seo\/ -->\n<title>Poradnik Selekcjonera - Ko\u0142o \u0141owieckie &quot;Le\u015bna Polana w S\u0142awnie&quot;<\/title>\n<meta name=\"robots\" content=\"index, follow, max-snippet:-1, max-image-preview:large, max-video-preview:-1\" \/>\n<link rel=\"canonical\" href=\"http:\/\/www.lesnapolanaslawno.pl\/index.php\/kolo-lowieckie\/poradnik-selekcjonera\/\" \/>\n<meta property=\"og:locale\" content=\"pl_PL\" \/>\n<meta property=\"og:type\" content=\"article\" \/>\n<meta property=\"og:title\" content=\"Poradnik Selekcjonera - Ko\u0142o \u0141owieckie &quot;Le\u015bna Polana w S\u0142awnie&quot;\" \/>\n<meta property=\"og:description\" content=\"Poni\u017csze linki zawieraj\u0105 informacje przydatne my\u015bliwym w realizowaniu ich hobby: Statut Polskiego Zwi\u0105zku \u0141owieckiego Zasady selekcji osobniczej 22.02.2005 SARNA: Okre\u015blanie wieku sarny-zu\u017cycie z\u0119b\u00f3w Sarna &#8211; zmiany uz\u0119bienia \u017cuchwy Sarna &#8211; ocena_wieku_uz\u0119bienie Preparowanie parostk\u00f3w JELE\u0143 SZLACHETNY: Szacowanie wieku jeleni Jele\u0144 &#8211; ocena_wieku_uz\u0119bienie\" \/>\n<meta property=\"og:url\" content=\"http:\/\/www.lesnapolanaslawno.pl\/index.php\/kolo-lowieckie\/poradnik-selekcjonera\/\" \/>\n<meta property=\"og:site_name\" content=\"Ko\u0142o \u0141owieckie &quot;Le\u015bna Polana w S\u0142awnie&quot;\" \/>\n<meta property=\"article:modified_time\" content=\"2019-03-14T09:18:57+00:00\" \/>\n<meta property=\"og:image\" content=\"http:\/\/www.lesnapolanaslawno.pl\/wp-content\/uploads\/2016\/12\/jele\u0144-byk-le\u017c\u0105cy-e1483018314274.jpg\" \/>\n\t<meta property=\"og:image:width\" content=\"617\" \/>\n\t<meta property=\"og:image:height\" content=\"319\" \/>\n<meta name=\"twitter:card\" content=\"summary\" \/>\n<script type=\"application\/ld+json\" class=\"yoast-schema-graph\">{\"@context\":\"https:\/\/schema.org\",\"@graph\":[{\"@type\":\"WebSite\",\"@id\":\"http:\/\/www.lesnapolanaslawno.pl\/#website\",\"url\":\"http:\/\/www.lesnapolanaslawno.pl\/\",\"name\":\"Ko\\u0142o \\u0141owieckie &quot;Le\\u015bna Polana w S\\u0142awnie&quot;\",\"description\":\"Przybli\\u017camy tematyk\\u0119 \\u0142owieck\\u0105, informujemy cz\\u0142onk\\u00f3w ko\\u0142a o bie\\u017c\\u0105cych wydarzeniach.\",\"potentialAction\":[{\"@type\":\"SearchAction\",\"target\":{\"@type\":\"EntryPoint\",\"urlTemplate\":\"http:\/\/www.lesnapolanaslawno.pl\/?s={search_term_string}\"},\"query-input\":\"required name=search_term_string\"}],\"inLanguage\":\"pl-PL\"},{\"@type\":\"ImageObject\",\"@id\":\"http:\/\/www.lesnapolanaslawno.pl\/index.php\/kolo-lowieckie\/poradnik-selekcjonera\/#primaryimage\",\"inLanguage\":\"pl-PL\",\"url\":\"http:\/\/www.lesnapolanaslawno.pl\/wp-content\/uploads\/2016\/12\/jele\\u0144-byk-le\\u017c\\u0105cy-e1483018314274.jpg\",\"contentUrl\":\"http:\/\/www.lesnapolanaslawno.pl\/wp-content\/uploads\/2016\/12\/jele\\u0144-byk-le\\u017c\\u0105cy-e1483018314274.jpg\",\"width\":617,\"height\":319,\"caption\":\"Jele\\u0144 byk\"},{\"@type\":\"WebPage\",\"@id\":\"http:\/\/www.lesnapolanaslawno.pl\/index.php\/kolo-lowieckie\/poradnik-selekcjonera\/#webpage\",\"url\":\"http:\/\/www.lesnapolanaslawno.pl\/index.php\/kolo-lowieckie\/poradnik-selekcjonera\/\",\"name\":\"Poradnik Selekcjonera - Ko\\u0142o \\u0141owieckie &quot;Le\\u015bna Polana w S\\u0142awnie&quot;\",\"isPartOf\":{\"@id\":\"http:\/\/www.lesnapolanaslawno.pl\/#website\"},\"primaryImageOfPage\":{\"@id\":\"http:\/\/www.lesnapolanaslawno.pl\/index.php\/kolo-lowieckie\/poradnik-selekcjonera\/#primaryimage\"},\"datePublished\":\"2016-12-29T13:08:20+00:00\",\"dateModified\":\"2019-03-14T09:18:57+00:00\",\"breadcrumb\":{\"@id\":\"http:\/\/www.lesnapolanaslawno.pl\/index.php\/kolo-lowieckie\/poradnik-selekcjonera\/#breadcrumb\"},\"inLanguage\":\"pl-PL\",\"potentialAction\":[{\"@type\":\"ReadAction\",\"target\":[\"http:\/\/www.lesnapolanaslawno.pl\/index.php\/kolo-lowieckie\/poradnik-selekcjonera\/\"]}]},{\"@type\":\"BreadcrumbList\",\"@id\":\"http:\/\/www.lesnapolanaslawno.pl\/index.php\/kolo-lowieckie\/poradnik-selekcjonera\/#breadcrumb\",\"itemListElement\":[{\"@type\":\"ListItem\",\"position\":1,\"name\":\"Strona g\\u0142\\u00f3wna\",\"item\":\"http:\/\/www.lesnapolanaslawno.pl\/\"},{\"@type\":\"ListItem\",\"position\":2,\"name\":\"Ko\\u0142o \\u0141owieckie\",\"item\":\"http:\/\/www.lesnapolanaslawno.pl\/index.php\/kolo-lowieckie\/\"},{\"@type\":\"ListItem\",\"position\":3,\"name\":\"Poradnik Selekcjonera\"}]}]}<\/script>\n<!-- \/ Yoast SEO plugin. -->","yoast_head_json":{"title":"Poradnik Selekcjonera - Ko\u0142o \u0141owieckie &quot;Le\u015bna Polana w S\u0142awnie&quot;","robots":{"index":"index","follow":"follow","max-snippet":"max-snippet:-1","max-image-preview":"max-image-preview:large","max-video-preview":"max-video-preview:-1"},"canonical":"http:\/\/www.lesnapolanaslawno.pl\/index.php\/kolo-lowieckie\/poradnik-selekcjonera\/","og_locale":"pl_PL","og_type":"article","og_title":"Poradnik Selekcjonera - Ko\u0142o \u0141owieckie &quot;Le\u015bna Polana w S\u0142awnie&quot;","og_description":"Poni\u017csze linki zawieraj\u0105 informacje przydatne my\u015bliwym w realizowaniu ich hobby: Statut Polskiego Zwi\u0105zku \u0141owieckiego Zasady selekcji osobniczej 22.02.2005 SARNA: Okre\u015blanie wieku sarny-zu\u017cycie z\u0119b\u00f3w Sarna &#8211; zmiany uz\u0119bienia \u017cuchwy Sarna &#8211; ocena_wieku_uz\u0119bienie Preparowanie parostk\u00f3w JELE\u0143 SZLACHETNY: Szacowanie wieku jeleni Jele\u0144 &#8211; ocena_wieku_uz\u0119bienie","og_url":"http:\/\/www.lesnapolanaslawno.pl\/index.php\/kolo-lowieckie\/poradnik-selekcjonera\/","og_site_name":"Ko\u0142o \u0141owieckie &quot;Le\u015bna Polana w S\u0142awnie&quot;","article_modified_time":"2019-03-14T09:18:57+00:00","og_image":[{"width":617,"height":319,"url":"http:\/\/www.lesnapolanaslawno.pl\/wp-content\/uploads\/2016\/12\/jele\u0144-byk-le\u017c\u0105cy-e1483018314274.jpg","path":"\/home\/lesnapolkj\/www\/wp-content\/uploads\/2016\/12\/jele\u0144-byk-le\u017c\u0105cy-e1483018314274.jpg","size":"full","id":252,"alt":"","pixels":196823,"type":"image\/jpeg"}],"twitter_card":"summary","schema":{"@context":"https:\/\/schema.org","@graph":[{"@type":"WebSite","@id":"http:\/\/www.lesnapolanaslawno.pl\/#website","url":"http:\/\/www.lesnapolanaslawno.pl\/","name":"Ko\u0142o \u0141owieckie &quot;Le\u015bna Polana w S\u0142awnie&quot;","description":"Przybli\u017camy tematyk\u0119 \u0142owieck\u0105, informujemy cz\u0142onk\u00f3w ko\u0142a o bie\u017c\u0105cych wydarzeniach.","potentialAction":[{"@type":"SearchAction","target":{"@type":"EntryPoint","urlTemplate":"http:\/\/www.lesnapolanaslawno.pl\/?s={search_term_string}"},"query-input":"required name=search_term_string"}],"inLanguage":"pl-PL"},{"@type":"ImageObject","@id":"http:\/\/www.lesnapolanaslawno.pl\/index.php\/kolo-lowieckie\/poradnik-selekcjonera\/#primaryimage","inLanguage":"pl-PL","url":"http:\/\/www.lesnapolanaslawno.pl\/wp-content\/uploads\/2016\/12\/jele\u0144-byk-le\u017c\u0105cy-e1483018314274.jpg","contentUrl":"http:\/\/www.lesnapolanaslawno.pl\/wp-content\/uploads\/2016\/12\/jele\u0144-byk-le\u017c\u0105cy-e1483018314274.jpg","width":617,"height":319,"caption":"Jele\u0144 byk"},{"@type":"WebPage","@id":"http:\/\/www.lesnapolanaslawno.pl\/index.php\/kolo-lowieckie\/poradnik-selekcjonera\/#webpage","url":"http:\/\/www.lesnapolanaslawno.pl\/index.php\/kolo-lowieckie\/poradnik-selekcjonera\/","name":"Poradnik Selekcjonera - Ko\u0142o \u0141owieckie &quot;Le\u015bna Polana w S\u0142awnie&quot;","isPartOf":{"@id":"http:\/\/www.lesnapolanaslawno.pl\/#website"},"primaryImageOfPage":{"@id":"http:\/\/www.lesnapolanaslawno.pl\/index.php\/kolo-lowieckie\/poradnik-selekcjonera\/#primaryimage"},"datePublished":"2016-12-29T13:08:20+00:00","dateModified":"2019-03-14T09:18:57+00:00","breadcrumb":{"@id":"http:\/\/www.lesnapolanaslawno.pl\/index.php\/kolo-lowieckie\/poradnik-selekcjonera\/#breadcrumb"},"inLanguage":"pl-PL","potentialAction":[{"@type":"ReadAction","target":["http:\/\/www.lesnapolanaslawno.pl\/index.php\/kolo-lowieckie\/poradnik-selekcjonera\/"]}]},{"@type":"BreadcrumbList","@id":"http:\/\/www.lesnapolanaslawno.pl\/index.php\/kolo-lowieckie\/poradnik-selekcjonera\/#breadcrumb","itemListElement":[{"@type":"ListItem","position":1,"name":"Strona g\u0142\u00f3wna","item":"http:\/\/www.lesnapolanaslawno.pl\/"},{"@type":"ListItem","position":2,"name":"Ko\u0142o \u0141owieckie","item":"http:\/\/www.lesnapolanaslawno.pl\/index.php\/kolo-lowieckie\/"},{"@type":"ListItem","position":3,"name":"Poradnik Selekcjonera"}]}]}},"_links":{"self":[{"href":"http:\/\/www.lesnapolanaslawno.pl\/index.php\/wp-json\/wp\/v2\/pages\/324"}],"collection":[{"href":"http:\/\/www.lesnapolanaslawno.pl\/index.php\/wp-json\/wp\/v2\/pages"}],"about":[{"href":"http:\/\/www.lesnapolanaslawno.pl\/index.php\/wp-json\/wp\/v2\/types\/page"}],"author":[{"embeddable":true,"href":"http:\/\/www.lesnapolanaslawno.pl\/index.php\/wp-json\/wp\/v2\/users\/1"}],"replies":[{"embeddable":true,"href":"http:\/\/www.lesnapolanaslawno.pl\/index.php\/wp-json\/wp\/v2\/comments?post=324"}],"version-history":[{"count":8,"href":"http:\/\/www.lesnapolanaslawno.pl\/index.php\/wp-json\/wp\/v2\/pages\/324\/revisions"}],"predecessor-version":[{"id":619,"href":"http:\/\/www.lesnapolanaslawno.pl\/index.php\/wp-json\/wp\/v2\/pages\/324\/revisions\/619"}],"up":[{"embeddable":true,"href":"http:\/\/www.lesnapolanaslawno.pl\/index.php\/wp-json\/wp\/v2\/pages\/19"}],"wp:featuredmedia":[{"embeddable":true,"href":"http:\/\/www.lesnapolanaslawno.pl\/index.php\/wp-json\/wp\/v2\/media\/252"}],"wp:attachment":[{"href":"http:\/\/www.lesnapolanaslawno.pl\/index.php\/wp-json\/wp\/v2\/media?parent=324"}],"curies":[{"name":"wp","href":"https:\/\/api.w.org\/{rel}","templated":true}]}}