{"id":28,"date":"2016-11-29T16:28:28","date_gmt":"2016-11-29T15:28:28","guid":{"rendered":"http:\/\/www.lesnapolanaslawno.pl\/?page_id=28"},"modified":"2019-07-02T10:39:48","modified_gmt":"2019-07-02T08:39:48","slug":"galeria","status":"publish","type":"page","link":"http:\/\/www.lesnapolanaslawno.pl\/index.php\/galeria\/","title":{"rendered":"Galeria"},"content":{"rendered":"<p><a href=\"http:\/\/www.lesnapolanaslawno.pl\/index.php\/rok-2019\/\" target=\"_blank\" rel=\"noopener noreferrer\"><span style=\"text-decoration: underline;\"><strong>Rok 2019<\/strong><\/span><\/a><\/p>\n<p><a href=\"http:\/\/www.lesnapolanaslawno.pl\/index.php\/rok-2018\/\" target=\"_blank\" rel=\"noopener noreferrer\"><span style=\"text-decoration: underline;\"><strong>Rok 2018<\/strong><\/span><\/a><\/p>\n<p><strong><span style=\"text-decoration: underline;\"><a href=\"http:\/\/www.lesnapolanaslawno.pl\/index.php\/dla-czlonkow-kola\/galeria-mysliwska\/rok-2017\/\" target=\"_blank\" rel=\"noopener noreferrer\">Rok 2017<\/a><\/span><\/strong><\/p>\n<p><strong><span style=\"text-decoration: underline;\"><a href=\"http:\/\/www.lesnapolanaslawno.pl\/index.php\/galeria\/rok-2016\/\" target=\"_blank\" rel=\"noopener noreferrer\">Rok 2016<\/a><\/span><\/strong><\/p>\n<p><strong><span style=\"text-decoration: underline;\"><a href=\"http:\/\/www.lesnapolanaslawno.pl\/index.php\/galeria\/rok-2015\/\" target=\"_blank\" rel=\"noopener noreferrer\">Rok 2015<\/a><\/span><\/strong><\/p>\n<p><strong><span style=\"text-decoration: underline;\"><a href=\"http:\/\/www.lesnapolanaslawno.pl\/index.php\/galeria\/rok-2014\/\" target=\"_blank\" rel=\"noopener noreferrer\">Rok 2014<\/a><\/span><\/strong><\/p>\n<p><strong><span style=\"text-decoration: underline;\"><a href=\"http:\/\/www.lesnapolanaslawno.pl\/index.php\/galeria\/rok-2013\/\" target=\"_blank\" rel=\"noopener noreferrer\">Rok 2013<\/a><\/span><\/strong><\/p>\n<p><strong><span style=\"text-decoration: underline;\"><a href=\"http:\/\/www.lesnapolanaslawno.pl\/index.php\/galeria\/rok-2012\/\" target=\"_blank\" rel=\"noopener noreferrer\">Rok 2012<\/a><\/span><\/strong><\/p>\n<p><strong><span style=\"text-decoration: underline;\"><a href=\"http:\/\/www.lesnapolanaslawno.pl\/index.php\/galeria\/rok-2011\/\" target=\"_blank\" rel=\"noopener noreferrer\">Rok 2011<\/a><\/span><\/strong><\/p>\n<p><strong><span style=\"text-decoration: underline;\"><a href=\"http:\/\/www.lesnapolanaslawno.pl\/index.php\/galeria\/rok-2010\/\" target=\"_blank\" rel=\"noopener noreferrer\">Rok 2010<\/a><\/span><\/strong><\/p>\n<p><strong><span style=\"text-decoration: underline;\"><a href=\"http:\/\/www.lesnapolanaslawno.pl\/index.php\/galeria\/rok-2009\/\" target=\"_blank\" rel=\"noopener noreferrer\">Rok 2009<\/a><\/span><\/strong><\/p>\n<p><strong><span style=\"text-decoration: underline;\"><a href=\"http:\/\/www.lesnapolanaslawno.pl\/index.php\/galeria\/rok-2008\/\" target=\"_blank\" rel=\"noopener noreferrer\">Rok 2008<\/a><\/span><\/strong><\/p>\n<p><strong><span style=\"text-decoration: underline;\"><a href=\"http:\/\/www.lesnapolanaslawno.pl\/index.php\/galeria\/rok-1996\/\" target=\"_blank\" rel=\"noopener noreferrer\">Rok 1996<\/a><\/span><\/strong><\/p>\n<p><strong><span style=\"text-decoration: underline;\"><a href=\"http:\/\/www.lesnapolanaslawno.pl\/index.php\/galeria\/rok-1995\/\" target=\"_blank\" rel=\"noopener noreferrer\">Rok 1995<\/a><\/span><\/strong><\/p>\n<p><strong><span style=\"text-decoration: underline;\"><a href=\"http:\/\/www.lesnapolanaslawno.pl\/index.php\/galeria\/rok-1994\/\" target=\"_blank\" rel=\"noopener noreferrer\">Rok 1994<\/a><\/span><\/strong><\/p>\n<p><strong><span style=\"text-decoration: underline;\"><a href=\"http:\/\/www.lesnapolanaslawno.pl\/index.php\/galeria\/rok-1991\/\" target=\"_blank\" rel=\"noopener noreferrer\">Rok 1991<\/a><\/span><\/strong><\/p>\n","protected":false},"excerpt":{"rendered":"<p>Rok 2019 Rok 2018 Rok 2017 Rok 2016 Rok 2015 Rok 2014 Rok 2013 Rok 2012 Rok 2011 Rok 2010 Rok 2009 Rok 2008 Rok 1996 Rok 1995 Rok 1994 Rok 1991<\/p>\n","protected":false},"author":1,"featured_media":34,"parent":0,"menu_order":0,"comment_status":"closed","ping_status":"closed","template":"","meta":[],"yoast_head":"<!-- This site is optimized with the Yoast SEO plugin v17.1 - https:\/\/yoast.com\/wordpress\/plugins\/seo\/ -->\n<title>Galeria - Ko\u0142o \u0141owieckie &quot;Le\u015bna Polana w S\u0142awnie&quot;<\/title>\n<meta name=\"robots\" content=\"index, follow, max-snippet:-1, max-image-preview:large, max-video-preview:-1\" \/>\n<link rel=\"canonical\" href=\"http:\/\/www.lesnapolanaslawno.pl\/index.php\/galeria\/\" \/>\n<meta property=\"og:locale\" content=\"pl_PL\" \/>\n<meta property=\"og:type\" content=\"article\" \/>\n<meta property=\"og:title\" content=\"Galeria - Ko\u0142o \u0141owieckie &quot;Le\u015bna Polana w S\u0142awnie&quot;\" \/>\n<meta property=\"og:description\" content=\"Rok 2019 Rok 2018 Rok 2017 Rok 2016 Rok 2015 Rok 2014 Rok 2013 Rok 2012 Rok 2011 Rok 2010 Rok 2009 Rok 2008 Rok 1996 Rok 1995 Rok 1994 Rok 1991\" \/>\n<meta property=\"og:url\" content=\"http:\/\/www.lesnapolanaslawno.pl\/index.php\/galeria\/\" \/>\n<meta property=\"og:site_name\" content=\"Ko\u0142o \u0141owieckie &quot;Le\u015bna Polana w S\u0142awnie&quot;\" \/>\n<meta property=\"article:modified_time\" content=\"2019-07-02T08:39:48+00:00\" \/>\n<meta property=\"og:image\" content=\"http:\/\/www.lesnapolanaslawno.pl\/wp-content\/uploads\/2016\/11\/Hubertus-2016-19.jpg\" \/>\n\t<meta property=\"og:image:width\" content=\"2126\" \/>\n\t<meta property=\"og:image:height\" content=\"867\" \/>\n<meta name=\"twitter:card\" content=\"summary\" \/>\n<script type=\"application\/ld+json\" class=\"yoast-schema-graph\">{\"@context\":\"https:\/\/schema.org\",\"@graph\":[{\"@type\":\"WebSite\",\"@id\":\"https:\/\/www.lesnapolanaslawno.pl\/#website\",\"url\":\"https:\/\/www.lesnapolanaslawno.pl\/\",\"name\":\"Ko\\u0142o \\u0141owieckie &quot;Le\\u015bna Polana w S\\u0142awnie&quot;\",\"description\":\"Przybli\\u017camy tematyk\\u0119 \\u0142owieck\\u0105, informujemy cz\\u0142onk\\u00f3w ko\\u0142a o bie\\u017c\\u0105cych wydarzeniach.\",\"potentialAction\":[{\"@type\":\"SearchAction\",\"target\":{\"@type\":\"EntryPoint\",\"urlTemplate\":\"https:\/\/www.lesnapolanaslawno.pl\/?s={search_term_string}\"},\"query-input\":\"required name=search_term_string\"}],\"inLanguage\":\"pl-PL\"},{\"@type\":\"ImageObject\",\"@id\":\"http:\/\/www.lesnapolanaslawno.pl\/index.php\/galeria\/#primaryimage\",\"inLanguage\":\"pl-PL\",\"url\":\"http:\/\/www.lesnapolanaslawno.pl\/wp-content\/uploads\/2016\/11\/Hubertus-2016-19.jpg\",\"contentUrl\":\"http:\/\/www.lesnapolanaslawno.pl\/wp-content\/uploads\/2016\/11\/Hubertus-2016-19.jpg\",\"width\":2126,\"height\":867},{\"@type\":\"WebPage\",\"@id\":\"http:\/\/www.lesnapolanaslawno.pl\/index.php\/galeria\/#webpage\",\"url\":\"http:\/\/www.lesnapolanaslawno.pl\/index.php\/galeria\/\",\"name\":\"Galeria - Ko\\u0142o \\u0141owieckie &quot;Le\\u015bna Polana w S\\u0142awnie&quot;\",\"isPartOf\":{\"@id\":\"https:\/\/www.lesnapolanaslawno.pl\/#website\"},\"primaryImageOfPage\":{\"@id\":\"http:\/\/www.lesnapolanaslawno.pl\/index.php\/galeria\/#primaryimage\"},\"datePublished\":\"2016-11-29T15:28:28+00:00\",\"dateModified\":\"2019-07-02T08:39:48+00:00\",\"breadcrumb\":{\"@id\":\"http:\/\/www.lesnapolanaslawno.pl\/index.php\/galeria\/#breadcrumb\"},\"inLanguage\":\"pl-PL\",\"potentialAction\":[{\"@type\":\"ReadAction\",\"target\":[\"http:\/\/www.lesnapolanaslawno.pl\/index.php\/galeria\/\"]}]},{\"@type\":\"BreadcrumbList\",\"@id\":\"http:\/\/www.lesnapolanaslawno.pl\/index.php\/galeria\/#breadcrumb\",\"itemListElement\":[{\"@type\":\"ListItem\",\"position\":1,\"name\":\"Strona g\\u0142\\u00f3wna\",\"item\":\"https:\/\/www.lesnapolanaslawno.pl\/\"},{\"@type\":\"ListItem\",\"position\":2,\"name\":\"Galeria\"}]}]}<\/script>\n<!-- \/ Yoast SEO plugin. -->","yoast_head_json":{"title":"Galeria - Ko\u0142o \u0141owieckie &quot;Le\u015bna Polana w S\u0142awnie&quot;","robots":{"index":"index","follow":"follow","max-snippet":"max-snippet:-1","max-image-preview":"max-image-preview:large","max-video-preview":"max-video-preview:-1"},"canonical":"http:\/\/www.lesnapolanaslawno.pl\/index.php\/galeria\/","og_locale":"pl_PL","og_type":"article","og_title":"Galeria - Ko\u0142o \u0141owieckie &quot;Le\u015bna Polana w S\u0142awnie&quot;","og_description":"Rok 2019 Rok 2018 Rok 2017 Rok 2016 Rok 2015 Rok 2014 Rok 2013 Rok 2012 Rok 2011 Rok 2010 Rok 2009 Rok 2008 Rok 1996 Rok 1995 Rok 1994 Rok 1991","og_url":"http:\/\/www.lesnapolanaslawno.pl\/index.php\/galeria\/","og_site_name":"Ko\u0142o \u0141owieckie &quot;Le\u015bna Polana w S\u0142awnie&quot;","article_modified_time":"2019-07-02T08:39:48+00:00","og_image":[{"width":2126,"height":867,"url":"http:\/\/www.lesnapolanaslawno.pl\/wp-content\/uploads\/2016\/11\/Hubertus-2016-19.jpg","path":"\/home\/lesnapolkj\/www\/wp-content\/uploads\/2016\/11\/Hubertus-2016-19.jpg","size":"full","id":34,"alt":"","pixels":1843242,"type":"image\/jpeg"}],"twitter_card":"summary","schema":{"@context":"https:\/\/schema.org","@graph":[{"@type":"WebSite","@id":"https:\/\/www.lesnapolanaslawno.pl\/#website","url":"https:\/\/www.lesnapolanaslawno.pl\/","name":"Ko\u0142o \u0141owieckie &quot;Le\u015bna Polana w S\u0142awnie&quot;","description":"Przybli\u017camy tematyk\u0119 \u0142owieck\u0105, informujemy cz\u0142onk\u00f3w ko\u0142a o bie\u017c\u0105cych wydarzeniach.","potentialAction":[{"@type":"SearchAction","target":{"@type":"EntryPoint","urlTemplate":"https:\/\/www.lesnapolanaslawno.pl\/?s={search_term_string}"},"query-input":"required name=search_term_string"}],"inLanguage":"pl-PL"},{"@type":"ImageObject","@id":"http:\/\/www.lesnapolanaslawno.pl\/index.php\/galeria\/#primaryimage","inLanguage":"pl-PL","url":"http:\/\/www.lesnapolanaslawno.pl\/wp-content\/uploads\/2016\/11\/Hubertus-2016-19.jpg","contentUrl":"http:\/\/www.lesnapolanaslawno.pl\/wp-content\/uploads\/2016\/11\/Hubertus-2016-19.jpg","width":2126,"height":867},{"@type":"WebPage","@id":"http:\/\/www.lesnapolanaslawno.pl\/index.php\/galeria\/#webpage","url":"http:\/\/www.lesnapolanaslawno.pl\/index.php\/galeria\/","name":"Galeria - Ko\u0142o \u0141owieckie &quot;Le\u015bna Polana w S\u0142awnie&quot;","isPartOf":{"@id":"https:\/\/www.lesnapolanaslawno.pl\/#website"},"primaryImageOfPage":{"@id":"http:\/\/www.lesnapolanaslawno.pl\/index.php\/galeria\/#primaryimage"},"datePublished":"2016-11-29T15:28:28+00:00","dateModified":"2019-07-02T08:39:48+00:00","breadcrumb":{"@id":"http:\/\/www.lesnapolanaslawno.pl\/index.php\/galeria\/#breadcrumb"},"inLanguage":"pl-PL","potentialAction":[{"@type":"ReadAction","target":["http:\/\/www.lesnapolanaslawno.pl\/index.php\/galeria\/"]}]},{"@type":"BreadcrumbList","@id":"http:\/\/www.lesnapolanaslawno.pl\/index.php\/galeria\/#breadcrumb","itemListElement":[{"@type":"ListItem","position":1,"name":"Strona g\u0142\u00f3wna","item":"https:\/\/www.lesnapolanaslawno.pl\/"},{"@type":"ListItem","position":2,"name":"Galeria"}]}]}},"_links":{"self":[{"href":"http:\/\/www.lesnapolanaslawno.pl\/index.php\/wp-json\/wp\/v2\/pages\/28"}],"collection":[{"href":"http:\/\/www.lesnapolanaslawno.pl\/index.php\/wp-json\/wp\/v2\/pages"}],"about":[{"href":"http:\/\/www.lesnapolanaslawno.pl\/index.php\/wp-json\/wp\/v2\/types\/page"}],"author":[{"embeddable":true,"href":"http:\/\/www.lesnapolanaslawno.pl\/index.php\/wp-json\/wp\/v2\/users\/1"}],"replies":[{"embeddable":true,"href":"http:\/\/www.lesnapolanaslawno.pl\/index.php\/wp-json\/wp\/v2\/comments?post=28"}],"version-history":[{"count":8,"href":"http:\/\/www.lesnapolanaslawno.pl\/index.php\/wp-json\/wp\/v2\/pages\/28\/revisions"}],"predecessor-version":[{"id":654,"href":"http:\/\/www.lesnapolanaslawno.pl\/index.php\/wp-json\/wp\/v2\/pages\/28\/revisions\/654"}],"wp:featuredmedia":[{"embeddable":true,"href":"http:\/\/www.lesnapolanaslawno.pl\/index.php\/wp-json\/wp\/v2\/media\/34"}],"wp:attachment":[{"href":"http:\/\/www.lesnapolanaslawno.pl\/index.php\/wp-json\/wp\/v2\/media?parent=28"}],"curies":[{"name":"wp","href":"https:\/\/api.w.org\/{rel}","templated":true}]}}