{"id":145,"date":"2016-12-08T18:35:30","date_gmt":"2016-12-08T17:35:30","guid":{"rendered":"http:\/\/www.lesnapolanaslawno.pl\/?page_id=145"},"modified":"2023-12-03T13:54:29","modified_gmt":"2023-12-03T12:54:29","slug":"plan-polowan","status":"publish","type":"page","link":"http:\/\/www.lesnapolanaslawno.pl\/index.php\/dla-czlonkow-kola\/plan-polowan\/","title":{"rendered":"Plan Polowa\u0144"},"content":{"rendered":"<p><a href=\"https:\/\/drive.google.com\/file\/d\/1wurhmMWtlAfNNBG-B1XxF2VXLgXPIumM\/view?usp=sharing\" data-rich-text-format-boundary=\"true\">Uzupe\u0142nienie &#8211; Plan polowa\u0144 zbiorowych w sezonie 2023\/2024<\/a><\/p>\n<p><a href=\"https:\/\/drive.google.com\/file\/d\/1AINspJR9138MjnKHApL0qv3CaL9rtb5q\/view?usp=sharing\" data-rich-text-format-boundary=\"true\">Plan polowa\u0144 zbiorowych w sezonie 2023\/2024<\/a><\/p>\n","protected":false},"excerpt":{"rendered":"<p>Uzupe\u0142nienie &#8211; Plan polowa\u0144 zbiorowych w sezonie 2023\/2024 Plan polowa\u0144 zbiorowych w sezonie 2023\/2024<\/p>\n","protected":false},"author":1,"featured_media":29,"parent":142,"menu_order":0,"comment_status":"closed","ping_status":"closed","template":"","meta":[],"yoast_head":"<!-- This site is optimized with the Yoast SEO plugin v17.1 - https:\/\/yoast.com\/wordpress\/plugins\/seo\/ -->\n<title>Plan Polowa\u0144 - Ko\u0142o \u0141owieckie &quot;Le\u015bna Polana w S\u0142awnie&quot;<\/title>\n<meta name=\"robots\" content=\"index, follow, max-snippet:-1, max-image-preview:large, max-video-preview:-1\" \/>\n<link rel=\"canonical\" href=\"http:\/\/www.lesnapolanaslawno.pl\/index.php\/dla-czlonkow-kola\/plan-polowan\/\" \/>\n<meta property=\"og:locale\" content=\"pl_PL\" \/>\n<meta property=\"og:type\" content=\"article\" \/>\n<meta property=\"og:title\" content=\"Plan Polowa\u0144 - Ko\u0142o \u0141owieckie &quot;Le\u015bna Polana w S\u0142awnie&quot;\" \/>\n<meta property=\"og:description\" content=\"Uzupe\u0142nienie &#8211; Plan polowa\u0144 zbiorowych w sezonie 2023\/2024 Plan polowa\u0144 zbiorowych w sezonie 2023\/2024\" \/>\n<meta property=\"og:url\" content=\"http:\/\/www.lesnapolanaslawno.pl\/index.php\/dla-czlonkow-kola\/plan-polowan\/\" \/>\n<meta property=\"og:site_name\" content=\"Ko\u0142o \u0141owieckie &quot;Le\u015bna Polana w S\u0142awnie&quot;\" \/>\n<meta property=\"article:modified_time\" content=\"2023-12-03T12:54:29+00:00\" \/>\n<meta property=\"og:image\" content=\"http:\/\/www.lesnapolanaslawno.pl\/wp-content\/uploads\/2016\/11\/Hubertus-2016-15-e1481218828717.jpg\" \/>\n\t<meta property=\"og:image:width\" content=\"1884\" \/>\n\t<meta property=\"og:image:height\" content=\"804\" \/>\n<meta name=\"twitter:card\" content=\"summary\" \/>\n<script type=\"application\/ld+json\" class=\"yoast-schema-graph\">{\"@context\":\"https:\/\/schema.org\",\"@graph\":[{\"@type\":\"WebSite\",\"@id\":\"http:\/\/www.lesnapolanaslawno.pl\/#website\",\"url\":\"http:\/\/www.lesnapolanaslawno.pl\/\",\"name\":\"Ko\\u0142o \\u0141owieckie &quot;Le\\u015bna Polana w S\\u0142awnie&quot;\",\"description\":\"Przybli\\u017camy tematyk\\u0119 \\u0142owieck\\u0105, informujemy cz\\u0142onk\\u00f3w ko\\u0142a o bie\\u017c\\u0105cych wydarzeniach.\",\"potentialAction\":[{\"@type\":\"SearchAction\",\"target\":{\"@type\":\"EntryPoint\",\"urlTemplate\":\"http:\/\/www.lesnapolanaslawno.pl\/?s={search_term_string}\"},\"query-input\":\"required name=search_term_string\"}],\"inLanguage\":\"pl-PL\"},{\"@type\":\"ImageObject\",\"@id\":\"http:\/\/www.lesnapolanaslawno.pl\/index.php\/dla-czlonkow-kola\/plan-polowan\/#primaryimage\",\"inLanguage\":\"pl-PL\",\"url\":\"http:\/\/www.lesnapolanaslawno.pl\/wp-content\/uploads\/2016\/11\/Hubertus-2016-15-e1481218828717.jpg\",\"contentUrl\":\"http:\/\/www.lesnapolanaslawno.pl\/wp-content\/uploads\/2016\/11\/Hubertus-2016-15-e1481218828717.jpg\",\"width\":1884,\"height\":804},{\"@type\":\"WebPage\",\"@id\":\"http:\/\/www.lesnapolanaslawno.pl\/index.php\/dla-czlonkow-kola\/plan-polowan\/#webpage\",\"url\":\"http:\/\/www.lesnapolanaslawno.pl\/index.php\/dla-czlonkow-kola\/plan-polowan\/\",\"name\":\"Plan Polowa\\u0144 - Ko\\u0142o \\u0141owieckie &quot;Le\\u015bna Polana w S\\u0142awnie&quot;\",\"isPartOf\":{\"@id\":\"http:\/\/www.lesnapolanaslawno.pl\/#website\"},\"primaryImageOfPage\":{\"@id\":\"http:\/\/www.lesnapolanaslawno.pl\/index.php\/dla-czlonkow-kola\/plan-polowan\/#primaryimage\"},\"datePublished\":\"2016-12-08T17:35:30+00:00\",\"dateModified\":\"2023-12-03T12:54:29+00:00\",\"breadcrumb\":{\"@id\":\"http:\/\/www.lesnapolanaslawno.pl\/index.php\/dla-czlonkow-kola\/plan-polowan\/#breadcrumb\"},\"inLanguage\":\"pl-PL\",\"potentialAction\":[{\"@type\":\"ReadAction\",\"target\":[\"http:\/\/www.lesnapolanaslawno.pl\/index.php\/dla-czlonkow-kola\/plan-polowan\/\"]}]},{\"@type\":\"BreadcrumbList\",\"@id\":\"http:\/\/www.lesnapolanaslawno.pl\/index.php\/dla-czlonkow-kola\/plan-polowan\/#breadcrumb\",\"itemListElement\":[{\"@type\":\"ListItem\",\"position\":1,\"name\":\"Strona g\\u0142\\u00f3wna\",\"item\":\"http:\/\/www.lesnapolanaslawno.pl\/\"},{\"@type\":\"ListItem\",\"position\":2,\"name\":\"Dla Cz\\u0142onk\\u00f3w Ko\\u0142a\",\"item\":\"https:\/\/www.lesnapolanaslawno.pl\/index.php\/dla-czlonkow-kola\/\"},{\"@type\":\"ListItem\",\"position\":3,\"name\":\"Plan Polowa\\u0144\"}]}]}<\/script>\n<!-- \/ Yoast SEO plugin. -->","yoast_head_json":{"title":"Plan Polowa\u0144 - Ko\u0142o \u0141owieckie &quot;Le\u015bna Polana w S\u0142awnie&quot;","robots":{"index":"index","follow":"follow","max-snippet":"max-snippet:-1","max-image-preview":"max-image-preview:large","max-video-preview":"max-video-preview:-1"},"canonical":"http:\/\/www.lesnapolanaslawno.pl\/index.php\/dla-czlonkow-kola\/plan-polowan\/","og_locale":"pl_PL","og_type":"article","og_title":"Plan Polowa\u0144 - Ko\u0142o \u0141owieckie &quot;Le\u015bna Polana w S\u0142awnie&quot;","og_description":"Uzupe\u0142nienie &#8211; Plan polowa\u0144 zbiorowych w sezonie 2023\/2024 Plan polowa\u0144 zbiorowych w sezonie 2023\/2024","og_url":"http:\/\/www.lesnapolanaslawno.pl\/index.php\/dla-czlonkow-kola\/plan-polowan\/","og_site_name":"Ko\u0142o \u0141owieckie &quot;Le\u015bna Polana w S\u0142awnie&quot;","article_modified_time":"2023-12-03T12:54:29+00:00","og_image":[{"width":1884,"height":804,"url":"http:\/\/www.lesnapolanaslawno.pl\/wp-content\/uploads\/2016\/11\/Hubertus-2016-15-e1481218828717.jpg","path":"\/home\/lesnapolkj\/www\/wp-content\/uploads\/2016\/11\/Hubertus-2016-15-e1481218828717.jpg","size":"full","id":29,"alt":"","pixels":1514736,"type":"image\/jpeg"}],"twitter_card":"summary","schema":{"@context":"https:\/\/schema.org","@graph":[{"@type":"WebSite","@id":"http:\/\/www.lesnapolanaslawno.pl\/#website","url":"http:\/\/www.lesnapolanaslawno.pl\/","name":"Ko\u0142o \u0141owieckie &quot;Le\u015bna Polana w S\u0142awnie&quot;","description":"Przybli\u017camy tematyk\u0119 \u0142owieck\u0105, informujemy cz\u0142onk\u00f3w ko\u0142a o bie\u017c\u0105cych wydarzeniach.","potentialAction":[{"@type":"SearchAction","target":{"@type":"EntryPoint","urlTemplate":"http:\/\/www.lesnapolanaslawno.pl\/?s={search_term_string}"},"query-input":"required name=search_term_string"}],"inLanguage":"pl-PL"},{"@type":"ImageObject","@id":"http:\/\/www.lesnapolanaslawno.pl\/index.php\/dla-czlonkow-kola\/plan-polowan\/#primaryimage","inLanguage":"pl-PL","url":"http:\/\/www.lesnapolanaslawno.pl\/wp-content\/uploads\/2016\/11\/Hubertus-2016-15-e1481218828717.jpg","contentUrl":"http:\/\/www.lesnapolanaslawno.pl\/wp-content\/uploads\/2016\/11\/Hubertus-2016-15-e1481218828717.jpg","width":1884,"height":804},{"@type":"WebPage","@id":"http:\/\/www.lesnapolanaslawno.pl\/index.php\/dla-czlonkow-kola\/plan-polowan\/#webpage","url":"http:\/\/www.lesnapolanaslawno.pl\/index.php\/dla-czlonkow-kola\/plan-polowan\/","name":"Plan Polowa\u0144 - Ko\u0142o \u0141owieckie &quot;Le\u015bna Polana w S\u0142awnie&quot;","isPartOf":{"@id":"http:\/\/www.lesnapolanaslawno.pl\/#website"},"primaryImageOfPage":{"@id":"http:\/\/www.lesnapolanaslawno.pl\/index.php\/dla-czlonkow-kola\/plan-polowan\/#primaryimage"},"datePublished":"2016-12-08T17:35:30+00:00","dateModified":"2023-12-03T12:54:29+00:00","breadcrumb":{"@id":"http:\/\/www.lesnapolanaslawno.pl\/index.php\/dla-czlonkow-kola\/plan-polowan\/#breadcrumb"},"inLanguage":"pl-PL","potentialAction":[{"@type":"ReadAction","target":["http:\/\/www.lesnapolanaslawno.pl\/index.php\/dla-czlonkow-kola\/plan-polowan\/"]}]},{"@type":"BreadcrumbList","@id":"http:\/\/www.lesnapolanaslawno.pl\/index.php\/dla-czlonkow-kola\/plan-polowan\/#breadcrumb","itemListElement":[{"@type":"ListItem","position":1,"name":"Strona g\u0142\u00f3wna","item":"http:\/\/www.lesnapolanaslawno.pl\/"},{"@type":"ListItem","position":2,"name":"Dla Cz\u0142onk\u00f3w Ko\u0142a","item":"https:\/\/www.lesnapolanaslawno.pl\/index.php\/dla-czlonkow-kola\/"},{"@type":"ListItem","position":3,"name":"Plan Polowa\u0144"}]}]}},"_links":{"self":[{"href":"http:\/\/www.lesnapolanaslawno.pl\/index.php\/wp-json\/wp\/v2\/pages\/145"}],"collection":[{"href":"http:\/\/www.lesnapolanaslawno.pl\/index.php\/wp-json\/wp\/v2\/pages"}],"about":[{"href":"http:\/\/www.lesnapolanaslawno.pl\/index.php\/wp-json\/wp\/v2\/types\/page"}],"author":[{"embeddable":true,"href":"http:\/\/www.lesnapolanaslawno.pl\/index.php\/wp-json\/wp\/v2\/users\/1"}],"replies":[{"embeddable":true,"href":"http:\/\/www.lesnapolanaslawno.pl\/index.php\/wp-json\/wp\/v2\/comments?post=145"}],"version-history":[{"count":9,"href":"http:\/\/www.lesnapolanaslawno.pl\/index.php\/wp-json\/wp\/v2\/pages\/145\/revisions"}],"predecessor-version":[{"id":802,"href":"http:\/\/www.lesnapolanaslawno.pl\/index.php\/wp-json\/wp\/v2\/pages\/145\/revisions\/802"}],"up":[{"embeddable":true,"href":"http:\/\/www.lesnapolanaslawno.pl\/index.php\/wp-json\/wp\/v2\/pages\/142"}],"wp:featuredmedia":[{"embeddable":true,"href":"http:\/\/www.lesnapolanaslawno.pl\/index.php\/wp-json\/wp\/v2\/media\/29"}],"wp:attachment":[{"href":"http:\/\/www.lesnapolanaslawno.pl\/index.php\/wp-json\/wp\/v2\/media?parent=145"}],"curies":[{"name":"wp","href":"https:\/\/api.w.org\/{rel}","templated":true}]}}