{"id":142,"date":"2016-11-30T14:32:17","date_gmt":"2016-11-30T13:32:17","guid":{"rendered":"http:\/\/www.lesnapolanaslawno.pl\/?page_id=142"},"modified":"2017-03-06T20:20:50","modified_gmt":"2017-03-06T19:20:50","slug":"dla-czlonkow-kola","status":"publish","type":"page","link":"http:\/\/www.lesnapolanaslawno.pl\/index.php\/dla-czlonkow-kola\/","title":{"rendered":"Dla Cz\u0142onk\u00f3w Ko\u0142a"},"content":{"rendered":"<h1><strong>Informacje przeznaczone wy\u0142\u0105cznie dla Cz\u0142onk\u00f3w naszego Ko\u0142a.<\/strong><\/h1>\n<p><strong>Po wybraniu w\u0142a\u015bciwej podstrony nale\u017cy wprowadzi\u0107 has\u0142o dost\u0119pu.<\/strong><\/p>\n","protected":false},"excerpt":{"rendered":"<p>Informacje przeznaczone wy\u0142\u0105cznie dla Cz\u0142onk\u00f3w naszego Ko\u0142a. Po wybraniu w\u0142a\u015bciwej podstrony nale\u017cy wprowadzi\u0107 has\u0142o dost\u0119pu.<\/p>\n","protected":false},"author":1,"featured_media":161,"parent":0,"menu_order":0,"comment_status":"closed","ping_status":"closed","template":"","meta":[],"yoast_head":"<!-- This site is optimized with the Yoast SEO plugin v17.1 - https:\/\/yoast.com\/wordpress\/plugins\/seo\/ -->\n<title>Dla Cz\u0142onk\u00f3w Ko\u0142a - Ko\u0142o \u0141owieckie &quot;Le\u015bna Polana w S\u0142awnie&quot;<\/title>\n<meta name=\"robots\" content=\"index, follow, max-snippet:-1, max-image-preview:large, max-video-preview:-1\" \/>\n<link rel=\"canonical\" href=\"https:\/\/www.lesnapolanaslawno.pl\/index.php\/dla-czlonkow-kola\/\" \/>\n<meta property=\"og:locale\" content=\"pl_PL\" \/>\n<meta property=\"og:type\" content=\"article\" \/>\n<meta property=\"og:title\" content=\"Dla Cz\u0142onk\u00f3w Ko\u0142a - Ko\u0142o \u0141owieckie &quot;Le\u015bna Polana w S\u0142awnie&quot;\" \/>\n<meta property=\"og:description\" content=\"Informacje przeznaczone wy\u0142\u0105cznie dla Cz\u0142onk\u00f3w naszego Ko\u0142a. Po wybraniu w\u0142a\u015bciwej podstrony nale\u017cy wprowadzi\u0107 has\u0142o dost\u0119pu.\" \/>\n<meta property=\"og:url\" content=\"https:\/\/www.lesnapolanaslawno.pl\/index.php\/dla-czlonkow-kola\/\" \/>\n<meta property=\"og:site_name\" content=\"Ko\u0142o \u0141owieckie &quot;Le\u015bna Polana w S\u0142awnie&quot;\" \/>\n<meta property=\"article:modified_time\" content=\"2017-03-06T19:20:50+00:00\" \/>\n<meta property=\"og:image\" content=\"http:\/\/www.lesnapolanaslawno.pl\/wp-content\/uploads\/2016\/12\/Hubert-2015-11-14-23.jpg\" \/>\n\t<meta property=\"og:image:width\" content=\"3444\" \/>\n\t<meta property=\"og:image:height\" content=\"1505\" \/>\n<meta name=\"twitter:card\" content=\"summary\" \/>\n<script type=\"application\/ld+json\" class=\"yoast-schema-graph\">{\"@context\":\"https:\/\/schema.org\",\"@graph\":[{\"@type\":\"WebSite\",\"@id\":\"http:\/\/www.lesnapolanaslawno.pl\/#website\",\"url\":\"http:\/\/www.lesnapolanaslawno.pl\/\",\"name\":\"Ko\\u0142o \\u0141owieckie &quot;Le\\u015bna Polana w S\\u0142awnie&quot;\",\"description\":\"Przybli\\u017camy tematyk\\u0119 \\u0142owieck\\u0105, informujemy cz\\u0142onk\\u00f3w ko\\u0142a o bie\\u017c\\u0105cych wydarzeniach.\",\"potentialAction\":[{\"@type\":\"SearchAction\",\"target\":{\"@type\":\"EntryPoint\",\"urlTemplate\":\"http:\/\/www.lesnapolanaslawno.pl\/?s={search_term_string}\"},\"query-input\":\"required name=search_term_string\"}],\"inLanguage\":\"pl-PL\"},{\"@type\":\"ImageObject\",\"@id\":\"https:\/\/www.lesnapolanaslawno.pl\/index.php\/dla-czlonkow-kola\/#primaryimage\",\"inLanguage\":\"pl-PL\",\"url\":\"http:\/\/www.lesnapolanaslawno.pl\/wp-content\/uploads\/2016\/12\/Hubert-2015-11-14-23.jpg\",\"contentUrl\":\"http:\/\/www.lesnapolanaslawno.pl\/wp-content\/uploads\/2016\/12\/Hubert-2015-11-14-23.jpg\",\"width\":3444,\"height\":1505,\"caption\":\"zbi\\u00f3rka my\\u015bliwych\"},{\"@type\":\"WebPage\",\"@id\":\"https:\/\/www.lesnapolanaslawno.pl\/index.php\/dla-czlonkow-kola\/#webpage\",\"url\":\"https:\/\/www.lesnapolanaslawno.pl\/index.php\/dla-czlonkow-kola\/\",\"name\":\"Dla Cz\\u0142onk\\u00f3w Ko\\u0142a - Ko\\u0142o \\u0141owieckie &quot;Le\\u015bna Polana w S\\u0142awnie&quot;\",\"isPartOf\":{\"@id\":\"http:\/\/www.lesnapolanaslawno.pl\/#website\"},\"primaryImageOfPage\":{\"@id\":\"https:\/\/www.lesnapolanaslawno.pl\/index.php\/dla-czlonkow-kola\/#primaryimage\"},\"datePublished\":\"2016-11-30T13:32:17+00:00\",\"dateModified\":\"2017-03-06T19:20:50+00:00\",\"breadcrumb\":{\"@id\":\"https:\/\/www.lesnapolanaslawno.pl\/index.php\/dla-czlonkow-kola\/#breadcrumb\"},\"inLanguage\":\"pl-PL\",\"potentialAction\":[{\"@type\":\"ReadAction\",\"target\":[\"https:\/\/www.lesnapolanaslawno.pl\/index.php\/dla-czlonkow-kola\/\"]}]},{\"@type\":\"BreadcrumbList\",\"@id\":\"https:\/\/www.lesnapolanaslawno.pl\/index.php\/dla-czlonkow-kola\/#breadcrumb\",\"itemListElement\":[{\"@type\":\"ListItem\",\"position\":1,\"name\":\"Strona g\\u0142\\u00f3wna\",\"item\":\"http:\/\/www.lesnapolanaslawno.pl\/\"},{\"@type\":\"ListItem\",\"position\":2,\"name\":\"Dla Cz\\u0142onk\\u00f3w Ko\\u0142a\"}]}]}<\/script>\n<!-- \/ Yoast SEO plugin. -->","yoast_head_json":{"title":"Dla Cz\u0142onk\u00f3w Ko\u0142a - Ko\u0142o \u0141owieckie &quot;Le\u015bna Polana w S\u0142awnie&quot;","robots":{"index":"index","follow":"follow","max-snippet":"max-snippet:-1","max-image-preview":"max-image-preview:large","max-video-preview":"max-video-preview:-1"},"canonical":"https:\/\/www.lesnapolanaslawno.pl\/index.php\/dla-czlonkow-kola\/","og_locale":"pl_PL","og_type":"article","og_title":"Dla Cz\u0142onk\u00f3w Ko\u0142a - Ko\u0142o \u0141owieckie &quot;Le\u015bna Polana w S\u0142awnie&quot;","og_description":"Informacje przeznaczone wy\u0142\u0105cznie dla Cz\u0142onk\u00f3w naszego Ko\u0142a. Po wybraniu w\u0142a\u015bciwej podstrony nale\u017cy wprowadzi\u0107 has\u0142o dost\u0119pu.","og_url":"https:\/\/www.lesnapolanaslawno.pl\/index.php\/dla-czlonkow-kola\/","og_site_name":"Ko\u0142o \u0141owieckie &quot;Le\u015bna Polana w S\u0142awnie&quot;","article_modified_time":"2017-03-06T19:20:50+00:00","og_image":[{"width":3444,"height":1505,"url":"http:\/\/www.lesnapolanaslawno.pl\/wp-content\/uploads\/2016\/12\/Hubert-2015-11-14-23.jpg","path":"\/home\/lesnapolkj\/www\/wp-content\/uploads\/2016\/12\/Hubert-2015-11-14-23.jpg","size":"full","id":161,"alt":"zbi\u00f3rka my\u015bliwych","pixels":5183220,"type":"image\/jpeg"}],"twitter_card":"summary","schema":{"@context":"https:\/\/schema.org","@graph":[{"@type":"WebSite","@id":"http:\/\/www.lesnapolanaslawno.pl\/#website","url":"http:\/\/www.lesnapolanaslawno.pl\/","name":"Ko\u0142o \u0141owieckie &quot;Le\u015bna Polana w S\u0142awnie&quot;","description":"Przybli\u017camy tematyk\u0119 \u0142owieck\u0105, informujemy cz\u0142onk\u00f3w ko\u0142a o bie\u017c\u0105cych wydarzeniach.","potentialAction":[{"@type":"SearchAction","target":{"@type":"EntryPoint","urlTemplate":"http:\/\/www.lesnapolanaslawno.pl\/?s={search_term_string}"},"query-input":"required name=search_term_string"}],"inLanguage":"pl-PL"},{"@type":"ImageObject","@id":"https:\/\/www.lesnapolanaslawno.pl\/index.php\/dla-czlonkow-kola\/#primaryimage","inLanguage":"pl-PL","url":"http:\/\/www.lesnapolanaslawno.pl\/wp-content\/uploads\/2016\/12\/Hubert-2015-11-14-23.jpg","contentUrl":"http:\/\/www.lesnapolanaslawno.pl\/wp-content\/uploads\/2016\/12\/Hubert-2015-11-14-23.jpg","width":3444,"height":1505,"caption":"zbi\u00f3rka my\u015bliwych"},{"@type":"WebPage","@id":"https:\/\/www.lesnapolanaslawno.pl\/index.php\/dla-czlonkow-kola\/#webpage","url":"https:\/\/www.lesnapolanaslawno.pl\/index.php\/dla-czlonkow-kola\/","name":"Dla Cz\u0142onk\u00f3w Ko\u0142a - Ko\u0142o \u0141owieckie &quot;Le\u015bna Polana w S\u0142awnie&quot;","isPartOf":{"@id":"http:\/\/www.lesnapolanaslawno.pl\/#website"},"primaryImageOfPage":{"@id":"https:\/\/www.lesnapolanaslawno.pl\/index.php\/dla-czlonkow-kola\/#primaryimage"},"datePublished":"2016-11-30T13:32:17+00:00","dateModified":"2017-03-06T19:20:50+00:00","breadcrumb":{"@id":"https:\/\/www.lesnapolanaslawno.pl\/index.php\/dla-czlonkow-kola\/#breadcrumb"},"inLanguage":"pl-PL","potentialAction":[{"@type":"ReadAction","target":["https:\/\/www.lesnapolanaslawno.pl\/index.php\/dla-czlonkow-kola\/"]}]},{"@type":"BreadcrumbList","@id":"https:\/\/www.lesnapolanaslawno.pl\/index.php\/dla-czlonkow-kola\/#breadcrumb","itemListElement":[{"@type":"ListItem","position":1,"name":"Strona g\u0142\u00f3wna","item":"http:\/\/www.lesnapolanaslawno.pl\/"},{"@type":"ListItem","position":2,"name":"Dla Cz\u0142onk\u00f3w Ko\u0142a"}]}]}},"_links":{"self":[{"href":"http:\/\/www.lesnapolanaslawno.pl\/index.php\/wp-json\/wp\/v2\/pages\/142"}],"collection":[{"href":"http:\/\/www.lesnapolanaslawno.pl\/index.php\/wp-json\/wp\/v2\/pages"}],"about":[{"href":"http:\/\/www.lesnapolanaslawno.pl\/index.php\/wp-json\/wp\/v2\/types\/page"}],"author":[{"embeddable":true,"href":"http:\/\/www.lesnapolanaslawno.pl\/index.php\/wp-json\/wp\/v2\/users\/1"}],"replies":[{"embeddable":true,"href":"http:\/\/www.lesnapolanaslawno.pl\/index.php\/wp-json\/wp\/v2\/comments?post=142"}],"version-history":[{"count":3,"href":"http:\/\/www.lesnapolanaslawno.pl\/index.php\/wp-json\/wp\/v2\/pages\/142\/revisions"}],"predecessor-version":[{"id":410,"href":"http:\/\/www.lesnapolanaslawno.pl\/index.php\/wp-json\/wp\/v2\/pages\/142\/revisions\/410"}],"wp:featuredmedia":[{"embeddable":true,"href":"http:\/\/www.lesnapolanaslawno.pl\/index.php\/wp-json\/wp\/v2\/media\/161"}],"wp:attachment":[{"href":"http:\/\/www.lesnapolanaslawno.pl\/index.php\/wp-json\/wp\/v2\/media?parent=142"}],"curies":[{"name":"wp","href":"https:\/\/api.w.org\/{rel}","templated":true}]}}