{"id":126,"date":"2016-11-30T14:13:15","date_gmt":"2016-11-30T13:13:15","guid":{"rendered":"http:\/\/www.lesnapolanaslawno.pl\/?page_id=126"},"modified":"2016-12-08T13:22:32","modified_gmt":"2016-12-08T12:22:32","slug":"rok-1994","status":"publish","type":"page","link":"http:\/\/www.lesnapolanaslawno.pl\/index.php\/galeria\/rok-1994\/","title":{"rendered":"Rok 1994"},"content":{"rendered":"<p>&gt; <a href=\"https:\/\/goo.gl\/photos\/pgk3NGMruepUPGJs8\" target=\"_blank\"><span style=\"text-decoration: underline;\">40 lecie Ko\u0142a<\/span><\/a><\/p>\n","protected":false},"excerpt":{"rendered":"<p>&gt; 40 lecie Ko\u0142a<\/p>\n","protected":false},"author":1,"featured_media":0,"parent":28,"menu_order":0,"comment_status":"closed","ping_status":"closed","template":"","meta":[],"yoast_head":"<!-- This site is optimized with the Yoast SEO plugin v17.1 - https:\/\/yoast.com\/wordpress\/plugins\/seo\/ -->\n<title>Rok 1994 - Ko\u0142o \u0141owieckie &quot;Le\u015bna Polana w S\u0142awnie&quot;<\/title>\n<meta name=\"robots\" content=\"index, follow, max-snippet:-1, max-image-preview:large, max-video-preview:-1\" \/>\n<link rel=\"canonical\" href=\"https:\/\/www.lesnapolanaslawno.pl\/index.php\/galeria\/rok-1994\/\" \/>\n<meta property=\"og:locale\" content=\"pl_PL\" \/>\n<meta property=\"og:type\" content=\"article\" \/>\n<meta property=\"og:title\" content=\"Rok 1994 - Ko\u0142o \u0141owieckie &quot;Le\u015bna Polana w S\u0142awnie&quot;\" \/>\n<meta property=\"og:description\" content=\"&gt; 40 lecie Ko\u0142a\" \/>\n<meta property=\"og:url\" content=\"https:\/\/www.lesnapolanaslawno.pl\/index.php\/galeria\/rok-1994\/\" \/>\n<meta property=\"og:site_name\" content=\"Ko\u0142o \u0141owieckie &quot;Le\u015bna Polana w S\u0142awnie&quot;\" \/>\n<meta property=\"article:modified_time\" content=\"2016-12-08T12:22:32+00:00\" \/>\n<meta property=\"og:image\" content=\"http:\/\/www.lesnapolanaslawno.pl\/wp-content\/uploads\/2016\/11\/cropped-18_3-krzy\u017c-\u015bw.-Huberta.jpg\" \/>\n\t<meta property=\"og:image:width\" content=\"512\" \/>\n\t<meta property=\"og:image:height\" content=\"512\" \/>\n<meta name=\"twitter:card\" content=\"summary\" \/>\n<script type=\"application\/ld+json\" class=\"yoast-schema-graph\">{\"@context\":\"https:\/\/schema.org\",\"@graph\":[{\"@type\":\"WebSite\",\"@id\":\"https:\/\/www.lesnapolanaslawno.pl\/#website\",\"url\":\"https:\/\/www.lesnapolanaslawno.pl\/\",\"name\":\"Ko\\u0142o \\u0141owieckie &quot;Le\\u015bna Polana w S\\u0142awnie&quot;\",\"description\":\"Przybli\\u017camy tematyk\\u0119 \\u0142owieck\\u0105, informujemy cz\\u0142onk\\u00f3w ko\\u0142a o bie\\u017c\\u0105cych wydarzeniach.\",\"potentialAction\":[{\"@type\":\"SearchAction\",\"target\":{\"@type\":\"EntryPoint\",\"urlTemplate\":\"https:\/\/www.lesnapolanaslawno.pl\/?s={search_term_string}\"},\"query-input\":\"required name=search_term_string\"}],\"inLanguage\":\"pl-PL\"},{\"@type\":\"WebPage\",\"@id\":\"https:\/\/www.lesnapolanaslawno.pl\/index.php\/galeria\/rok-1994\/#webpage\",\"url\":\"https:\/\/www.lesnapolanaslawno.pl\/index.php\/galeria\/rok-1994\/\",\"name\":\"Rok 1994 - Ko\\u0142o \\u0141owieckie &quot;Le\\u015bna Polana w S\\u0142awnie&quot;\",\"isPartOf\":{\"@id\":\"https:\/\/www.lesnapolanaslawno.pl\/#website\"},\"datePublished\":\"2016-11-30T13:13:15+00:00\",\"dateModified\":\"2016-12-08T12:22:32+00:00\",\"breadcrumb\":{\"@id\":\"https:\/\/www.lesnapolanaslawno.pl\/index.php\/galeria\/rok-1994\/#breadcrumb\"},\"inLanguage\":\"pl-PL\",\"potentialAction\":[{\"@type\":\"ReadAction\",\"target\":[\"https:\/\/www.lesnapolanaslawno.pl\/index.php\/galeria\/rok-1994\/\"]}]},{\"@type\":\"BreadcrumbList\",\"@id\":\"https:\/\/www.lesnapolanaslawno.pl\/index.php\/galeria\/rok-1994\/#breadcrumb\",\"itemListElement\":[{\"@type\":\"ListItem\",\"position\":1,\"name\":\"Strona g\\u0142\\u00f3wna\",\"item\":\"https:\/\/www.lesnapolanaslawno.pl\/\"},{\"@type\":\"ListItem\",\"position\":2,\"name\":\"Galeria\",\"item\":\"https:\/\/www.lesnapolanaslawno.pl\/index.php\/galeria\/\"},{\"@type\":\"ListItem\",\"position\":3,\"name\":\"Rok 1994\"}]}]}<\/script>\n<!-- \/ Yoast SEO plugin. -->","yoast_head_json":{"title":"Rok 1994 - Ko\u0142o \u0141owieckie &quot;Le\u015bna Polana w S\u0142awnie&quot;","robots":{"index":"index","follow":"follow","max-snippet":"max-snippet:-1","max-image-preview":"max-image-preview:large","max-video-preview":"max-video-preview:-1"},"canonical":"https:\/\/www.lesnapolanaslawno.pl\/index.php\/galeria\/rok-1994\/","og_locale":"pl_PL","og_type":"article","og_title":"Rok 1994 - Ko\u0142o \u0141owieckie &quot;Le\u015bna Polana w S\u0142awnie&quot;","og_description":"&gt; 40 lecie Ko\u0142a","og_url":"https:\/\/www.lesnapolanaslawno.pl\/index.php\/galeria\/rok-1994\/","og_site_name":"Ko\u0142o \u0141owieckie &quot;Le\u015bna Polana w S\u0142awnie&quot;","article_modified_time":"2016-12-08T12:22:32+00:00","og_image":[{"width":512,"height":512,"url":"http:\/\/www.lesnapolanaslawno.pl\/wp-content\/uploads\/2016\/11\/cropped-18_3-krzy\u017c-\u015bw.-Huberta.jpg","path":"\/home\/lesnapolkj\/www\/wp-content\/uploads\/2016\/11\/cropped-18_3-krzy\u017c-\u015bw.-Huberta.jpg","size":"full","id":13,"alt":"","pixels":262144,"type":"image\/jpeg"}],"twitter_card":"summary","schema":{"@context":"https:\/\/schema.org","@graph":[{"@type":"WebSite","@id":"https:\/\/www.lesnapolanaslawno.pl\/#website","url":"https:\/\/www.lesnapolanaslawno.pl\/","name":"Ko\u0142o \u0141owieckie &quot;Le\u015bna Polana w S\u0142awnie&quot;","description":"Przybli\u017camy tematyk\u0119 \u0142owieck\u0105, informujemy cz\u0142onk\u00f3w ko\u0142a o bie\u017c\u0105cych wydarzeniach.","potentialAction":[{"@type":"SearchAction","target":{"@type":"EntryPoint","urlTemplate":"https:\/\/www.lesnapolanaslawno.pl\/?s={search_term_string}"},"query-input":"required name=search_term_string"}],"inLanguage":"pl-PL"},{"@type":"WebPage","@id":"https:\/\/www.lesnapolanaslawno.pl\/index.php\/galeria\/rok-1994\/#webpage","url":"https:\/\/www.lesnapolanaslawno.pl\/index.php\/galeria\/rok-1994\/","name":"Rok 1994 - Ko\u0142o \u0141owieckie &quot;Le\u015bna Polana w S\u0142awnie&quot;","isPartOf":{"@id":"https:\/\/www.lesnapolanaslawno.pl\/#website"},"datePublished":"2016-11-30T13:13:15+00:00","dateModified":"2016-12-08T12:22:32+00:00","breadcrumb":{"@id":"https:\/\/www.lesnapolanaslawno.pl\/index.php\/galeria\/rok-1994\/#breadcrumb"},"inLanguage":"pl-PL","potentialAction":[{"@type":"ReadAction","target":["https:\/\/www.lesnapolanaslawno.pl\/index.php\/galeria\/rok-1994\/"]}]},{"@type":"BreadcrumbList","@id":"https:\/\/www.lesnapolanaslawno.pl\/index.php\/galeria\/rok-1994\/#breadcrumb","itemListElement":[{"@type":"ListItem","position":1,"name":"Strona g\u0142\u00f3wna","item":"https:\/\/www.lesnapolanaslawno.pl\/"},{"@type":"ListItem","position":2,"name":"Galeria","item":"https:\/\/www.lesnapolanaslawno.pl\/index.php\/galeria\/"},{"@type":"ListItem","position":3,"name":"Rok 1994"}]}]}},"_links":{"self":[{"href":"http:\/\/www.lesnapolanaslawno.pl\/index.php\/wp-json\/wp\/v2\/pages\/126"}],"collection":[{"href":"http:\/\/www.lesnapolanaslawno.pl\/index.php\/wp-json\/wp\/v2\/pages"}],"about":[{"href":"http:\/\/www.lesnapolanaslawno.pl\/index.php\/wp-json\/wp\/v2\/types\/page"}],"author":[{"embeddable":true,"href":"http:\/\/www.lesnapolanaslawno.pl\/index.php\/wp-json\/wp\/v2\/users\/1"}],"replies":[{"embeddable":true,"href":"http:\/\/www.lesnapolanaslawno.pl\/index.php\/wp-json\/wp\/v2\/comments?post=126"}],"version-history":[{"count":2,"href":"http:\/\/www.lesnapolanaslawno.pl\/index.php\/wp-json\/wp\/v2\/pages\/126\/revisions"}],"predecessor-version":[{"id":281,"href":"http:\/\/www.lesnapolanaslawno.pl\/index.php\/wp-json\/wp\/v2\/pages\/126\/revisions\/281"}],"up":[{"embeddable":true,"href":"http:\/\/www.lesnapolanaslawno.pl\/index.php\/wp-json\/wp\/v2\/pages\/28"}],"wp:attachment":[{"href":"http:\/\/www.lesnapolanaslawno.pl\/index.php\/wp-json\/wp\/v2\/media?parent=126"}],"curies":[{"name":"wp","href":"https:\/\/api.w.org\/{rel}","templated":true}]}}